{"id":35404,"date":"2018-12-29T16:47:00","date_gmt":"2018-12-29T07:47:00","guid":{"rendered":"https:\/\/watv.org\/home\/"},"modified":"2025-09-09T13:56:11","modified_gmt":"2025-09-09T04:56:11","slug":"home","status":"publish","type":"page","link":"https:\/\/watv.org\/de\/home\/","title":{"rendered":"GEMEINDE GOTTES DES WELTMISSIONSVEREINS Offizielle Webseite"},"content":{"rendered":"","protected":false},"excerpt":{"rendered":"Die Gemeinde Gottes glaubt gem\u00e4\u00df der Bibel an Gottvater und Gottmutter.","protected":false},"author":21,"featured_media":46444,"parent":0,"menu_order":0,"comment_status":"closed","ping_status":"closed","template":"","meta":{"footnotes":""},"class_list":["post-35404","page","type-page","status-publish","has-post-thumbnail","hentry"],"yoast_head":"<!-- This site is optimized with the Yoast SEO plugin v26.2 - https:\/\/yoast.com\/wordpress\/plugins\/seo\/ -->\n<title>GEMEINDE GOTTES DES WELTMISSIONSVEREINS Offizielle Webseite - WATV<\/title>\n<meta name=\"description\" content=\"Die Gemeinde Gottes glaubt gem\u00e4\u00df der Bibel an Gottvater und Gottmutter. Die Gemeinde Gottes verk\u00fcndet und h\u00e4ltden von Jesus eingesetzten neuen Bund ein.\" \/>\n<meta name=\"robots\" content=\"index, follow, max-snippet:-1, max-image-preview:large, max-video-preview:-1\" \/>\n<link rel=\"canonical\" href=\"https:\/\/watv.org\/de\/home\/\" \/>\n<meta property=\"og:locale\" content=\"de_DE\" \/>\n<meta property=\"og:type\" content=\"article\" \/>\n<meta property=\"og:title\" content=\"GEMEINDE GOTTES DES WELTMISSIONSVEREINS Offizielle Webseite - WATV\" \/>\n<meta property=\"og:description\" content=\"Die Gemeinde Gottes glaubt gem\u00e4\u00df der Bibel an Gottvater und Gottmutter. Die Gemeinde Gottes verk\u00fcndet und h\u00e4ltden von Jesus eingesetzten neuen Bund ein.\" \/>\n<meta property=\"og:url\" content=\"https:\/\/watv.org\/de\/home\/\" \/>\n<meta property=\"og:site_name\" content=\"GEMEINDE GOTTES DES WELTMISSIONSVEREINS\" \/>\n<meta property=\"article:modified_time\" content=\"2025-09-09T04:56:11+00:00\" \/>\n<meta property=\"og:image\" content=\"https:\/\/watv.org\/wp-content\/uploads\/2021\/11\/intro_churchofgod@2x.jpg\" \/>\n\t<meta property=\"og:image:width\" content=\"3000\" \/>\n\t<meta property=\"og:image:height\" content=\"2000\" \/>\n\t<meta property=\"og:image:type\" content=\"image\/jpeg\" \/>\n<meta name=\"twitter:card\" content=\"summary_large_image\" \/>\n<script type=\"application\/ld+json\" class=\"yoast-schema-graph\">{\"@context\":\"https:\/\/schema.org\",\"@graph\":[{\"@type\":\"WebPage\",\"@id\":\"https:\/\/watv.org\/de\/home\/\",\"url\":\"https:\/\/watv.org\/de\/home\/\",\"name\":\"GEMEINDE GOTTES DES WELTMISSIONSVEREINS Offizielle Webseite - WATV\",\"isPartOf\":{\"@id\":\"https:\/\/watv.org\/de\/#website\"},\"primaryImageOfPage\":{\"@id\":\"https:\/\/watv.org\/de\/home\/#primaryimage\"},\"image\":{\"@id\":\"https:\/\/watv.org\/de\/home\/#primaryimage\"},\"thumbnailUrl\":\"https:\/\/watv.org\/wp-content\/uploads\/2021\/11\/intro_churchofgod@2x.jpg\",\"datePublished\":\"2018-12-29T07:47:00+00:00\",\"dateModified\":\"2025-09-09T04:56:11+00:00\",\"description\":\"Die Gemeinde Gottes glaubt gem\u00e4\u00df der Bibel an Gottvater und Gottmutter. Die Gemeinde Gottes verk\u00fcndet und h\u00e4ltden von Jesus eingesetzten neuen Bund ein.\",\"breadcrumb\":{\"@id\":\"https:\/\/watv.org\/de\/home\/#breadcrumb\"},\"inLanguage\":\"de\",\"potentialAction\":[{\"@type\":\"ReadAction\",\"target\":[\"https:\/\/watv.org\/de\/home\/\"]}]},{\"@type\":\"ImageObject\",\"inLanguage\":\"de\",\"@id\":\"https:\/\/watv.org\/de\/home\/#primaryimage\",\"url\":\"https:\/\/watv.org\/wp-content\/uploads\/2021\/11\/intro_churchofgod@2x.jpg\",\"contentUrl\":\"https:\/\/watv.org\/wp-content\/uploads\/2021\/11\/intro_churchofgod@2x.jpg\",\"width\":3000,\"height\":2000},{\"@type\":\"BreadcrumbList\",\"@id\":\"https:\/\/watv.org\/de\/home\/#breadcrumb\",\"itemListElement\":[{\"@type\":\"ListItem\",\"position\":1,\"name\":\"Home\",\"item\":\"https:\/\/watv.org\/de\/\"},{\"@type\":\"ListItem\",\"position\":2,\"name\":\"GEMEINDE GOTTES DES WELTMISSIONSVEREINS Offizielle Webseite\"}]},{\"@type\":\"WebSite\",\"@id\":\"https:\/\/watv.org\/de\/#website\",\"url\":\"https:\/\/watv.org\/de\/\",\"name\":\"GEMEINDE GOTTES DES WELTMISSIONSVEREINS\",\"description\":\"With Mother\u2019s heartwarming love, we deliver eternal happiness to seven billion people in the world.\",\"publisher\":{\"@id\":\"https:\/\/watv.org\/de\/#organization\"},\"potentialAction\":[{\"@type\":\"SearchAction\",\"target\":{\"@type\":\"EntryPoint\",\"urlTemplate\":\"https:\/\/watv.org\/de\/?s={search_term_string}\"},\"query-input\":{\"@type\":\"PropertyValueSpecification\",\"valueRequired\":true,\"valueName\":\"search_term_string\"}}],\"inLanguage\":\"de\"},{\"@type\":\"Organization\",\"@id\":\"https:\/\/watv.org\/de\/#organization\",\"name\":\"World Mission Society Church of God - \ud558\ub098\ub2d8\uc758\uad50\ud68c \uc138\uacc4\ubcf5\uc74c\uc120\uad50\ud611\ud68c\",\"url\":\"https:\/\/watv.org\/de\/\",\"logo\":{\"@type\":\"ImageObject\",\"inLanguage\":\"de\",\"@id\":\"https:\/\/watv.org\/de\/#\/schema\/logo\/image\/\",\"url\":\"https:\/\/watv.org\/wp-content\/uploads\/2022\/06\/WorldMissionSociety_ChurchofGod_Symbol_Logo.png\",\"contentUrl\":\"https:\/\/watv.org\/wp-content\/uploads\/2022\/06\/WorldMissionSociety_ChurchofGod_Symbol_Logo.png\",\"width\":1001,\"height\":1331,\"caption\":\"World Mission Society Church of God - \ud558\ub098\ub2d8\uc758\uad50\ud68c \uc138\uacc4\ubcf5\uc74c\uc120\uad50\ud611\ud68c\"},\"image\":{\"@id\":\"https:\/\/watv.org\/de\/#\/schema\/logo\/image\/\"},\"sameAs\":[\"https:\/\/www.youtube.com\/channel\/UCioiBk9rS5Dv5j66hUipsuQ\"]}]}<\/script>\n<!-- \/ Yoast SEO plugin. -->","yoast_head_json":{"title":"GEMEINDE GOTTES DES WELTMISSIONSVEREINS Offizielle Webseite - WATV","description":"Die Gemeinde Gottes glaubt gem\u00e4\u00df der Bibel an Gottvater und Gottmutter. Die Gemeinde Gottes verk\u00fcndet und h\u00e4ltden von Jesus eingesetzten neuen Bund ein.","robots":{"index":"index","follow":"follow","max-snippet":"max-snippet:-1","max-image-preview":"max-image-preview:large","max-video-preview":"max-video-preview:-1"},"canonical":"https:\/\/watv.org\/de\/home\/","og_locale":"de_DE","og_type":"article","og_title":"GEMEINDE GOTTES DES WELTMISSIONSVEREINS Offizielle Webseite - WATV","og_description":"Die Gemeinde Gottes glaubt gem\u00e4\u00df der Bibel an Gottvater und Gottmutter. Die Gemeinde Gottes verk\u00fcndet und h\u00e4ltden von Jesus eingesetzten neuen Bund ein.","og_url":"https:\/\/watv.org\/de\/home\/","og_site_name":"GEMEINDE GOTTES DES WELTMISSIONSVEREINS","article_modified_time":"2025-09-09T04:56:11+00:00","og_image":[{"width":3000,"height":2000,"url":"https:\/\/watv.org\/wp-content\/uploads\/2021\/11\/intro_churchofgod@2x.jpg","type":"image\/jpeg"}],"twitter_card":"summary_large_image","schema":{"@context":"https:\/\/schema.org","@graph":[{"@type":"WebPage","@id":"https:\/\/watv.org\/de\/home\/","url":"https:\/\/watv.org\/de\/home\/","name":"GEMEINDE GOTTES DES WELTMISSIONSVEREINS Offizielle Webseite - WATV","isPartOf":{"@id":"https:\/\/watv.org\/de\/#website"},"primaryImageOfPage":{"@id":"https:\/\/watv.org\/de\/home\/#primaryimage"},"image":{"@id":"https:\/\/watv.org\/de\/home\/#primaryimage"},"thumbnailUrl":"https:\/\/watv.org\/wp-content\/uploads\/2021\/11\/intro_churchofgod@2x.jpg","datePublished":"2018-12-29T07:47:00+00:00","dateModified":"2025-09-09T04:56:11+00:00","description":"Die Gemeinde Gottes glaubt gem\u00e4\u00df der Bibel an Gottvater und Gottmutter. Die Gemeinde Gottes verk\u00fcndet und h\u00e4ltden von Jesus eingesetzten neuen Bund ein.","breadcrumb":{"@id":"https:\/\/watv.org\/de\/home\/#breadcrumb"},"inLanguage":"de","potentialAction":[{"@type":"ReadAction","target":["https:\/\/watv.org\/de\/home\/"]}]},{"@type":"ImageObject","inLanguage":"de","@id":"https:\/\/watv.org\/de\/home\/#primaryimage","url":"https:\/\/watv.org\/wp-content\/uploads\/2021\/11\/intro_churchofgod@2x.jpg","contentUrl":"https:\/\/watv.org\/wp-content\/uploads\/2021\/11\/intro_churchofgod@2x.jpg","width":3000,"height":2000},{"@type":"BreadcrumbList","@id":"https:\/\/watv.org\/de\/home\/#breadcrumb","itemListElement":[{"@type":"ListItem","position":1,"name":"Home","item":"https:\/\/watv.org\/de\/"},{"@type":"ListItem","position":2,"name":"GEMEINDE GOTTES DES WELTMISSIONSVEREINS Offizielle Webseite"}]},{"@type":"WebSite","@id":"https:\/\/watv.org\/de\/#website","url":"https:\/\/watv.org\/de\/","name":"GEMEINDE GOTTES DES WELTMISSIONSVEREINS","description":"With Mother\u2019s heartwarming love, we deliver eternal happiness to seven billion people in the world.","publisher":{"@id":"https:\/\/watv.org\/de\/#organization"},"potentialAction":[{"@type":"SearchAction","target":{"@type":"EntryPoint","urlTemplate":"https:\/\/watv.org\/de\/?s={search_term_string}"},"query-input":{"@type":"PropertyValueSpecification","valueRequired":true,"valueName":"search_term_string"}}],"inLanguage":"de"},{"@type":"Organization","@id":"https:\/\/watv.org\/de\/#organization","name":"World Mission Society Church of God - \ud558\ub098\ub2d8\uc758\uad50\ud68c \uc138\uacc4\ubcf5\uc74c\uc120\uad50\ud611\ud68c","url":"https:\/\/watv.org\/de\/","logo":{"@type":"ImageObject","inLanguage":"de","@id":"https:\/\/watv.org\/de\/#\/schema\/logo\/image\/","url":"https:\/\/watv.org\/wp-content\/uploads\/2022\/06\/WorldMissionSociety_ChurchofGod_Symbol_Logo.png","contentUrl":"https:\/\/watv.org\/wp-content\/uploads\/2022\/06\/WorldMissionSociety_ChurchofGod_Symbol_Logo.png","width":1001,"height":1331,"caption":"World Mission Society Church of God - \ud558\ub098\ub2d8\uc758\uad50\ud68c \uc138\uacc4\ubcf5\uc74c\uc120\uad50\ud611\ud68c"},"image":{"@id":"https:\/\/watv.org\/de\/#\/schema\/logo\/image\/"},"sameAs":["https:\/\/www.youtube.com\/channel\/UCioiBk9rS5Dv5j66hUipsuQ"]}]}},"_links":{"self":[{"href":"https:\/\/watv.org\/de\/wp-json\/wp\/v2\/pages\/35404","targetHints":{"allow":["GET"]}}],"collection":[{"href":"https:\/\/watv.org\/de\/wp-json\/wp\/v2\/pages"}],"about":[{"href":"https:\/\/watv.org\/de\/wp-json\/wp\/v2\/types\/page"}],"author":[{"embeddable":true,"href":"https:\/\/watv.org\/de\/wp-json\/wp\/v2\/users\/21"}],"replies":[{"embeddable":true,"href":"https:\/\/watv.org\/de\/wp-json\/wp\/v2\/comments?post=35404"}],"version-history":[{"count":5,"href":"https:\/\/watv.org\/de\/wp-json\/wp\/v2\/pages\/35404\/revisions"}],"predecessor-version":[{"id":144469,"href":"https:\/\/watv.org\/de\/wp-json\/wp\/v2\/pages\/35404\/revisions\/144469"}],"wp:featuredmedia":[{"embeddable":true,"href":"https:\/\/watv.org\/de\/wp-json\/wp\/v2\/media\/46444"}],"wp:attachment":[{"href":"https:\/\/watv.org\/de\/wp-json\/wp\/v2\/media?parent=35404"}],"curies":[{"name":"wp","href":"https:\/\/api.w.org\/{rel}","templated":true}]}}