{"id":35455,"date":"2019-01-16T14:29:40","date_gmt":"2019-01-16T05:29:40","guid":{"rendered":"https:\/\/watv.org\/activity\/partnership\/"},"modified":"2022-07-11T21:43:32","modified_gmt":"2022-07-11T12:43:32","slug":"partnership","status":"publish","type":"page","link":"https:\/\/watv.org\/de\/partnership\/","title":{"rendered":"Partnerschaft"},"content":{"rendered":"","protected":false},"excerpt":{"rendered":"Die Gemeinde Gottes arbeitet weiterhin mit der UNO, Regierungen, Gemeinden, Universit\u00e4ten und internationalen Organisationen zusammen, um die Umwelt und die Menschenrechte zu sch\u00fctzen und die SDGs der UNO umzusetzen. Mit der Liebe einer Mutter, die sich um ihre Familie k\u00fcmmert, sind wir um die globale Umwelt und die Zukunft der Menschheit besorgt und kommunizieren mit der globalen Gemeinschaft f\u00fcr eine hoffnungsvolle Zukunft und nachhaltige Entwicklung.\r\n","protected":false},"author":21,"featured_media":3749,"parent":35449,"menu_order":6,"comment_status":"closed","ping_status":"closed","template":"","meta":{"footnotes":""},"class_list":["post-35455","page","type-page","status-publish","has-post-thumbnail","hentry"],"yoast_head":"<!-- This site is optimized with the Yoast SEO plugin v27.4 - https:\/\/yoast.com\/product\/yoast-seo-wordpress\/ -->\n<title>Partnerschaft - GEMEINDE GOTTES DES WELTMISSIONSVEREINS<\/title>\n<meta name=\"robots\" content=\"index, follow, max-snippet:-1, max-image-preview:large, max-video-preview:-1\" \/>\n<link rel=\"canonical\" href=\"https:\/\/watv.org\/de\/partnership\/\" \/>\n<meta property=\"og:locale\" content=\"de_DE\" \/>\n<meta property=\"og:type\" content=\"article\" \/>\n<meta property=\"og:title\" content=\"Partnerschaft - GEMEINDE GOTTES DES WELTMISSIONSVEREINS\" \/>\n<meta property=\"og:description\" content=\"Die Gemeinde Gottes arbeitet weiterhin mit der UNO, Regierungen, Gemeinden, Universit\u00e4ten und internationalen Organisationen zusammen, um die Umwelt und die Menschenrechte zu sch\u00fctzen und die SDGs der UNO umzusetzen. Mit der Liebe einer Mutter, die sich um ihre Familie k\u00fcmmert, sind wir um die globale Umwelt und die Zukunft der Menschheit besorgt und kommunizieren mit der globalen Gemeinschaft f\u00fcr eine hoffnungsvolle Zukunft und nachhaltige Entwicklung.\" \/>\n<meta property=\"og:url\" content=\"https:\/\/watv.org\/de\/partnership\/\" \/>\n<meta property=\"og:site_name\" content=\"GEMEINDE GOTTES DES WELTMISSIONSVEREINS\" \/>\n<meta property=\"article:modified_time\" content=\"2022-07-11T12:43:32+00:00\" \/>\n<meta property=\"og:image\" content=\"https:\/\/watv.org\/wp-content\/uploads\/2019\/03\/visual6_11@2x.jpg\" \/>\n\t<meta property=\"og:image:width\" content=\"3200\" \/>\n\t<meta property=\"og:image:height\" content=\"1000\" \/>\n\t<meta property=\"og:image:type\" content=\"image\/jpeg\" \/>\n<meta name=\"twitter:card\" content=\"summary_large_image\" \/>\n<script type=\"application\/ld+json\" class=\"yoast-schema-graph\">{\"@context\":\"https:\\\/\\\/schema.org\",\"@graph\":[{\"@type\":\"WebPage\",\"@id\":\"https:\\\/\\\/watv.org\\\/de\\\/partnership\\\/\",\"url\":\"https:\\\/\\\/watv.org\\\/de\\\/partnership\\\/\",\"name\":\"Partnerschaft - GEMEINDE GOTTES DES WELTMISSIONSVEREINS\",\"isPartOf\":{\"@id\":\"https:\\\/\\\/watv.org\\\/de\\\/#website\"},\"primaryImageOfPage\":{\"@id\":\"https:\\\/\\\/watv.org\\\/de\\\/partnership\\\/#primaryimage\"},\"image\":{\"@id\":\"https:\\\/\\\/watv.org\\\/de\\\/partnership\\\/#primaryimage\"},\"thumbnailUrl\":\"https:\\\/\\\/watv.org\\\/wp-content\\\/uploads\\\/2019\\\/03\\\/visual6_11@2x.jpg\",\"datePublished\":\"2019-01-16T05:29:40+00:00\",\"dateModified\":\"2022-07-11T12:43:32+00:00\",\"breadcrumb\":{\"@id\":\"https:\\\/\\\/watv.org\\\/de\\\/partnership\\\/#breadcrumb\"},\"inLanguage\":\"de\",\"potentialAction\":[{\"@type\":\"ReadAction\",\"target\":[\"https:\\\/\\\/watv.org\\\/de\\\/partnership\\\/\"]}]},{\"@type\":\"ImageObject\",\"inLanguage\":\"de\",\"@id\":\"https:\\\/\\\/watv.org\\\/de\\\/partnership\\\/#primaryimage\",\"url\":\"https:\\\/\\\/watv.org\\\/wp-content\\\/uploads\\\/2019\\\/03\\\/visual6_11@2x.jpg\",\"contentUrl\":\"https:\\\/\\\/watv.org\\\/wp-content\\\/uploads\\\/2019\\\/03\\\/visual6_11@2x.jpg\",\"width\":3200,\"height\":1000},{\"@type\":\"BreadcrumbList\",\"@id\":\"https:\\\/\\\/watv.org\\\/de\\\/partnership\\\/#breadcrumb\",\"itemListElement\":[{\"@type\":\"ListItem\",\"position\":1,\"name\":\"Home\",\"item\":\"https:\\\/\\\/watv.org\\\/de\\\/\"},{\"@type\":\"ListItem\",\"position\":2,\"name\":\"Aktivit\u00e4ten\",\"item\":\"https:\\\/\\\/watv.org\\\/de\\\/activity\\\/\"},{\"@type\":\"ListItem\",\"position\":3,\"name\":\"Partnerschaft\"}]},{\"@type\":\"WebSite\",\"@id\":\"https:\\\/\\\/watv.org\\\/de\\\/#website\",\"url\":\"https:\\\/\\\/watv.org\\\/de\\\/\",\"name\":\"GEMEINDE GOTTES DES WELTMISSIONSVEREINS\",\"description\":\"With Mother\u2019s heartwarming love, we deliver eternal happiness to seven billion people in the world.\",\"publisher\":{\"@id\":\"https:\\\/\\\/watv.org\\\/de\\\/#organization\"},\"potentialAction\":[{\"@type\":\"SearchAction\",\"target\":{\"@type\":\"EntryPoint\",\"urlTemplate\":\"https:\\\/\\\/watv.org\\\/de\\\/?s={search_term_string}\"},\"query-input\":{\"@type\":\"PropertyValueSpecification\",\"valueRequired\":true,\"valueName\":\"search_term_string\"}}],\"inLanguage\":\"de\"},{\"@type\":\"Organization\",\"@id\":\"https:\\\/\\\/watv.org\\\/de\\\/#organization\",\"name\":\"World Mission Society Church of God - \ud558\ub098\ub2d8\uc758\uad50\ud68c \uc138\uacc4\ubcf5\uc74c\uc120\uad50\ud611\ud68c\",\"url\":\"https:\\\/\\\/watv.org\\\/de\\\/\",\"logo\":{\"@type\":\"ImageObject\",\"inLanguage\":\"de\",\"@id\":\"https:\\\/\\\/watv.org\\\/de\\\/#\\\/schema\\\/logo\\\/image\\\/\",\"url\":\"https:\\\/\\\/watv.org\\\/wp-content\\\/uploads\\\/2022\\\/06\\\/WorldMissionSociety_ChurchofGod_Symbol_Logo.png\",\"contentUrl\":\"https:\\\/\\\/watv.org\\\/wp-content\\\/uploads\\\/2022\\\/06\\\/WorldMissionSociety_ChurchofGod_Symbol_Logo.png\",\"width\":1001,\"height\":1331,\"caption\":\"World Mission Society Church of God - \ud558\ub098\ub2d8\uc758\uad50\ud68c \uc138\uacc4\ubcf5\uc74c\uc120\uad50\ud611\ud68c\"},\"image\":{\"@id\":\"https:\\\/\\\/watv.org\\\/de\\\/#\\\/schema\\\/logo\\\/image\\\/\"},\"sameAs\":[\"https:\\\/\\\/www.youtube.com\\\/channel\\\/UCioiBk9rS5Dv5j66hUipsuQ\"]}]}<\/script>\n<!-- \/ Yoast SEO plugin. -->","yoast_head_json":{"title":"Partnerschaft - GEMEINDE GOTTES DES WELTMISSIONSVEREINS","robots":{"index":"index","follow":"follow","max-snippet":"max-snippet:-1","max-image-preview":"max-image-preview:large","max-video-preview":"max-video-preview:-1"},"canonical":"https:\/\/watv.org\/de\/partnership\/","og_locale":"de_DE","og_type":"article","og_title":"Partnerschaft - GEMEINDE GOTTES DES WELTMISSIONSVEREINS","og_description":"Die Gemeinde Gottes arbeitet weiterhin mit der UNO, Regierungen, Gemeinden, Universit\u00e4ten und internationalen Organisationen zusammen, um die Umwelt und die Menschenrechte zu sch\u00fctzen und die SDGs der UNO umzusetzen. Mit der Liebe einer Mutter, die sich um ihre Familie k\u00fcmmert, sind wir um die globale Umwelt und die Zukunft der Menschheit besorgt und kommunizieren mit der globalen Gemeinschaft f\u00fcr eine hoffnungsvolle Zukunft und nachhaltige Entwicklung.","og_url":"https:\/\/watv.org\/de\/partnership\/","og_site_name":"GEMEINDE GOTTES DES WELTMISSIONSVEREINS","article_modified_time":"2022-07-11T12:43:32+00:00","og_image":[{"width":3200,"height":1000,"url":"https:\/\/watv.org\/wp-content\/uploads\/2019\/03\/visual6_11@2x.jpg","type":"image\/jpeg"}],"twitter_card":"summary_large_image","schema":{"@context":"https:\/\/schema.org","@graph":[{"@type":"WebPage","@id":"https:\/\/watv.org\/de\/partnership\/","url":"https:\/\/watv.org\/de\/partnership\/","name":"Partnerschaft - GEMEINDE GOTTES DES WELTMISSIONSVEREINS","isPartOf":{"@id":"https:\/\/watv.org\/de\/#website"},"primaryImageOfPage":{"@id":"https:\/\/watv.org\/de\/partnership\/#primaryimage"},"image":{"@id":"https:\/\/watv.org\/de\/partnership\/#primaryimage"},"thumbnailUrl":"https:\/\/watv.org\/wp-content\/uploads\/2019\/03\/visual6_11@2x.jpg","datePublished":"2019-01-16T05:29:40+00:00","dateModified":"2022-07-11T12:43:32+00:00","breadcrumb":{"@id":"https:\/\/watv.org\/de\/partnership\/#breadcrumb"},"inLanguage":"de","potentialAction":[{"@type":"ReadAction","target":["https:\/\/watv.org\/de\/partnership\/"]}]},{"@type":"ImageObject","inLanguage":"de","@id":"https:\/\/watv.org\/de\/partnership\/#primaryimage","url":"https:\/\/watv.org\/wp-content\/uploads\/2019\/03\/visual6_11@2x.jpg","contentUrl":"https:\/\/watv.org\/wp-content\/uploads\/2019\/03\/visual6_11@2x.jpg","width":3200,"height":1000},{"@type":"BreadcrumbList","@id":"https:\/\/watv.org\/de\/partnership\/#breadcrumb","itemListElement":[{"@type":"ListItem","position":1,"name":"Home","item":"https:\/\/watv.org\/de\/"},{"@type":"ListItem","position":2,"name":"Aktivit\u00e4ten","item":"https:\/\/watv.org\/de\/activity\/"},{"@type":"ListItem","position":3,"name":"Partnerschaft"}]},{"@type":"WebSite","@id":"https:\/\/watv.org\/de\/#website","url":"https:\/\/watv.org\/de\/","name":"GEMEINDE GOTTES DES WELTMISSIONSVEREINS","description":"With Mother\u2019s heartwarming love, we deliver eternal happiness to seven billion people in the world.","publisher":{"@id":"https:\/\/watv.org\/de\/#organization"},"potentialAction":[{"@type":"SearchAction","target":{"@type":"EntryPoint","urlTemplate":"https:\/\/watv.org\/de\/?s={search_term_string}"},"query-input":{"@type":"PropertyValueSpecification","valueRequired":true,"valueName":"search_term_string"}}],"inLanguage":"de"},{"@type":"Organization","@id":"https:\/\/watv.org\/de\/#organization","name":"World Mission Society Church of God - \ud558\ub098\ub2d8\uc758\uad50\ud68c \uc138\uacc4\ubcf5\uc74c\uc120\uad50\ud611\ud68c","url":"https:\/\/watv.org\/de\/","logo":{"@type":"ImageObject","inLanguage":"de","@id":"https:\/\/watv.org\/de\/#\/schema\/logo\/image\/","url":"https:\/\/watv.org\/wp-content\/uploads\/2022\/06\/WorldMissionSociety_ChurchofGod_Symbol_Logo.png","contentUrl":"https:\/\/watv.org\/wp-content\/uploads\/2022\/06\/WorldMissionSociety_ChurchofGod_Symbol_Logo.png","width":1001,"height":1331,"caption":"World Mission Society Church of God - \ud558\ub098\ub2d8\uc758\uad50\ud68c \uc138\uacc4\ubcf5\uc74c\uc120\uad50\ud611\ud68c"},"image":{"@id":"https:\/\/watv.org\/de\/#\/schema\/logo\/image\/"},"sameAs":["https:\/\/www.youtube.com\/channel\/UCioiBk9rS5Dv5j66hUipsuQ"]}]}},"_links":{"self":[{"href":"https:\/\/watv.org\/de\/wp-json\/wp\/v2\/pages\/35455","targetHints":{"allow":["GET"]}}],"collection":[{"href":"https:\/\/watv.org\/de\/wp-json\/wp\/v2\/pages"}],"about":[{"href":"https:\/\/watv.org\/de\/wp-json\/wp\/v2\/types\/page"}],"author":[{"embeddable":true,"href":"https:\/\/watv.org\/de\/wp-json\/wp\/v2\/users\/21"}],"replies":[{"embeddable":true,"href":"https:\/\/watv.org\/de\/wp-json\/wp\/v2\/comments?post=35455"}],"version-history":[{"count":3,"href":"https:\/\/watv.org\/de\/wp-json\/wp\/v2\/pages\/35455\/revisions"}],"predecessor-version":[{"id":65866,"href":"https:\/\/watv.org\/de\/wp-json\/wp\/v2\/pages\/35455\/revisions\/65866"}],"up":[{"embeddable":true,"href":"https:\/\/watv.org\/de\/wp-json\/wp\/v2\/pages\/35449"}],"wp:featuredmedia":[{"embeddable":true,"href":"https:\/\/watv.org\/de\/wp-json\/wp\/v2\/media\/3749"}],"wp:attachment":[{"href":"https:\/\/watv.org\/de\/wp-json\/wp\/v2\/media?parent=35455"}],"curies":[{"name":"wp","href":"https:\/\/api.w.org\/{rel}","templated":true}]}}