{"id":35552,"date":"2019-01-16T14:51:02","date_gmt":"2019-01-16T05:51:02","guid":{"rendered":"https:\/\/watv.org\/world\/overseas-visiting-group\/"},"modified":"2022-06-27T20:25:06","modified_gmt":"2022-06-27T11:25:06","slug":"overseas-visiting-group","status":"publish","type":"page","link":"https:\/\/watv.org\/de\/overseas-visiting-group\/","title":{"rendered":"Besuchergruppe mit Mitgliedern aus \u00dcbersee"},"content":{"rendered":"","protected":false},"excerpt":{"rendered":"Treffen mit Gottmutter","protected":false},"author":21,"featured_media":62371,"parent":35544,"menu_order":9,"comment_status":"closed","ping_status":"closed","template":"","meta":{"footnotes":""},"class_list":["post-35552","page","type-page","status-publish","has-post-thumbnail","hentry"],"yoast_head":"<!-- This site is optimized with the Yoast SEO plugin v26.2 - https:\/\/yoast.com\/wordpress\/plugins\/seo\/ -->\n<title>Besuchergruppe mit Mitgliedern aus \u00dcbersee - GEMEINDE GOTTES DES WELTMISSIONSVEREINS<\/title>\n<meta name=\"description\" content=\"Besuchsgruppen aus \u00dcbersee besuchen Korea, um sich mit Gottmutter zu treffen.Ihre L\u00e4nder, Sprachen und Kulturen sind unterschiedlich, aber sie sind die geistliche Familie;sie werden ein Herz und eine Seele in der Liebe der Mutter.\" \/>\n<meta name=\"robots\" content=\"index, follow, max-snippet:-1, max-image-preview:large, max-video-preview:-1\" \/>\n<link rel=\"canonical\" href=\"https:\/\/watv.org\/de\/overseas-visiting-group\/\" \/>\n<meta property=\"og:locale\" content=\"de_DE\" \/>\n<meta property=\"og:type\" content=\"article\" \/>\n<meta property=\"og:title\" content=\"Besuchergruppe mit Mitgliedern aus \u00dcbersee - GEMEINDE GOTTES DES WELTMISSIONSVEREINS\" \/>\n<meta property=\"og:description\" content=\"Besuchsgruppen aus \u00dcbersee besuchen Korea, um sich mit Gottmutter zu treffen.Ihre L\u00e4nder, Sprachen und Kulturen sind unterschiedlich, aber sie sind die geistliche Familie;sie werden ein Herz und eine Seele in der Liebe der Mutter.\" \/>\n<meta property=\"og:url\" content=\"https:\/\/watv.org\/de\/overseas-visiting-group\/\" \/>\n<meta property=\"og:site_name\" content=\"GEMEINDE GOTTES DES WELTMISSIONSVEREINS\" \/>\n<meta property=\"article:modified_time\" content=\"2022-06-27T11:25:06+00:00\" \/>\n<meta property=\"og:image\" content=\"https:\/\/watv.org\/wp-content\/uploads\/2022\/06\/image-1.jpeg\" \/>\n\t<meta property=\"og:image:width\" content=\"1140\" \/>\n\t<meta property=\"og:image:height\" content=\"712\" \/>\n\t<meta property=\"og:image:type\" content=\"image\/jpeg\" \/>\n<meta name=\"twitter:card\" content=\"summary_large_image\" \/>\n<script type=\"application\/ld+json\" class=\"yoast-schema-graph\">{\"@context\":\"https:\/\/schema.org\",\"@graph\":[{\"@type\":\"WebPage\",\"@id\":\"https:\/\/watv.org\/de\/overseas-visiting-group\/\",\"url\":\"https:\/\/watv.org\/de\/overseas-visiting-group\/\",\"name\":\"Besuchergruppe mit Mitgliedern aus \u00dcbersee - GEMEINDE GOTTES DES WELTMISSIONSVEREINS\",\"isPartOf\":{\"@id\":\"https:\/\/watv.org\/de\/#website\"},\"primaryImageOfPage\":{\"@id\":\"https:\/\/watv.org\/de\/overseas-visiting-group\/#primaryimage\"},\"image\":{\"@id\":\"https:\/\/watv.org\/de\/overseas-visiting-group\/#primaryimage\"},\"thumbnailUrl\":\"https:\/\/watv.org\/wp-content\/uploads\/2022\/06\/image-1.jpeg\",\"datePublished\":\"2019-01-16T05:51:02+00:00\",\"dateModified\":\"2022-06-27T11:25:06+00:00\",\"description\":\"Besuchsgruppen aus \u00dcbersee besuchen Korea, um sich mit Gottmutter zu treffen.Ihre L\u00e4nder, Sprachen und Kulturen sind unterschiedlich, aber sie sind die geistliche Familie;sie werden ein Herz und eine Seele in der Liebe der Mutter.\",\"breadcrumb\":{\"@id\":\"https:\/\/watv.org\/de\/overseas-visiting-group\/#breadcrumb\"},\"inLanguage\":\"de\",\"potentialAction\":[{\"@type\":\"ReadAction\",\"target\":[\"https:\/\/watv.org\/de\/overseas-visiting-group\/\"]}]},{\"@type\":\"ImageObject\",\"inLanguage\":\"de\",\"@id\":\"https:\/\/watv.org\/de\/overseas-visiting-group\/#primaryimage\",\"url\":\"https:\/\/watv.org\/wp-content\/uploads\/2022\/06\/image-1.jpeg\",\"contentUrl\":\"https:\/\/watv.org\/wp-content\/uploads\/2022\/06\/image-1.jpeg\",\"width\":1140,\"height\":712},{\"@type\":\"BreadcrumbList\",\"@id\":\"https:\/\/watv.org\/de\/overseas-visiting-group\/#breadcrumb\",\"itemListElement\":[{\"@type\":\"ListItem\",\"position\":1,\"name\":\"Home\",\"item\":\"https:\/\/watv.org\/de\/\"},{\"@type\":\"ListItem\",\"position\":2,\"name\":\"Weltevangelisation\",\"item\":\"https:\/\/watv.org\/de\/world\/\"},{\"@type\":\"ListItem\",\"position\":3,\"name\":\"Besuchergruppe mit Mitgliedern aus \u00dcbersee\"}]},{\"@type\":\"WebSite\",\"@id\":\"https:\/\/watv.org\/de\/#website\",\"url\":\"https:\/\/watv.org\/de\/\",\"name\":\"GEMEINDE GOTTES DES WELTMISSIONSVEREINS\",\"description\":\"With Mother\u2019s heartwarming love, we deliver eternal happiness to seven billion people in the world.\",\"publisher\":{\"@id\":\"https:\/\/watv.org\/de\/#organization\"},\"potentialAction\":[{\"@type\":\"SearchAction\",\"target\":{\"@type\":\"EntryPoint\",\"urlTemplate\":\"https:\/\/watv.org\/de\/?s={search_term_string}\"},\"query-input\":{\"@type\":\"PropertyValueSpecification\",\"valueRequired\":true,\"valueName\":\"search_term_string\"}}],\"inLanguage\":\"de\"},{\"@type\":\"Organization\",\"@id\":\"https:\/\/watv.org\/de\/#organization\",\"name\":\"World Mission Society Church of God - \ud558\ub098\ub2d8\uc758\uad50\ud68c \uc138\uacc4\ubcf5\uc74c\uc120\uad50\ud611\ud68c\",\"url\":\"https:\/\/watv.org\/de\/\",\"logo\":{\"@type\":\"ImageObject\",\"inLanguage\":\"de\",\"@id\":\"https:\/\/watv.org\/de\/#\/schema\/logo\/image\/\",\"url\":\"https:\/\/watv.org\/wp-content\/uploads\/2022\/06\/WorldMissionSociety_ChurchofGod_Symbol_Logo.png\",\"contentUrl\":\"https:\/\/watv.org\/wp-content\/uploads\/2022\/06\/WorldMissionSociety_ChurchofGod_Symbol_Logo.png\",\"width\":1001,\"height\":1331,\"caption\":\"World Mission Society Church of God - \ud558\ub098\ub2d8\uc758\uad50\ud68c \uc138\uacc4\ubcf5\uc74c\uc120\uad50\ud611\ud68c\"},\"image\":{\"@id\":\"https:\/\/watv.org\/de\/#\/schema\/logo\/image\/\"},\"sameAs\":[\"https:\/\/www.youtube.com\/channel\/UCioiBk9rS5Dv5j66hUipsuQ\"]}]}<\/script>\n<!-- \/ Yoast SEO plugin. -->","yoast_head_json":{"title":"Besuchergruppe mit Mitgliedern aus \u00dcbersee - GEMEINDE GOTTES DES WELTMISSIONSVEREINS","description":"Besuchsgruppen aus \u00dcbersee besuchen Korea, um sich mit Gottmutter zu treffen.Ihre L\u00e4nder, Sprachen und Kulturen sind unterschiedlich, aber sie sind die geistliche Familie;sie werden ein Herz und eine Seele in der Liebe der Mutter.","robots":{"index":"index","follow":"follow","max-snippet":"max-snippet:-1","max-image-preview":"max-image-preview:large","max-video-preview":"max-video-preview:-1"},"canonical":"https:\/\/watv.org\/de\/overseas-visiting-group\/","og_locale":"de_DE","og_type":"article","og_title":"Besuchergruppe mit Mitgliedern aus \u00dcbersee - GEMEINDE GOTTES DES WELTMISSIONSVEREINS","og_description":"Besuchsgruppen aus \u00dcbersee besuchen Korea, um sich mit Gottmutter zu treffen.Ihre L\u00e4nder, Sprachen und Kulturen sind unterschiedlich, aber sie sind die geistliche Familie;sie werden ein Herz und eine Seele in der Liebe der Mutter.","og_url":"https:\/\/watv.org\/de\/overseas-visiting-group\/","og_site_name":"GEMEINDE GOTTES DES WELTMISSIONSVEREINS","article_modified_time":"2022-06-27T11:25:06+00:00","og_image":[{"width":1140,"height":712,"url":"https:\/\/watv.org\/wp-content\/uploads\/2022\/06\/image-1.jpeg","type":"image\/jpeg"}],"twitter_card":"summary_large_image","schema":{"@context":"https:\/\/schema.org","@graph":[{"@type":"WebPage","@id":"https:\/\/watv.org\/de\/overseas-visiting-group\/","url":"https:\/\/watv.org\/de\/overseas-visiting-group\/","name":"Besuchergruppe mit Mitgliedern aus \u00dcbersee - GEMEINDE GOTTES DES WELTMISSIONSVEREINS","isPartOf":{"@id":"https:\/\/watv.org\/de\/#website"},"primaryImageOfPage":{"@id":"https:\/\/watv.org\/de\/overseas-visiting-group\/#primaryimage"},"image":{"@id":"https:\/\/watv.org\/de\/overseas-visiting-group\/#primaryimage"},"thumbnailUrl":"https:\/\/watv.org\/wp-content\/uploads\/2022\/06\/image-1.jpeg","datePublished":"2019-01-16T05:51:02+00:00","dateModified":"2022-06-27T11:25:06+00:00","description":"Besuchsgruppen aus \u00dcbersee besuchen Korea, um sich mit Gottmutter zu treffen.Ihre L\u00e4nder, Sprachen und Kulturen sind unterschiedlich, aber sie sind die geistliche Familie;sie werden ein Herz und eine Seele in der Liebe der Mutter.","breadcrumb":{"@id":"https:\/\/watv.org\/de\/overseas-visiting-group\/#breadcrumb"},"inLanguage":"de","potentialAction":[{"@type":"ReadAction","target":["https:\/\/watv.org\/de\/overseas-visiting-group\/"]}]},{"@type":"ImageObject","inLanguage":"de","@id":"https:\/\/watv.org\/de\/overseas-visiting-group\/#primaryimage","url":"https:\/\/watv.org\/wp-content\/uploads\/2022\/06\/image-1.jpeg","contentUrl":"https:\/\/watv.org\/wp-content\/uploads\/2022\/06\/image-1.jpeg","width":1140,"height":712},{"@type":"BreadcrumbList","@id":"https:\/\/watv.org\/de\/overseas-visiting-group\/#breadcrumb","itemListElement":[{"@type":"ListItem","position":1,"name":"Home","item":"https:\/\/watv.org\/de\/"},{"@type":"ListItem","position":2,"name":"Weltevangelisation","item":"https:\/\/watv.org\/de\/world\/"},{"@type":"ListItem","position":3,"name":"Besuchergruppe mit Mitgliedern aus \u00dcbersee"}]},{"@type":"WebSite","@id":"https:\/\/watv.org\/de\/#website","url":"https:\/\/watv.org\/de\/","name":"GEMEINDE GOTTES DES WELTMISSIONSVEREINS","description":"With Mother\u2019s heartwarming love, we deliver eternal happiness to seven billion people in the world.","publisher":{"@id":"https:\/\/watv.org\/de\/#organization"},"potentialAction":[{"@type":"SearchAction","target":{"@type":"EntryPoint","urlTemplate":"https:\/\/watv.org\/de\/?s={search_term_string}"},"query-input":{"@type":"PropertyValueSpecification","valueRequired":true,"valueName":"search_term_string"}}],"inLanguage":"de"},{"@type":"Organization","@id":"https:\/\/watv.org\/de\/#organization","name":"World Mission Society Church of God - \ud558\ub098\ub2d8\uc758\uad50\ud68c \uc138\uacc4\ubcf5\uc74c\uc120\uad50\ud611\ud68c","url":"https:\/\/watv.org\/de\/","logo":{"@type":"ImageObject","inLanguage":"de","@id":"https:\/\/watv.org\/de\/#\/schema\/logo\/image\/","url":"https:\/\/watv.org\/wp-content\/uploads\/2022\/06\/WorldMissionSociety_ChurchofGod_Symbol_Logo.png","contentUrl":"https:\/\/watv.org\/wp-content\/uploads\/2022\/06\/WorldMissionSociety_ChurchofGod_Symbol_Logo.png","width":1001,"height":1331,"caption":"World Mission Society Church of God - \ud558\ub098\ub2d8\uc758\uad50\ud68c \uc138\uacc4\ubcf5\uc74c\uc120\uad50\ud611\ud68c"},"image":{"@id":"https:\/\/watv.org\/de\/#\/schema\/logo\/image\/"},"sameAs":["https:\/\/www.youtube.com\/channel\/UCioiBk9rS5Dv5j66hUipsuQ"]}]}},"_links":{"self":[{"href":"https:\/\/watv.org\/de\/wp-json\/wp\/v2\/pages\/35552","targetHints":{"allow":["GET"]}}],"collection":[{"href":"https:\/\/watv.org\/de\/wp-json\/wp\/v2\/pages"}],"about":[{"href":"https:\/\/watv.org\/de\/wp-json\/wp\/v2\/types\/page"}],"author":[{"embeddable":true,"href":"https:\/\/watv.org\/de\/wp-json\/wp\/v2\/users\/21"}],"replies":[{"embeddable":true,"href":"https:\/\/watv.org\/de\/wp-json\/wp\/v2\/comments?post=35552"}],"version-history":[{"count":3,"href":"https:\/\/watv.org\/de\/wp-json\/wp\/v2\/pages\/35552\/revisions"}],"predecessor-version":[{"id":62858,"href":"https:\/\/watv.org\/de\/wp-json\/wp\/v2\/pages\/35552\/revisions\/62858"}],"up":[{"embeddable":true,"href":"https:\/\/watv.org\/de\/wp-json\/wp\/v2\/pages\/35544"}],"wp:featuredmedia":[{"embeddable":true,"href":"https:\/\/watv.org\/de\/wp-json\/wp\/v2\/media\/62371"}],"wp:attachment":[{"href":"https:\/\/watv.org\/de\/wp-json\/wp\/v2\/media?parent=35552"}],"curies":[{"name":"wp","href":"https:\/\/api.w.org\/{rel}","templated":true}]}}