{"id":161973,"date":"2025-10-28T09:29:49","date_gmt":"2025-10-28T00:29:49","guid":{"rendered":"https:\/\/watv.org\/truth\/truth-of-life\/"},"modified":"2026-01-20T11:46:17","modified_gmt":"2026-01-20T02:46:17","slug":"truth-of-life","status":"publish","type":"page","link":"https:\/\/watv.org\/es\/truth\/truth-of-life\/","title":{"rendered":"Verdad de vida"},"content":{"rendered":"","protected":false},"excerpt":{"rendered":"\u00bfPor qu\u00e9 la Iglesia de Dios guarda la Pascua y rinde culto el s\u00e1bado como el D\u00eda de Reposo? <br>\r\n\u00bfPor qu\u00e9 creen no solo en Dios Padre sino tambi\u00e9n en Dios Madre? <br>\r\nCompru\u00e9belo directamente en las Escrituras.","protected":false},"author":21,"featured_media":0,"parent":5702,"menu_order":0,"comment_status":"closed","ping_status":"closed","template":"","meta":{"footnotes":""},"class_list":["post-161973","page","type-page","status-publish","hentry"],"yoast_head":"<!-- This site is optimized with the Yoast SEO plugin v26.2 - https:\/\/yoast.com\/wordpress\/plugins\/seo\/ -->\n<title>Verdad de vida - Iglesia de Dios Sociedad Misionera Mundial<\/title>\n<meta name=\"robots\" content=\"index, follow, max-snippet:-1, max-image-preview:large, max-video-preview:-1\" \/>\n<link rel=\"canonical\" href=\"https:\/\/watv.org\/es\/truth\/truth-of-life\/\" \/>\n<meta property=\"og:locale\" content=\"es_ES\" \/>\n<meta property=\"og:type\" content=\"article\" \/>\n<meta property=\"og:title\" content=\"Verdad de vida - Iglesia de Dios Sociedad Misionera Mundial\" \/>\n<meta property=\"og:description\" content=\"\u00bfPor qu\u00e9 la Iglesia de Dios guarda la Pascua y rinde culto el s\u00e1bado como el D\u00eda de Reposo?  \u00bfPor qu\u00e9 creen no solo en Dios Padre sino tambi\u00e9n en Dios Madre?  Compru\u00e9belo directamente en las Escrituras.\" \/>\n<meta property=\"og:url\" content=\"https:\/\/watv.org\/es\/truth\/truth-of-life\/\" \/>\n<meta property=\"og:site_name\" content=\"Iglesia de Dios Sociedad Misionera Mundial\" \/>\n<meta property=\"article:modified_time\" content=\"2026-01-20T02:46:17+00:00\" \/>\n<meta name=\"twitter:card\" content=\"summary_large_image\" \/>\n<script type=\"application\/ld+json\" class=\"yoast-schema-graph\">{\"@context\":\"https:\/\/schema.org\",\"@graph\":[{\"@type\":\"WebPage\",\"@id\":\"https:\/\/watv.org\/es\/truth\/truth-of-life\/\",\"url\":\"https:\/\/watv.org\/es\/truth\/truth-of-life\/\",\"name\":\"Verdad de vida - Iglesia de Dios Sociedad Misionera Mundial\",\"isPartOf\":{\"@id\":\"https:\/\/watv.org\/es\/#website\"},\"datePublished\":\"2025-10-28T00:29:49+00:00\",\"dateModified\":\"2026-01-20T02:46:17+00:00\",\"breadcrumb\":{\"@id\":\"https:\/\/watv.org\/es\/truth\/truth-of-life\/#breadcrumb\"},\"inLanguage\":\"es\",\"potentialAction\":[{\"@type\":\"ReadAction\",\"target\":[\"https:\/\/watv.org\/es\/truth\/truth-of-life\/\"]}]},{\"@type\":\"BreadcrumbList\",\"@id\":\"https:\/\/watv.org\/es\/truth\/truth-of-life\/#breadcrumb\",\"itemListElement\":[{\"@type\":\"ListItem\",\"position\":1,\"name\":\"Home\",\"item\":\"https:\/\/watv.org\/es\/\"},{\"@type\":\"ListItem\",\"position\":2,\"name\":\"Palabras de la Biblia\",\"item\":\"https:\/\/watv.org\/es\/truth\/\"},{\"@type\":\"ListItem\",\"position\":3,\"name\":\"Verdad de vida\"}]},{\"@type\":\"WebSite\",\"@id\":\"https:\/\/watv.org\/es\/#website\",\"url\":\"https:\/\/watv.org\/es\/\",\"name\":\"Iglesia de Dios Sociedad Misionera Mundial\",\"description\":\"With Mother\u2019s heartwarming love, we deliver eternal happiness to seven billion people in the world.\",\"publisher\":{\"@id\":\"https:\/\/watv.org\/es\/#organization\"},\"potentialAction\":[{\"@type\":\"SearchAction\",\"target\":{\"@type\":\"EntryPoint\",\"urlTemplate\":\"https:\/\/watv.org\/es\/?s={search_term_string}\"},\"query-input\":{\"@type\":\"PropertyValueSpecification\",\"valueRequired\":true,\"valueName\":\"search_term_string\"}}],\"inLanguage\":\"es\"},{\"@type\":\"Organization\",\"@id\":\"https:\/\/watv.org\/es\/#organization\",\"name\":\"World Mission Society Church of God - \ud558\ub098\ub2d8\uc758\uad50\ud68c \uc138\uacc4\ubcf5\uc74c\uc120\uad50\ud611\ud68c\",\"url\":\"https:\/\/watv.org\/es\/\",\"logo\":{\"@type\":\"ImageObject\",\"inLanguage\":\"es\",\"@id\":\"https:\/\/watv.org\/es\/#\/schema\/logo\/image\/\",\"url\":\"https:\/\/watv.org\/wp-content\/uploads\/2022\/06\/WorldMissionSociety_ChurchofGod_Symbol_Logo.png\",\"contentUrl\":\"https:\/\/watv.org\/wp-content\/uploads\/2022\/06\/WorldMissionSociety_ChurchofGod_Symbol_Logo.png\",\"width\":1001,\"height\":1331,\"caption\":\"World Mission Society Church of God - \ud558\ub098\ub2d8\uc758\uad50\ud68c \uc138\uacc4\ubcf5\uc74c\uc120\uad50\ud611\ud68c\"},\"image\":{\"@id\":\"https:\/\/watv.org\/es\/#\/schema\/logo\/image\/\"},\"sameAs\":[\"https:\/\/www.youtube.com\/channel\/UCioiBk9rS5Dv5j66hUipsuQ\"]}]}<\/script>\n<!-- \/ Yoast SEO plugin. -->","yoast_head_json":{"title":"Verdad de vida - Iglesia de Dios Sociedad Misionera Mundial","robots":{"index":"index","follow":"follow","max-snippet":"max-snippet:-1","max-image-preview":"max-image-preview:large","max-video-preview":"max-video-preview:-1"},"canonical":"https:\/\/watv.org\/es\/truth\/truth-of-life\/","og_locale":"es_ES","og_type":"article","og_title":"Verdad de vida - Iglesia de Dios Sociedad Misionera Mundial","og_description":"\u00bfPor qu\u00e9 la Iglesia de Dios guarda la Pascua y rinde culto el s\u00e1bado como el D\u00eda de Reposo?  \u00bfPor qu\u00e9 creen no solo en Dios Padre sino tambi\u00e9n en Dios Madre?  Compru\u00e9belo directamente en las Escrituras.","og_url":"https:\/\/watv.org\/es\/truth\/truth-of-life\/","og_site_name":"Iglesia de Dios Sociedad Misionera Mundial","article_modified_time":"2026-01-20T02:46:17+00:00","twitter_card":"summary_large_image","schema":{"@context":"https:\/\/schema.org","@graph":[{"@type":"WebPage","@id":"https:\/\/watv.org\/es\/truth\/truth-of-life\/","url":"https:\/\/watv.org\/es\/truth\/truth-of-life\/","name":"Verdad de vida - Iglesia de Dios Sociedad Misionera Mundial","isPartOf":{"@id":"https:\/\/watv.org\/es\/#website"},"datePublished":"2025-10-28T00:29:49+00:00","dateModified":"2026-01-20T02:46:17+00:00","breadcrumb":{"@id":"https:\/\/watv.org\/es\/truth\/truth-of-life\/#breadcrumb"},"inLanguage":"es","potentialAction":[{"@type":"ReadAction","target":["https:\/\/watv.org\/es\/truth\/truth-of-life\/"]}]},{"@type":"BreadcrumbList","@id":"https:\/\/watv.org\/es\/truth\/truth-of-life\/#breadcrumb","itemListElement":[{"@type":"ListItem","position":1,"name":"Home","item":"https:\/\/watv.org\/es\/"},{"@type":"ListItem","position":2,"name":"Palabras de la Biblia","item":"https:\/\/watv.org\/es\/truth\/"},{"@type":"ListItem","position":3,"name":"Verdad de vida"}]},{"@type":"WebSite","@id":"https:\/\/watv.org\/es\/#website","url":"https:\/\/watv.org\/es\/","name":"Iglesia de Dios Sociedad Misionera Mundial","description":"With Mother\u2019s heartwarming love, we deliver eternal happiness to seven billion people in the world.","publisher":{"@id":"https:\/\/watv.org\/es\/#organization"},"potentialAction":[{"@type":"SearchAction","target":{"@type":"EntryPoint","urlTemplate":"https:\/\/watv.org\/es\/?s={search_term_string}"},"query-input":{"@type":"PropertyValueSpecification","valueRequired":true,"valueName":"search_term_string"}}],"inLanguage":"es"},{"@type":"Organization","@id":"https:\/\/watv.org\/es\/#organization","name":"World Mission Society Church of God - \ud558\ub098\ub2d8\uc758\uad50\ud68c \uc138\uacc4\ubcf5\uc74c\uc120\uad50\ud611\ud68c","url":"https:\/\/watv.org\/es\/","logo":{"@type":"ImageObject","inLanguage":"es","@id":"https:\/\/watv.org\/es\/#\/schema\/logo\/image\/","url":"https:\/\/watv.org\/wp-content\/uploads\/2022\/06\/WorldMissionSociety_ChurchofGod_Symbol_Logo.png","contentUrl":"https:\/\/watv.org\/wp-content\/uploads\/2022\/06\/WorldMissionSociety_ChurchofGod_Symbol_Logo.png","width":1001,"height":1331,"caption":"World Mission Society Church of God - \ud558\ub098\ub2d8\uc758\uad50\ud68c \uc138\uacc4\ubcf5\uc74c\uc120\uad50\ud611\ud68c"},"image":{"@id":"https:\/\/watv.org\/es\/#\/schema\/logo\/image\/"},"sameAs":["https:\/\/www.youtube.com\/channel\/UCioiBk9rS5Dv5j66hUipsuQ"]}]}},"_links":{"self":[{"href":"https:\/\/watv.org\/es\/wp-json\/wp\/v2\/pages\/161973","targetHints":{"allow":["GET"]}}],"collection":[{"href":"https:\/\/watv.org\/es\/wp-json\/wp\/v2\/pages"}],"about":[{"href":"https:\/\/watv.org\/es\/wp-json\/wp\/v2\/types\/page"}],"author":[{"embeddable":true,"href":"https:\/\/watv.org\/es\/wp-json\/wp\/v2\/users\/21"}],"replies":[{"embeddable":true,"href":"https:\/\/watv.org\/es\/wp-json\/wp\/v2\/comments?post=161973"}],"version-history":[{"count":3,"href":"https:\/\/watv.org\/es\/wp-json\/wp\/v2\/pages\/161973\/revisions"}],"predecessor-version":[{"id":161979,"href":"https:\/\/watv.org\/es\/wp-json\/wp\/v2\/pages\/161973\/revisions\/161979"}],"up":[{"embeddable":true,"href":"https:\/\/watv.org\/es\/wp-json\/wp\/v2\/pages\/5702"}],"wp:attachment":[{"href":"https:\/\/watv.org\/es\/wp-json\/wp\/v2\/media?parent=161973"}],"curies":[{"name":"wp","href":"https:\/\/api.w.org\/{rel}","templated":true}]}}