{"id":155232,"date":"2018-12-27T17:37:01","date_gmt":"2018-12-27T08:37:01","guid":{"rendered":"https:\/\/watv.org\/truth\/"},"modified":"2025-12-09T16:37:06","modified_gmt":"2025-12-09T07:37:06","slug":"truth","status":"publish","type":"page","link":"https:\/\/watv.org\/fr\/truth\/","title":{"rendered":"Paroles de la Bible"},"content":{"rendered":"","protected":false},"excerpt":{"rendered":"","protected":false},"author":21,"featured_media":0,"parent":0,"menu_order":0,"comment_status":"closed","ping_status":"closed","template":"","meta":{"footnotes":""},"class_list":["post-155232","page","type-page","status-publish","hentry"],"yoast_head":"<!-- This site is optimized with the Yoast SEO plugin v27.4 - https:\/\/yoast.com\/product\/yoast-seo-wordpress\/ -->\n<title>Paroles de la Bible - L&#039;\u00c9GLISE DE DIEU SOCI\u00c9T\u00c9 DE LA MISSION MONDIALE<\/title>\n<meta name=\"robots\" content=\"index, follow, max-snippet:-1, max-image-preview:large, max-video-preview:-1\" \/>\n<link rel=\"canonical\" href=\"https:\/\/watv.org\/fr\/truth\/\" \/>\n<meta property=\"og:locale\" content=\"fr_FR\" \/>\n<meta property=\"og:type\" content=\"article\" \/>\n<meta property=\"og:title\" content=\"Paroles de la Bible - L&#039;\u00c9GLISE DE DIEU SOCI\u00c9T\u00c9 DE LA MISSION MONDIALE\" \/>\n<meta property=\"og:url\" content=\"https:\/\/watv.org\/fr\/truth\/\" \/>\n<meta property=\"og:site_name\" content=\"L&#039;\u00c9GLISE DE DIEU SOCI\u00c9T\u00c9 DE LA MISSION MONDIALE\" \/>\n<meta property=\"article:modified_time\" content=\"2025-12-09T07:37:06+00:00\" \/>\n<meta name=\"twitter:card\" content=\"summary_large_image\" \/>\n<script type=\"application\/ld+json\" class=\"yoast-schema-graph\">{\"@context\":\"https:\\\/\\\/schema.org\",\"@graph\":[{\"@type\":\"WebPage\",\"@id\":\"https:\\\/\\\/watv.org\\\/fr\\\/truth\\\/\",\"url\":\"https:\\\/\\\/watv.org\\\/fr\\\/truth\\\/\",\"name\":\"Paroles de la Bible - L&#039;\u00c9GLISE DE DIEU SOCI\u00c9T\u00c9 DE LA MISSION MONDIALE\",\"isPartOf\":{\"@id\":\"https:\\\/\\\/watv.org\\\/fr\\\/#website\"},\"datePublished\":\"2018-12-27T08:37:01+00:00\",\"dateModified\":\"2025-12-09T07:37:06+00:00\",\"breadcrumb\":{\"@id\":\"https:\\\/\\\/watv.org\\\/fr\\\/truth\\\/#breadcrumb\"},\"inLanguage\":\"fr-FR\",\"potentialAction\":[{\"@type\":\"ReadAction\",\"target\":[\"https:\\\/\\\/watv.org\\\/fr\\\/truth\\\/\"]}]},{\"@type\":\"BreadcrumbList\",\"@id\":\"https:\\\/\\\/watv.org\\\/fr\\\/truth\\\/#breadcrumb\",\"itemListElement\":[{\"@type\":\"ListItem\",\"position\":1,\"name\":\"Home\",\"item\":\"https:\\\/\\\/watv.org\\\/index\\\/\"},{\"@type\":\"ListItem\",\"position\":2,\"name\":\"Paroles de la Bible\"}]},{\"@type\":\"WebSite\",\"@id\":\"https:\\\/\\\/watv.org\\\/fr\\\/#website\",\"url\":\"https:\\\/\\\/watv.org\\\/fr\\\/\",\"name\":\"L&#039;\u00c9GLISE DE DIEU SOCI\u00c9T\u00c9 DE LA MISSION MONDIALE\",\"description\":\"With Mother\u2019s heartwarming love, we deliver eternal happiness to seven billion people in the world.\",\"publisher\":{\"@id\":\"https:\\\/\\\/watv.org\\\/fr\\\/#organization\"},\"potentialAction\":[{\"@type\":\"SearchAction\",\"target\":{\"@type\":\"EntryPoint\",\"urlTemplate\":\"https:\\\/\\\/watv.org\\\/fr\\\/?s={search_term_string}\"},\"query-input\":{\"@type\":\"PropertyValueSpecification\",\"valueRequired\":true,\"valueName\":\"search_term_string\"}}],\"inLanguage\":\"fr-FR\"},{\"@type\":\"Organization\",\"@id\":\"https:\\\/\\\/watv.org\\\/fr\\\/#organization\",\"name\":\"World Mission Society Church of God - \ud558\ub098\ub2d8\uc758\uad50\ud68c \uc138\uacc4\ubcf5\uc74c\uc120\uad50\ud611\ud68c\",\"url\":\"https:\\\/\\\/watv.org\\\/fr\\\/\",\"logo\":{\"@type\":\"ImageObject\",\"inLanguage\":\"fr-FR\",\"@id\":\"https:\\\/\\\/watv.org\\\/fr\\\/#\\\/schema\\\/logo\\\/image\\\/\",\"url\":\"https:\\\/\\\/watv.org\\\/wp-content\\\/uploads\\\/2022\\\/06\\\/WorldMissionSociety_ChurchofGod_Symbol_Logo.png\",\"contentUrl\":\"https:\\\/\\\/watv.org\\\/wp-content\\\/uploads\\\/2022\\\/06\\\/WorldMissionSociety_ChurchofGod_Symbol_Logo.png\",\"width\":1001,\"height\":1331,\"caption\":\"World Mission Society Church of God - \ud558\ub098\ub2d8\uc758\uad50\ud68c \uc138\uacc4\ubcf5\uc74c\uc120\uad50\ud611\ud68c\"},\"image\":{\"@id\":\"https:\\\/\\\/watv.org\\\/fr\\\/#\\\/schema\\\/logo\\\/image\\\/\"},\"sameAs\":[\"https:\\\/\\\/www.youtube.com\\\/channel\\\/UCioiBk9rS5Dv5j66hUipsuQ\"]}]}<\/script>\n<!-- \/ Yoast SEO plugin. -->","yoast_head_json":{"title":"Paroles de la Bible - L&#039;\u00c9GLISE DE DIEU SOCI\u00c9T\u00c9 DE LA MISSION MONDIALE","robots":{"index":"index","follow":"follow","max-snippet":"max-snippet:-1","max-image-preview":"max-image-preview:large","max-video-preview":"max-video-preview:-1"},"canonical":"https:\/\/watv.org\/fr\/truth\/","og_locale":"fr_FR","og_type":"article","og_title":"Paroles de la Bible - L&#039;\u00c9GLISE DE DIEU SOCI\u00c9T\u00c9 DE LA MISSION MONDIALE","og_url":"https:\/\/watv.org\/fr\/truth\/","og_site_name":"L&#039;\u00c9GLISE DE DIEU SOCI\u00c9T\u00c9 DE LA MISSION MONDIALE","article_modified_time":"2025-12-09T07:37:06+00:00","twitter_card":"summary_large_image","schema":{"@context":"https:\/\/schema.org","@graph":[{"@type":"WebPage","@id":"https:\/\/watv.org\/fr\/truth\/","url":"https:\/\/watv.org\/fr\/truth\/","name":"Paroles de la Bible - L&#039;\u00c9GLISE DE DIEU SOCI\u00c9T\u00c9 DE LA MISSION MONDIALE","isPartOf":{"@id":"https:\/\/watv.org\/fr\/#website"},"datePublished":"2018-12-27T08:37:01+00:00","dateModified":"2025-12-09T07:37:06+00:00","breadcrumb":{"@id":"https:\/\/watv.org\/fr\/truth\/#breadcrumb"},"inLanguage":"fr-FR","potentialAction":[{"@type":"ReadAction","target":["https:\/\/watv.org\/fr\/truth\/"]}]},{"@type":"BreadcrumbList","@id":"https:\/\/watv.org\/fr\/truth\/#breadcrumb","itemListElement":[{"@type":"ListItem","position":1,"name":"Home","item":"https:\/\/watv.org\/index\/"},{"@type":"ListItem","position":2,"name":"Paroles de la Bible"}]},{"@type":"WebSite","@id":"https:\/\/watv.org\/fr\/#website","url":"https:\/\/watv.org\/fr\/","name":"L&#039;\u00c9GLISE DE DIEU SOCI\u00c9T\u00c9 DE LA MISSION MONDIALE","description":"With Mother\u2019s heartwarming love, we deliver eternal happiness to seven billion people in the world.","publisher":{"@id":"https:\/\/watv.org\/fr\/#organization"},"potentialAction":[{"@type":"SearchAction","target":{"@type":"EntryPoint","urlTemplate":"https:\/\/watv.org\/fr\/?s={search_term_string}"},"query-input":{"@type":"PropertyValueSpecification","valueRequired":true,"valueName":"search_term_string"}}],"inLanguage":"fr-FR"},{"@type":"Organization","@id":"https:\/\/watv.org\/fr\/#organization","name":"World Mission Society Church of God - \ud558\ub098\ub2d8\uc758\uad50\ud68c \uc138\uacc4\ubcf5\uc74c\uc120\uad50\ud611\ud68c","url":"https:\/\/watv.org\/fr\/","logo":{"@type":"ImageObject","inLanguage":"fr-FR","@id":"https:\/\/watv.org\/fr\/#\/schema\/logo\/image\/","url":"https:\/\/watv.org\/wp-content\/uploads\/2022\/06\/WorldMissionSociety_ChurchofGod_Symbol_Logo.png","contentUrl":"https:\/\/watv.org\/wp-content\/uploads\/2022\/06\/WorldMissionSociety_ChurchofGod_Symbol_Logo.png","width":1001,"height":1331,"caption":"World Mission Society Church of God - \ud558\ub098\ub2d8\uc758\uad50\ud68c \uc138\uacc4\ubcf5\uc74c\uc120\uad50\ud611\ud68c"},"image":{"@id":"https:\/\/watv.org\/fr\/#\/schema\/logo\/image\/"},"sameAs":["https:\/\/www.youtube.com\/channel\/UCioiBk9rS5Dv5j66hUipsuQ"]}]}},"_links":{"self":[{"href":"https:\/\/watv.org\/fr\/wp-json\/wp\/v2\/pages\/155232","targetHints":{"allow":["GET"]}}],"collection":[{"href":"https:\/\/watv.org\/fr\/wp-json\/wp\/v2\/pages"}],"about":[{"href":"https:\/\/watv.org\/fr\/wp-json\/wp\/v2\/types\/page"}],"author":[{"embeddable":true,"href":"https:\/\/watv.org\/fr\/wp-json\/wp\/v2\/users\/21"}],"replies":[{"embeddable":true,"href":"https:\/\/watv.org\/fr\/wp-json\/wp\/v2\/comments?post=155232"}],"version-history":[{"count":1,"href":"https:\/\/watv.org\/fr\/wp-json\/wp\/v2\/pages\/155232\/revisions"}],"predecessor-version":[{"id":157305,"href":"https:\/\/watv.org\/fr\/wp-json\/wp\/v2\/pages\/155232\/revisions\/157305"}],"wp:attachment":[{"href":"https:\/\/watv.org\/fr\/wp-json\/wp\/v2\/media?parent=155232"}],"curies":[{"name":"wp","href":"https:\/\/api.w.org\/{rel}","templated":true}]}}