{"id":155265,"date":"2019-01-16T15:52:26","date_gmt":"2019-01-16T06:52:26","guid":{"rendered":"https:\/\/watv.org\/intro\/award\/"},"modified":"2025-12-10T17:31:50","modified_gmt":"2025-12-10T08:31:50","slug":"award","status":"publish","type":"page","link":"https:\/\/watv.org\/fr\/award\/","title":{"rendered":"Prix majeurs"},"content":{"rendered":"","protected":false},"excerpt":{"rendered":"\u00c0 travers l\u2019\u00c9glise de Dieu, l\u2019amour divin touche profond\u00e9ment le monde. Dans une soci\u00e9t\u00e9 marqu\u00e9e par l\u2019individualisme et l\u2019\u00e9go\u00efsme, l\u2019\u00c9glise soutient sinc\u00e8rement ses voisins et communaut\u00e9s par des actions b\u00e9n\u00e9voles. Cela lui a valu plus de 5 000 m\u00e9dailles, distinctions et certificats de reconnaissance de la part de gouvernements et institutions internationales.","protected":false},"author":21,"featured_media":155266,"parent":155253,"menu_order":7,"comment_status":"closed","ping_status":"closed","template":"","meta":{"footnotes":""},"class_list":["post-155265","page","type-page","status-publish","has-post-thumbnail","hentry"],"yoast_head":"<!-- This site is optimized with the Yoast SEO plugin v27.4 - https:\/\/yoast.com\/product\/yoast-seo-wordpress\/ -->\n<title>Prix majeurs - L&#039;\u00c9GLISE DE DIEU SOCI\u00c9T\u00c9 DE LA MISSION MONDIALE<\/title>\n<meta name=\"robots\" content=\"index, follow, max-snippet:-1, max-image-preview:large, max-video-preview:-1\" \/>\n<link rel=\"canonical\" href=\"https:\/\/watv.org\/fr\/award\/\" \/>\n<meta property=\"og:locale\" content=\"fr_FR\" \/>\n<meta property=\"og:type\" content=\"article\" \/>\n<meta property=\"og:title\" content=\"Prix majeurs - L&#039;\u00c9GLISE DE DIEU SOCI\u00c9T\u00c9 DE LA MISSION MONDIALE\" \/>\n<meta property=\"og:description\" content=\"\u00c0 travers l\u2019\u00c9glise de Dieu, l\u2019amour divin touche profond\u00e9ment le monde. Dans une soci\u00e9t\u00e9 marqu\u00e9e par l\u2019individualisme et l\u2019\u00e9go\u00efsme, l\u2019\u00c9glise soutient sinc\u00e8rement ses voisins et communaut\u00e9s par des actions b\u00e9n\u00e9voles. Cela lui a valu plus de 5 000 m\u00e9dailles, distinctions et certificats de reconnaissance de la part de gouvernements et institutions internationales.\" \/>\n<meta property=\"og:url\" content=\"https:\/\/watv.org\/fr\/award\/\" \/>\n<meta property=\"og:site_name\" content=\"L&#039;\u00c9GLISE DE DIEU SOCI\u00c9T\u00c9 DE LA MISSION MONDIALE\" \/>\n<meta property=\"article:modified_time\" content=\"2025-12-10T08:31:50+00:00\" \/>\n<meta property=\"og:image\" content=\"https:\/\/watv.org\/wp-content\/uploads\/2019\/03\/intro_award_visual@2x.jpg\" \/>\n\t<meta property=\"og:image:width\" content=\"4000\" \/>\n\t<meta property=\"og:image:height\" content=\"1224\" \/>\n\t<meta property=\"og:image:type\" content=\"image\/jpeg\" \/>\n<meta name=\"twitter:card\" content=\"summary_large_image\" \/>\n<script type=\"application\/ld+json\" class=\"yoast-schema-graph\">{\"@context\":\"https:\\\/\\\/schema.org\",\"@graph\":[{\"@type\":\"WebPage\",\"@id\":\"https:\\\/\\\/watv.org\\\/fr\\\/award\\\/\",\"url\":\"https:\\\/\\\/watv.org\\\/fr\\\/award\\\/\",\"name\":\"Prix majeurs - L&#039;\u00c9GLISE DE DIEU SOCI\u00c9T\u00c9 DE LA MISSION MONDIALE\",\"isPartOf\":{\"@id\":\"https:\\\/\\\/watv.org\\\/fr\\\/#website\"},\"primaryImageOfPage\":{\"@id\":\"https:\\\/\\\/watv.org\\\/fr\\\/award\\\/#primaryimage\"},\"image\":{\"@id\":\"https:\\\/\\\/watv.org\\\/fr\\\/award\\\/#primaryimage\"},\"thumbnailUrl\":\"https:\\\/\\\/watv.org\\\/wp-content\\\/uploads\\\/2019\\\/03\\\/intro_award_visual@2x.jpg\",\"datePublished\":\"2019-01-16T06:52:26+00:00\",\"dateModified\":\"2025-12-10T08:31:50+00:00\",\"breadcrumb\":{\"@id\":\"https:\\\/\\\/watv.org\\\/fr\\\/award\\\/#breadcrumb\"},\"inLanguage\":\"fr-FR\",\"potentialAction\":[{\"@type\":\"ReadAction\",\"target\":[\"https:\\\/\\\/watv.org\\\/fr\\\/award\\\/\"]}]},{\"@type\":\"ImageObject\",\"inLanguage\":\"fr-FR\",\"@id\":\"https:\\\/\\\/watv.org\\\/fr\\\/award\\\/#primaryimage\",\"url\":\"https:\\\/\\\/watv.org\\\/wp-content\\\/uploads\\\/2019\\\/03\\\/intro_award_visual@2x.jpg\",\"contentUrl\":\"https:\\\/\\\/watv.org\\\/wp-content\\\/uploads\\\/2019\\\/03\\\/intro_award_visual@2x.jpg\",\"width\":4000,\"height\":1224},{\"@type\":\"BreadcrumbList\",\"@id\":\"https:\\\/\\\/watv.org\\\/fr\\\/award\\\/#breadcrumb\",\"itemListElement\":[{\"@type\":\"ListItem\",\"position\":1,\"name\":\"Home\",\"item\":\"https:\\\/\\\/watv.org\\\/index\\\/\"},{\"@type\":\"ListItem\",\"position\":2,\"name\":\"\u200bPr\u00e9sentation\",\"item\":\"https:\\\/\\\/watv.org\\\/fr\\\/intro\\\/\"},{\"@type\":\"ListItem\",\"position\":3,\"name\":\"Prix majeurs\"}]},{\"@type\":\"WebSite\",\"@id\":\"https:\\\/\\\/watv.org\\\/fr\\\/#website\",\"url\":\"https:\\\/\\\/watv.org\\\/fr\\\/\",\"name\":\"L&#039;\u00c9GLISE DE DIEU SOCI\u00c9T\u00c9 DE LA MISSION MONDIALE\",\"description\":\"With Mother\u2019s heartwarming love, we deliver eternal happiness to seven billion people in the world.\",\"publisher\":{\"@id\":\"https:\\\/\\\/watv.org\\\/fr\\\/#organization\"},\"potentialAction\":[{\"@type\":\"SearchAction\",\"target\":{\"@type\":\"EntryPoint\",\"urlTemplate\":\"https:\\\/\\\/watv.org\\\/fr\\\/?s={search_term_string}\"},\"query-input\":{\"@type\":\"PropertyValueSpecification\",\"valueRequired\":true,\"valueName\":\"search_term_string\"}}],\"inLanguage\":\"fr-FR\"},{\"@type\":\"Organization\",\"@id\":\"https:\\\/\\\/watv.org\\\/fr\\\/#organization\",\"name\":\"World Mission Society Church of God - \ud558\ub098\ub2d8\uc758\uad50\ud68c \uc138\uacc4\ubcf5\uc74c\uc120\uad50\ud611\ud68c\",\"url\":\"https:\\\/\\\/watv.org\\\/fr\\\/\",\"logo\":{\"@type\":\"ImageObject\",\"inLanguage\":\"fr-FR\",\"@id\":\"https:\\\/\\\/watv.org\\\/fr\\\/#\\\/schema\\\/logo\\\/image\\\/\",\"url\":\"https:\\\/\\\/watv.org\\\/wp-content\\\/uploads\\\/2022\\\/06\\\/WorldMissionSociety_ChurchofGod_Symbol_Logo.png\",\"contentUrl\":\"https:\\\/\\\/watv.org\\\/wp-content\\\/uploads\\\/2022\\\/06\\\/WorldMissionSociety_ChurchofGod_Symbol_Logo.png\",\"width\":1001,\"height\":1331,\"caption\":\"World Mission Society Church of God - \ud558\ub098\ub2d8\uc758\uad50\ud68c \uc138\uacc4\ubcf5\uc74c\uc120\uad50\ud611\ud68c\"},\"image\":{\"@id\":\"https:\\\/\\\/watv.org\\\/fr\\\/#\\\/schema\\\/logo\\\/image\\\/\"},\"sameAs\":[\"https:\\\/\\\/www.youtube.com\\\/channel\\\/UCioiBk9rS5Dv5j66hUipsuQ\"]}]}<\/script>\n<!-- \/ Yoast SEO plugin. -->","yoast_head_json":{"title":"Prix majeurs - L&#039;\u00c9GLISE DE DIEU SOCI\u00c9T\u00c9 DE LA MISSION MONDIALE","robots":{"index":"index","follow":"follow","max-snippet":"max-snippet:-1","max-image-preview":"max-image-preview:large","max-video-preview":"max-video-preview:-1"},"canonical":"https:\/\/watv.org\/fr\/award\/","og_locale":"fr_FR","og_type":"article","og_title":"Prix majeurs - L&#039;\u00c9GLISE DE DIEU SOCI\u00c9T\u00c9 DE LA MISSION MONDIALE","og_description":"\u00c0 travers l\u2019\u00c9glise de Dieu, l\u2019amour divin touche profond\u00e9ment le monde. Dans une soci\u00e9t\u00e9 marqu\u00e9e par l\u2019individualisme et l\u2019\u00e9go\u00efsme, l\u2019\u00c9glise soutient sinc\u00e8rement ses voisins et communaut\u00e9s par des actions b\u00e9n\u00e9voles. Cela lui a valu plus de 5 000 m\u00e9dailles, distinctions et certificats de reconnaissance de la part de gouvernements et institutions internationales.","og_url":"https:\/\/watv.org\/fr\/award\/","og_site_name":"L&#039;\u00c9GLISE DE DIEU SOCI\u00c9T\u00c9 DE LA MISSION MONDIALE","article_modified_time":"2025-12-10T08:31:50+00:00","og_image":[{"width":4000,"height":1224,"url":"https:\/\/watv.org\/wp-content\/uploads\/2019\/03\/intro_award_visual@2x.jpg","type":"image\/jpeg"}],"twitter_card":"summary_large_image","schema":{"@context":"https:\/\/schema.org","@graph":[{"@type":"WebPage","@id":"https:\/\/watv.org\/fr\/award\/","url":"https:\/\/watv.org\/fr\/award\/","name":"Prix majeurs - L&#039;\u00c9GLISE DE DIEU SOCI\u00c9T\u00c9 DE LA MISSION MONDIALE","isPartOf":{"@id":"https:\/\/watv.org\/fr\/#website"},"primaryImageOfPage":{"@id":"https:\/\/watv.org\/fr\/award\/#primaryimage"},"image":{"@id":"https:\/\/watv.org\/fr\/award\/#primaryimage"},"thumbnailUrl":"https:\/\/watv.org\/wp-content\/uploads\/2019\/03\/intro_award_visual@2x.jpg","datePublished":"2019-01-16T06:52:26+00:00","dateModified":"2025-12-10T08:31:50+00:00","breadcrumb":{"@id":"https:\/\/watv.org\/fr\/award\/#breadcrumb"},"inLanguage":"fr-FR","potentialAction":[{"@type":"ReadAction","target":["https:\/\/watv.org\/fr\/award\/"]}]},{"@type":"ImageObject","inLanguage":"fr-FR","@id":"https:\/\/watv.org\/fr\/award\/#primaryimage","url":"https:\/\/watv.org\/wp-content\/uploads\/2019\/03\/intro_award_visual@2x.jpg","contentUrl":"https:\/\/watv.org\/wp-content\/uploads\/2019\/03\/intro_award_visual@2x.jpg","width":4000,"height":1224},{"@type":"BreadcrumbList","@id":"https:\/\/watv.org\/fr\/award\/#breadcrumb","itemListElement":[{"@type":"ListItem","position":1,"name":"Home","item":"https:\/\/watv.org\/index\/"},{"@type":"ListItem","position":2,"name":"\u200bPr\u00e9sentation","item":"https:\/\/watv.org\/fr\/intro\/"},{"@type":"ListItem","position":3,"name":"Prix majeurs"}]},{"@type":"WebSite","@id":"https:\/\/watv.org\/fr\/#website","url":"https:\/\/watv.org\/fr\/","name":"L&#039;\u00c9GLISE DE DIEU SOCI\u00c9T\u00c9 DE LA MISSION MONDIALE","description":"With Mother\u2019s heartwarming love, we deliver eternal happiness to seven billion people in the world.","publisher":{"@id":"https:\/\/watv.org\/fr\/#organization"},"potentialAction":[{"@type":"SearchAction","target":{"@type":"EntryPoint","urlTemplate":"https:\/\/watv.org\/fr\/?s={search_term_string}"},"query-input":{"@type":"PropertyValueSpecification","valueRequired":true,"valueName":"search_term_string"}}],"inLanguage":"fr-FR"},{"@type":"Organization","@id":"https:\/\/watv.org\/fr\/#organization","name":"World Mission Society Church of God - \ud558\ub098\ub2d8\uc758\uad50\ud68c \uc138\uacc4\ubcf5\uc74c\uc120\uad50\ud611\ud68c","url":"https:\/\/watv.org\/fr\/","logo":{"@type":"ImageObject","inLanguage":"fr-FR","@id":"https:\/\/watv.org\/fr\/#\/schema\/logo\/image\/","url":"https:\/\/watv.org\/wp-content\/uploads\/2022\/06\/WorldMissionSociety_ChurchofGod_Symbol_Logo.png","contentUrl":"https:\/\/watv.org\/wp-content\/uploads\/2022\/06\/WorldMissionSociety_ChurchofGod_Symbol_Logo.png","width":1001,"height":1331,"caption":"World Mission Society Church of God - \ud558\ub098\ub2d8\uc758\uad50\ud68c \uc138\uacc4\ubcf5\uc74c\uc120\uad50\ud611\ud68c"},"image":{"@id":"https:\/\/watv.org\/fr\/#\/schema\/logo\/image\/"},"sameAs":["https:\/\/www.youtube.com\/channel\/UCioiBk9rS5Dv5j66hUipsuQ"]}]}},"_links":{"self":[{"href":"https:\/\/watv.org\/fr\/wp-json\/wp\/v2\/pages\/155265","targetHints":{"allow":["GET"]}}],"collection":[{"href":"https:\/\/watv.org\/fr\/wp-json\/wp\/v2\/pages"}],"about":[{"href":"https:\/\/watv.org\/fr\/wp-json\/wp\/v2\/types\/page"}],"author":[{"embeddable":true,"href":"https:\/\/watv.org\/fr\/wp-json\/wp\/v2\/users\/21"}],"replies":[{"embeddable":true,"href":"https:\/\/watv.org\/fr\/wp-json\/wp\/v2\/comments?post=155265"}],"version-history":[{"count":2,"href":"https:\/\/watv.org\/fr\/wp-json\/wp\/v2\/pages\/155265\/revisions"}],"predecessor-version":[{"id":157492,"href":"https:\/\/watv.org\/fr\/wp-json\/wp\/v2\/pages\/155265\/revisions\/157492"}],"up":[{"embeddable":true,"href":"https:\/\/watv.org\/fr\/wp-json\/wp\/v2\/pages\/155253"}],"wp:featuredmedia":[{"embeddable":true,"href":"https:\/\/watv.org\/fr\/wp-json\/wp\/v2\/media\/155266"}],"wp:attachment":[{"href":"https:\/\/watv.org\/fr\/wp-json\/wp\/v2\/media?parent=155265"}],"curies":[{"name":"wp","href":"https:\/\/api.w.org\/{rel}","templated":true}]}}