{"id":155285,"date":"2019-02-26T03:00:35","date_gmt":"2019-02-25T18:00:35","guid":{"rendered":"https:\/\/watv.org\/volunteer\/asez\/"},"modified":"2025-12-11T16:15:10","modified_gmt":"2025-12-11T07:15:10","slug":"asez","status":"publish","type":"page","link":"https:\/\/watv.org\/fr\/volunteer\/asez\/","title":{"rendered":"Groupe de jeunes b\u00e9n\u00e9voles"},"content":{"rendered":"","protected":false},"excerpt":{"rendered":"ASEZ qui signifie \u00ab Sauver la Terre de A \u00e0 Z \u00bb, est un groupe de b\u00e9n\u00e9voles compos\u00e9 d&rsquo;\u00e9tudiants universitaires, membres de  l&rsquo;\u00c9glise de Dieu venant du monde entier. Ils souhaitent donner de l&rsquo;espoir et de l&rsquo;aide aux personnes en difficult\u00e9 avec l&rsquo;amour de Dieu le P\u00e8re et de Dieu la M\u00e8re.","protected":false},"author":21,"featured_media":155286,"parent":155280,"menu_order":3,"comment_status":"closed","ping_status":"closed","template":"","meta":{"footnotes":""},"class_list":["post-155285","page","type-page","status-publish","has-post-thumbnail","hentry"],"yoast_head":"<!-- This site is optimized with the Yoast SEO plugin v26.2 - https:\/\/yoast.com\/wordpress\/plugins\/seo\/ -->\n<title>Groupe de jeunes b\u00e9n\u00e9voles - L&#039;\u00c9GLISE DE DIEU SOCI\u00c9T\u00c9 DE LA MISSION MONDIALE<\/title>\n<meta name=\"robots\" content=\"index, follow, max-snippet:-1, max-image-preview:large, max-video-preview:-1\" \/>\n<link rel=\"canonical\" href=\"https:\/\/watv.org\/fr\/volunteer\/asez\/\" \/>\n<meta property=\"og:locale\" content=\"fr_FR\" \/>\n<meta property=\"og:type\" content=\"article\" \/>\n<meta property=\"og:title\" content=\"Groupe de jeunes b\u00e9n\u00e9voles - L&#039;\u00c9GLISE DE DIEU SOCI\u00c9T\u00c9 DE LA MISSION MONDIALE\" \/>\n<meta property=\"og:description\" content=\"ASEZ qui signifie \u00ab Sauver la Terre de A \u00e0 Z \u00bb, est un groupe de b\u00e9n\u00e9voles compos\u00e9 d&#039;\u00e9tudiants universitaires, membres de l&#039;\u00c9glise de Dieu venant du monde entier. Ils souhaitent donner de l&#039;espoir et de l&#039;aide aux personnes en difficult\u00e9 avec l&#039;amour de Dieu le P\u00e8re et de Dieu la M\u00e8re.\" \/>\n<meta property=\"og:url\" content=\"https:\/\/watv.org\/fr\/volunteer\/asez\/\" \/>\n<meta property=\"og:site_name\" content=\"L&#039;\u00c9GLISE DE DIEU SOCI\u00c9T\u00c9 DE LA MISSION MONDIALE\" \/>\n<meta property=\"article:modified_time\" content=\"2025-12-11T07:15:10+00:00\" \/>\n<meta property=\"og:image\" content=\"https:\/\/watv.org\/wp-content\/uploads\/2019\/03\/visual6_3@2x.jpg\" \/>\n\t<meta property=\"og:image:width\" content=\"3840\" \/>\n\t<meta property=\"og:image:height\" content=\"1316\" \/>\n\t<meta property=\"og:image:type\" content=\"image\/jpeg\" \/>\n<meta name=\"twitter:card\" content=\"summary_large_image\" \/>\n<script type=\"application\/ld+json\" class=\"yoast-schema-graph\">{\"@context\":\"https:\/\/schema.org\",\"@graph\":[{\"@type\":\"WebPage\",\"@id\":\"https:\/\/watv.org\/fr\/volunteer\/asez\/\",\"url\":\"https:\/\/watv.org\/fr\/volunteer\/asez\/\",\"name\":\"Groupe de jeunes b\u00e9n\u00e9voles - L&#039;\u00c9GLISE DE DIEU SOCI\u00c9T\u00c9 DE LA MISSION MONDIALE\",\"isPartOf\":{\"@id\":\"https:\/\/watv.org\/fr\/#website\"},\"primaryImageOfPage\":{\"@id\":\"https:\/\/watv.org\/fr\/volunteer\/asez\/#primaryimage\"},\"image\":{\"@id\":\"https:\/\/watv.org\/fr\/volunteer\/asez\/#primaryimage\"},\"thumbnailUrl\":\"https:\/\/watv.org\/wp-content\/uploads\/2019\/03\/visual6_3@2x.jpg\",\"datePublished\":\"2019-02-25T18:00:35+00:00\",\"dateModified\":\"2025-12-11T07:15:10+00:00\",\"breadcrumb\":{\"@id\":\"https:\/\/watv.org\/fr\/volunteer\/asez\/#breadcrumb\"},\"inLanguage\":\"fr-FR\",\"potentialAction\":[{\"@type\":\"ReadAction\",\"target\":[\"https:\/\/watv.org\/fr\/volunteer\/asez\/\"]}]},{\"@type\":\"ImageObject\",\"inLanguage\":\"fr-FR\",\"@id\":\"https:\/\/watv.org\/fr\/volunteer\/asez\/#primaryimage\",\"url\":\"https:\/\/watv.org\/wp-content\/uploads\/2019\/03\/visual6_3@2x.jpg\",\"contentUrl\":\"https:\/\/watv.org\/wp-content\/uploads\/2019\/03\/visual6_3@2x.jpg\",\"width\":3840,\"height\":1316},{\"@type\":\"BreadcrumbList\",\"@id\":\"https:\/\/watv.org\/fr\/volunteer\/asez\/#breadcrumb\",\"itemListElement\":[{\"@type\":\"ListItem\",\"position\":1,\"name\":\"Home\",\"item\":\"https:\/\/watv.org\/index\/\"},{\"@type\":\"ListItem\",\"position\":2,\"name\":\"Service b\u00e9n\u00e9vole\",\"item\":\"https:\/\/watv.org\/fr\/volunteer\/\"},{\"@type\":\"ListItem\",\"position\":3,\"name\":\"Groupe de jeunes b\u00e9n\u00e9voles\"}]},{\"@type\":\"WebSite\",\"@id\":\"https:\/\/watv.org\/fr\/#website\",\"url\":\"https:\/\/watv.org\/fr\/\",\"name\":\"L&#039;\u00c9GLISE DE DIEU SOCI\u00c9T\u00c9 DE LA MISSION MONDIALE\",\"description\":\"With Mother\u2019s heartwarming love, we deliver eternal happiness to seven billion people in the world.\",\"publisher\":{\"@id\":\"https:\/\/watv.org\/fr\/#organization\"},\"potentialAction\":[{\"@type\":\"SearchAction\",\"target\":{\"@type\":\"EntryPoint\",\"urlTemplate\":\"https:\/\/watv.org\/fr\/?s={search_term_string}\"},\"query-input\":{\"@type\":\"PropertyValueSpecification\",\"valueRequired\":true,\"valueName\":\"search_term_string\"}}],\"inLanguage\":\"fr-FR\"},{\"@type\":\"Organization\",\"@id\":\"https:\/\/watv.org\/fr\/#organization\",\"name\":\"World Mission Society Church of God - \ud558\ub098\ub2d8\uc758\uad50\ud68c \uc138\uacc4\ubcf5\uc74c\uc120\uad50\ud611\ud68c\",\"url\":\"https:\/\/watv.org\/fr\/\",\"logo\":{\"@type\":\"ImageObject\",\"inLanguage\":\"fr-FR\",\"@id\":\"https:\/\/watv.org\/fr\/#\/schema\/logo\/image\/\",\"url\":\"https:\/\/watv.org\/wp-content\/uploads\/2022\/06\/WorldMissionSociety_ChurchofGod_Symbol_Logo.png\",\"contentUrl\":\"https:\/\/watv.org\/wp-content\/uploads\/2022\/06\/WorldMissionSociety_ChurchofGod_Symbol_Logo.png\",\"width\":1001,\"height\":1331,\"caption\":\"World Mission Society Church of God - \ud558\ub098\ub2d8\uc758\uad50\ud68c \uc138\uacc4\ubcf5\uc74c\uc120\uad50\ud611\ud68c\"},\"image\":{\"@id\":\"https:\/\/watv.org\/fr\/#\/schema\/logo\/image\/\"},\"sameAs\":[\"https:\/\/www.youtube.com\/channel\/UCioiBk9rS5Dv5j66hUipsuQ\"]}]}<\/script>\n<!-- \/ Yoast SEO plugin. -->","yoast_head_json":{"title":"Groupe de jeunes b\u00e9n\u00e9voles - L&#039;\u00c9GLISE DE DIEU SOCI\u00c9T\u00c9 DE LA MISSION MONDIALE","robots":{"index":"index","follow":"follow","max-snippet":"max-snippet:-1","max-image-preview":"max-image-preview:large","max-video-preview":"max-video-preview:-1"},"canonical":"https:\/\/watv.org\/fr\/volunteer\/asez\/","og_locale":"fr_FR","og_type":"article","og_title":"Groupe de jeunes b\u00e9n\u00e9voles - L&#039;\u00c9GLISE DE DIEU SOCI\u00c9T\u00c9 DE LA MISSION MONDIALE","og_description":"ASEZ qui signifie \u00ab Sauver la Terre de A \u00e0 Z \u00bb, est un groupe de b\u00e9n\u00e9voles compos\u00e9 d'\u00e9tudiants universitaires, membres de l'\u00c9glise de Dieu venant du monde entier. Ils souhaitent donner de l'espoir et de l'aide aux personnes en difficult\u00e9 avec l'amour de Dieu le P\u00e8re et de Dieu la M\u00e8re.","og_url":"https:\/\/watv.org\/fr\/volunteer\/asez\/","og_site_name":"L&#039;\u00c9GLISE DE DIEU SOCI\u00c9T\u00c9 DE LA MISSION MONDIALE","article_modified_time":"2025-12-11T07:15:10+00:00","og_image":[{"width":3840,"height":1316,"url":"https:\/\/watv.org\/wp-content\/uploads\/2019\/03\/visual6_3@2x.jpg","type":"image\/jpeg"}],"twitter_card":"summary_large_image","schema":{"@context":"https:\/\/schema.org","@graph":[{"@type":"WebPage","@id":"https:\/\/watv.org\/fr\/volunteer\/asez\/","url":"https:\/\/watv.org\/fr\/volunteer\/asez\/","name":"Groupe de jeunes b\u00e9n\u00e9voles - L&#039;\u00c9GLISE DE DIEU SOCI\u00c9T\u00c9 DE LA MISSION MONDIALE","isPartOf":{"@id":"https:\/\/watv.org\/fr\/#website"},"primaryImageOfPage":{"@id":"https:\/\/watv.org\/fr\/volunteer\/asez\/#primaryimage"},"image":{"@id":"https:\/\/watv.org\/fr\/volunteer\/asez\/#primaryimage"},"thumbnailUrl":"https:\/\/watv.org\/wp-content\/uploads\/2019\/03\/visual6_3@2x.jpg","datePublished":"2019-02-25T18:00:35+00:00","dateModified":"2025-12-11T07:15:10+00:00","breadcrumb":{"@id":"https:\/\/watv.org\/fr\/volunteer\/asez\/#breadcrumb"},"inLanguage":"fr-FR","potentialAction":[{"@type":"ReadAction","target":["https:\/\/watv.org\/fr\/volunteer\/asez\/"]}]},{"@type":"ImageObject","inLanguage":"fr-FR","@id":"https:\/\/watv.org\/fr\/volunteer\/asez\/#primaryimage","url":"https:\/\/watv.org\/wp-content\/uploads\/2019\/03\/visual6_3@2x.jpg","contentUrl":"https:\/\/watv.org\/wp-content\/uploads\/2019\/03\/visual6_3@2x.jpg","width":3840,"height":1316},{"@type":"BreadcrumbList","@id":"https:\/\/watv.org\/fr\/volunteer\/asez\/#breadcrumb","itemListElement":[{"@type":"ListItem","position":1,"name":"Home","item":"https:\/\/watv.org\/index\/"},{"@type":"ListItem","position":2,"name":"Service b\u00e9n\u00e9vole","item":"https:\/\/watv.org\/fr\/volunteer\/"},{"@type":"ListItem","position":3,"name":"Groupe de jeunes b\u00e9n\u00e9voles"}]},{"@type":"WebSite","@id":"https:\/\/watv.org\/fr\/#website","url":"https:\/\/watv.org\/fr\/","name":"L&#039;\u00c9GLISE DE DIEU SOCI\u00c9T\u00c9 DE LA MISSION MONDIALE","description":"With Mother\u2019s heartwarming love, we deliver eternal happiness to seven billion people in the world.","publisher":{"@id":"https:\/\/watv.org\/fr\/#organization"},"potentialAction":[{"@type":"SearchAction","target":{"@type":"EntryPoint","urlTemplate":"https:\/\/watv.org\/fr\/?s={search_term_string}"},"query-input":{"@type":"PropertyValueSpecification","valueRequired":true,"valueName":"search_term_string"}}],"inLanguage":"fr-FR"},{"@type":"Organization","@id":"https:\/\/watv.org\/fr\/#organization","name":"World Mission Society Church of God - \ud558\ub098\ub2d8\uc758\uad50\ud68c \uc138\uacc4\ubcf5\uc74c\uc120\uad50\ud611\ud68c","url":"https:\/\/watv.org\/fr\/","logo":{"@type":"ImageObject","inLanguage":"fr-FR","@id":"https:\/\/watv.org\/fr\/#\/schema\/logo\/image\/","url":"https:\/\/watv.org\/wp-content\/uploads\/2022\/06\/WorldMissionSociety_ChurchofGod_Symbol_Logo.png","contentUrl":"https:\/\/watv.org\/wp-content\/uploads\/2022\/06\/WorldMissionSociety_ChurchofGod_Symbol_Logo.png","width":1001,"height":1331,"caption":"World Mission Society Church of God - \ud558\ub098\ub2d8\uc758\uad50\ud68c \uc138\uacc4\ubcf5\uc74c\uc120\uad50\ud611\ud68c"},"image":{"@id":"https:\/\/watv.org\/fr\/#\/schema\/logo\/image\/"},"sameAs":["https:\/\/www.youtube.com\/channel\/UCioiBk9rS5Dv5j66hUipsuQ"]}]}},"_links":{"self":[{"href":"https:\/\/watv.org\/fr\/wp-json\/wp\/v2\/pages\/155285","targetHints":{"allow":["GET"]}}],"collection":[{"href":"https:\/\/watv.org\/fr\/wp-json\/wp\/v2\/pages"}],"about":[{"href":"https:\/\/watv.org\/fr\/wp-json\/wp\/v2\/types\/page"}],"author":[{"embeddable":true,"href":"https:\/\/watv.org\/fr\/wp-json\/wp\/v2\/users\/21"}],"replies":[{"embeddable":true,"href":"https:\/\/watv.org\/fr\/wp-json\/wp\/v2\/comments?post=155285"}],"version-history":[{"count":3,"href":"https:\/\/watv.org\/fr\/wp-json\/wp\/v2\/pages\/155285\/revisions"}],"predecessor-version":[{"id":157689,"href":"https:\/\/watv.org\/fr\/wp-json\/wp\/v2\/pages\/155285\/revisions\/157689"}],"up":[{"embeddable":true,"href":"https:\/\/watv.org\/fr\/wp-json\/wp\/v2\/pages\/155280"}],"wp:featuredmedia":[{"embeddable":true,"href":"https:\/\/watv.org\/fr\/wp-json\/wp\/v2\/media\/155286"}],"wp:attachment":[{"href":"https:\/\/watv.org\/fr\/wp-json\/wp\/v2\/media?parent=155285"}],"curies":[{"name":"wp","href":"https:\/\/api.w.org\/{rel}","templated":true}]}}