{"id":155337,"date":"2019-01-16T14:51:02","date_gmt":"2019-01-16T05:51:02","guid":{"rendered":"https:\/\/watv.org\/world\/overseas-visiting-group\/"},"modified":"2025-12-16T15:36:17","modified_gmt":"2025-12-16T06:36:17","slug":"overseas-visiting-group","status":"publish","type":"page","link":"https:\/\/watv.org\/fr\/overseas-visiting-group\/","title":{"rendered":"Groupe de visiteurs internationaux"},"content":{"rendered":"","protected":false},"excerpt":{"rendered":"Rencontre avec M\u00e8re c\u00e9leste","protected":false},"author":21,"featured_media":155339,"parent":155314,"menu_order":9,"comment_status":"closed","ping_status":"closed","template":"","meta":{"footnotes":""},"class_list":["post-155337","page","type-page","status-publish","has-post-thumbnail","hentry"],"yoast_head":"<!-- This site is optimized with the Yoast SEO plugin v27.4 - https:\/\/yoast.com\/product\/yoast-seo-wordpress\/ -->\n<title>Groupe de visiteurs internationaux - L&#039;\u00c9GLISE DE DIEU SOCI\u00c9T\u00c9 DE LA MISSION MONDIALE<\/title>\n<meta name=\"description\" content=\"Les membres internationaux visitent la Cor\u00e9e du Sud pour rencontrer la M\u00e8re c\u00e9leste. Bien que leurs pays, langues et cultures diff\u00e8rent, ils forment une famille spirituelle unie dans l\u2019amour de M\u00e8re.\" \/>\n<meta name=\"robots\" content=\"index, follow, max-snippet:-1, max-image-preview:large, max-video-preview:-1\" \/>\n<link rel=\"canonical\" href=\"https:\/\/watv.org\/fr\/overseas-visiting-group\/\" \/>\n<meta property=\"og:locale\" content=\"fr_FR\" \/>\n<meta property=\"og:type\" content=\"article\" \/>\n<meta property=\"og:title\" content=\"Groupe de visiteurs internationaux - L&#039;\u00c9GLISE DE DIEU SOCI\u00c9T\u00c9 DE LA MISSION MONDIALE\" \/>\n<meta property=\"og:description\" content=\"Les membres internationaux visitent la Cor\u00e9e du Sud pour rencontrer la M\u00e8re c\u00e9leste. Bien que leurs pays, langues et cultures diff\u00e8rent, ils forment une famille spirituelle unie dans l\u2019amour de M\u00e8re.\" \/>\n<meta property=\"og:url\" content=\"https:\/\/watv.org\/fr\/overseas-visiting-group\/\" \/>\n<meta property=\"og:site_name\" content=\"L&#039;\u00c9GLISE DE DIEU SOCI\u00c9T\u00c9 DE LA MISSION MONDIALE\" \/>\n<meta property=\"article:modified_time\" content=\"2025-12-16T06:36:17+00:00\" \/>\n<meta property=\"og:image\" content=\"https:\/\/watv.org\/wp-content\/uploads\/2022\/06\/image-1.jpeg\" \/>\n\t<meta property=\"og:image:width\" content=\"1140\" \/>\n\t<meta property=\"og:image:height\" content=\"712\" \/>\n\t<meta property=\"og:image:type\" content=\"image\/jpeg\" \/>\n<meta name=\"twitter:card\" content=\"summary_large_image\" \/>\n<script type=\"application\/ld+json\" class=\"yoast-schema-graph\">{\"@context\":\"https:\\\/\\\/schema.org\",\"@graph\":[{\"@type\":\"WebPage\",\"@id\":\"https:\\\/\\\/watv.org\\\/fr\\\/overseas-visiting-group\\\/\",\"url\":\"https:\\\/\\\/watv.org\\\/fr\\\/overseas-visiting-group\\\/\",\"name\":\"Groupe de visiteurs internationaux - L&#039;\u00c9GLISE DE DIEU SOCI\u00c9T\u00c9 DE LA MISSION MONDIALE\",\"isPartOf\":{\"@id\":\"https:\\\/\\\/watv.org\\\/fr\\\/#website\"},\"primaryImageOfPage\":{\"@id\":\"https:\\\/\\\/watv.org\\\/fr\\\/overseas-visiting-group\\\/#primaryimage\"},\"image\":{\"@id\":\"https:\\\/\\\/watv.org\\\/fr\\\/overseas-visiting-group\\\/#primaryimage\"},\"thumbnailUrl\":\"https:\\\/\\\/watv.org\\\/wp-content\\\/uploads\\\/2022\\\/06\\\/image-1.jpeg\",\"datePublished\":\"2019-01-16T05:51:02+00:00\",\"dateModified\":\"2025-12-16T06:36:17+00:00\",\"description\":\"Les membres internationaux visitent la Cor\u00e9e du Sud pour rencontrer la M\u00e8re c\u00e9leste. Bien que leurs pays, langues et cultures diff\u00e8rent, ils forment une famille spirituelle unie dans l\u2019amour de M\u00e8re.\",\"breadcrumb\":{\"@id\":\"https:\\\/\\\/watv.org\\\/fr\\\/overseas-visiting-group\\\/#breadcrumb\"},\"inLanguage\":\"fr-FR\",\"potentialAction\":[{\"@type\":\"ReadAction\",\"target\":[\"https:\\\/\\\/watv.org\\\/fr\\\/overseas-visiting-group\\\/\"]}]},{\"@type\":\"ImageObject\",\"inLanguage\":\"fr-FR\",\"@id\":\"https:\\\/\\\/watv.org\\\/fr\\\/overseas-visiting-group\\\/#primaryimage\",\"url\":\"https:\\\/\\\/watv.org\\\/wp-content\\\/uploads\\\/2022\\\/06\\\/image-1.jpeg\",\"contentUrl\":\"https:\\\/\\\/watv.org\\\/wp-content\\\/uploads\\\/2022\\\/06\\\/image-1.jpeg\",\"width\":1140,\"height\":712},{\"@type\":\"BreadcrumbList\",\"@id\":\"https:\\\/\\\/watv.org\\\/fr\\\/overseas-visiting-group\\\/#breadcrumb\",\"itemListElement\":[{\"@type\":\"ListItem\",\"position\":1,\"name\":\"Home\",\"item\":\"https:\\\/\\\/watv.org\\\/index\\\/\"},{\"@type\":\"ListItem\",\"position\":2,\"name\":\"Mission mondiale\",\"item\":\"https:\\\/\\\/watv.org\\\/fr\\\/world\\\/\"},{\"@type\":\"ListItem\",\"position\":3,\"name\":\"Groupe de visiteurs internationaux\"}]},{\"@type\":\"WebSite\",\"@id\":\"https:\\\/\\\/watv.org\\\/fr\\\/#website\",\"url\":\"https:\\\/\\\/watv.org\\\/fr\\\/\",\"name\":\"L&#039;\u00c9GLISE DE DIEU SOCI\u00c9T\u00c9 DE LA MISSION MONDIALE\",\"description\":\"With Mother\u2019s heartwarming love, we deliver eternal happiness to seven billion people in the world.\",\"publisher\":{\"@id\":\"https:\\\/\\\/watv.org\\\/fr\\\/#organization\"},\"potentialAction\":[{\"@type\":\"SearchAction\",\"target\":{\"@type\":\"EntryPoint\",\"urlTemplate\":\"https:\\\/\\\/watv.org\\\/fr\\\/?s={search_term_string}\"},\"query-input\":{\"@type\":\"PropertyValueSpecification\",\"valueRequired\":true,\"valueName\":\"search_term_string\"}}],\"inLanguage\":\"fr-FR\"},{\"@type\":\"Organization\",\"@id\":\"https:\\\/\\\/watv.org\\\/fr\\\/#organization\",\"name\":\"World Mission Society Church of God - \ud558\ub098\ub2d8\uc758\uad50\ud68c \uc138\uacc4\ubcf5\uc74c\uc120\uad50\ud611\ud68c\",\"url\":\"https:\\\/\\\/watv.org\\\/fr\\\/\",\"logo\":{\"@type\":\"ImageObject\",\"inLanguage\":\"fr-FR\",\"@id\":\"https:\\\/\\\/watv.org\\\/fr\\\/#\\\/schema\\\/logo\\\/image\\\/\",\"url\":\"https:\\\/\\\/watv.org\\\/wp-content\\\/uploads\\\/2022\\\/06\\\/WorldMissionSociety_ChurchofGod_Symbol_Logo.png\",\"contentUrl\":\"https:\\\/\\\/watv.org\\\/wp-content\\\/uploads\\\/2022\\\/06\\\/WorldMissionSociety_ChurchofGod_Symbol_Logo.png\",\"width\":1001,\"height\":1331,\"caption\":\"World Mission Society Church of God - \ud558\ub098\ub2d8\uc758\uad50\ud68c \uc138\uacc4\ubcf5\uc74c\uc120\uad50\ud611\ud68c\"},\"image\":{\"@id\":\"https:\\\/\\\/watv.org\\\/fr\\\/#\\\/schema\\\/logo\\\/image\\\/\"},\"sameAs\":[\"https:\\\/\\\/www.youtube.com\\\/channel\\\/UCioiBk9rS5Dv5j66hUipsuQ\"]}]}<\/script>\n<!-- \/ Yoast SEO plugin. -->","yoast_head_json":{"title":"Groupe de visiteurs internationaux - L&#039;\u00c9GLISE DE DIEU SOCI\u00c9T\u00c9 DE LA MISSION MONDIALE","description":"Les membres internationaux visitent la Cor\u00e9e du Sud pour rencontrer la M\u00e8re c\u00e9leste. Bien que leurs pays, langues et cultures diff\u00e8rent, ils forment une famille spirituelle unie dans l\u2019amour de M\u00e8re.","robots":{"index":"index","follow":"follow","max-snippet":"max-snippet:-1","max-image-preview":"max-image-preview:large","max-video-preview":"max-video-preview:-1"},"canonical":"https:\/\/watv.org\/fr\/overseas-visiting-group\/","og_locale":"fr_FR","og_type":"article","og_title":"Groupe de visiteurs internationaux - L&#039;\u00c9GLISE DE DIEU SOCI\u00c9T\u00c9 DE LA MISSION MONDIALE","og_description":"Les membres internationaux visitent la Cor\u00e9e du Sud pour rencontrer la M\u00e8re c\u00e9leste. Bien que leurs pays, langues et cultures diff\u00e8rent, ils forment une famille spirituelle unie dans l\u2019amour de M\u00e8re.","og_url":"https:\/\/watv.org\/fr\/overseas-visiting-group\/","og_site_name":"L&#039;\u00c9GLISE DE DIEU SOCI\u00c9T\u00c9 DE LA MISSION MONDIALE","article_modified_time":"2025-12-16T06:36:17+00:00","og_image":[{"width":1140,"height":712,"url":"https:\/\/watv.org\/wp-content\/uploads\/2022\/06\/image-1.jpeg","type":"image\/jpeg"}],"twitter_card":"summary_large_image","schema":{"@context":"https:\/\/schema.org","@graph":[{"@type":"WebPage","@id":"https:\/\/watv.org\/fr\/overseas-visiting-group\/","url":"https:\/\/watv.org\/fr\/overseas-visiting-group\/","name":"Groupe de visiteurs internationaux - L&#039;\u00c9GLISE DE DIEU SOCI\u00c9T\u00c9 DE LA MISSION MONDIALE","isPartOf":{"@id":"https:\/\/watv.org\/fr\/#website"},"primaryImageOfPage":{"@id":"https:\/\/watv.org\/fr\/overseas-visiting-group\/#primaryimage"},"image":{"@id":"https:\/\/watv.org\/fr\/overseas-visiting-group\/#primaryimage"},"thumbnailUrl":"https:\/\/watv.org\/wp-content\/uploads\/2022\/06\/image-1.jpeg","datePublished":"2019-01-16T05:51:02+00:00","dateModified":"2025-12-16T06:36:17+00:00","description":"Les membres internationaux visitent la Cor\u00e9e du Sud pour rencontrer la M\u00e8re c\u00e9leste. Bien que leurs pays, langues et cultures diff\u00e8rent, ils forment une famille spirituelle unie dans l\u2019amour de M\u00e8re.","breadcrumb":{"@id":"https:\/\/watv.org\/fr\/overseas-visiting-group\/#breadcrumb"},"inLanguage":"fr-FR","potentialAction":[{"@type":"ReadAction","target":["https:\/\/watv.org\/fr\/overseas-visiting-group\/"]}]},{"@type":"ImageObject","inLanguage":"fr-FR","@id":"https:\/\/watv.org\/fr\/overseas-visiting-group\/#primaryimage","url":"https:\/\/watv.org\/wp-content\/uploads\/2022\/06\/image-1.jpeg","contentUrl":"https:\/\/watv.org\/wp-content\/uploads\/2022\/06\/image-1.jpeg","width":1140,"height":712},{"@type":"BreadcrumbList","@id":"https:\/\/watv.org\/fr\/overseas-visiting-group\/#breadcrumb","itemListElement":[{"@type":"ListItem","position":1,"name":"Home","item":"https:\/\/watv.org\/index\/"},{"@type":"ListItem","position":2,"name":"Mission mondiale","item":"https:\/\/watv.org\/fr\/world\/"},{"@type":"ListItem","position":3,"name":"Groupe de visiteurs internationaux"}]},{"@type":"WebSite","@id":"https:\/\/watv.org\/fr\/#website","url":"https:\/\/watv.org\/fr\/","name":"L&#039;\u00c9GLISE DE DIEU SOCI\u00c9T\u00c9 DE LA MISSION MONDIALE","description":"With Mother\u2019s heartwarming love, we deliver eternal happiness to seven billion people in the world.","publisher":{"@id":"https:\/\/watv.org\/fr\/#organization"},"potentialAction":[{"@type":"SearchAction","target":{"@type":"EntryPoint","urlTemplate":"https:\/\/watv.org\/fr\/?s={search_term_string}"},"query-input":{"@type":"PropertyValueSpecification","valueRequired":true,"valueName":"search_term_string"}}],"inLanguage":"fr-FR"},{"@type":"Organization","@id":"https:\/\/watv.org\/fr\/#organization","name":"World Mission Society Church of God - \ud558\ub098\ub2d8\uc758\uad50\ud68c \uc138\uacc4\ubcf5\uc74c\uc120\uad50\ud611\ud68c","url":"https:\/\/watv.org\/fr\/","logo":{"@type":"ImageObject","inLanguage":"fr-FR","@id":"https:\/\/watv.org\/fr\/#\/schema\/logo\/image\/","url":"https:\/\/watv.org\/wp-content\/uploads\/2022\/06\/WorldMissionSociety_ChurchofGod_Symbol_Logo.png","contentUrl":"https:\/\/watv.org\/wp-content\/uploads\/2022\/06\/WorldMissionSociety_ChurchofGod_Symbol_Logo.png","width":1001,"height":1331,"caption":"World Mission Society Church of God - \ud558\ub098\ub2d8\uc758\uad50\ud68c \uc138\uacc4\ubcf5\uc74c\uc120\uad50\ud611\ud68c"},"image":{"@id":"https:\/\/watv.org\/fr\/#\/schema\/logo\/image\/"},"sameAs":["https:\/\/www.youtube.com\/channel\/UCioiBk9rS5Dv5j66hUipsuQ"]}]}},"_links":{"self":[{"href":"https:\/\/watv.org\/fr\/wp-json\/wp\/v2\/pages\/155337","targetHints":{"allow":["GET"]}}],"collection":[{"href":"https:\/\/watv.org\/fr\/wp-json\/wp\/v2\/pages"}],"about":[{"href":"https:\/\/watv.org\/fr\/wp-json\/wp\/v2\/types\/page"}],"author":[{"embeddable":true,"href":"https:\/\/watv.org\/fr\/wp-json\/wp\/v2\/users\/21"}],"replies":[{"embeddable":true,"href":"https:\/\/watv.org\/fr\/wp-json\/wp\/v2\/comments?post=155337"}],"version-history":[{"count":1,"href":"https:\/\/watv.org\/fr\/wp-json\/wp\/v2\/pages\/155337\/revisions"}],"predecessor-version":[{"id":156181,"href":"https:\/\/watv.org\/fr\/wp-json\/wp\/v2\/pages\/155337\/revisions\/156181"}],"up":[{"embeddable":true,"href":"https:\/\/watv.org\/fr\/wp-json\/wp\/v2\/pages\/155314"}],"wp:featuredmedia":[{"embeddable":true,"href":"https:\/\/watv.org\/fr\/wp-json\/wp\/v2\/media\/155339"}],"wp:attachment":[{"href":"https:\/\/watv.org\/fr\/wp-json\/wp\/v2\/media?parent=155337"}],"curies":[{"name":"wp","href":"https:\/\/api.w.org\/{rel}","templated":true}]}}