{"id":20930,"date":"2019-01-16T15:52:26","date_gmt":"2019-01-16T06:52:26","guid":{"rendered":"https:\/\/watv.org\/intro\/award\/"},"modified":"2025-06-13T16:11:38","modified_gmt":"2025-06-13T07:11:38","slug":"award","status":"publish","type":"page","link":"https:\/\/watv.org\/pt\/award\/","title":{"rendered":"Principais Pr\u00eamios"},"content":{"rendered":"","protected":false},"excerpt":{"rendered":"O mundo est\u00e1 se comovendo atrav\u00e9s do amor de Deus para com a humanidade. A Igreja de Deus ajuda o pr\u00f3ximo e as comunidades com sinceros servi\u00e7os volunt\u00e1rios nesta \u00e9poca em que prevalecem o individualismo e o ego\u00edsmo. Os governos, as institui\u00e7\u00f5es e as organiza\u00e7\u00f5es de distintos pa\u00edses t\u00eam premiado a Igreja com mais de 5.000 medalhas, men\u00e7\u00f5es e certificados de aprecia\u00e7\u00e3o.","protected":false},"author":21,"featured_media":20931,"parent":20900,"menu_order":7,"comment_status":"closed","ping_status":"closed","template":"","meta":{"footnotes":""},"class_list":["post-20930","page","type-page","status-publish","has-post-thumbnail","hentry"],"yoast_head":"<!-- This site is optimized with the Yoast SEO plugin v26.2 - https:\/\/yoast.com\/wordpress\/plugins\/seo\/ -->\n<title>Principais Pr\u00eamios - Igreja de Deus Sociedade Mission\u00e1ria Mundial<\/title>\n<meta name=\"robots\" content=\"index, follow, max-snippet:-1, max-image-preview:large, max-video-preview:-1\" \/>\n<link rel=\"canonical\" href=\"https:\/\/watv.org\/pt\/award\/\" \/>\n<meta property=\"og:locale\" content=\"pt_BR\" \/>\n<meta property=\"og:type\" content=\"article\" \/>\n<meta property=\"og:title\" content=\"Principais Pr\u00eamios - Igreja de Deus Sociedade Mission\u00e1ria Mundial\" \/>\n<meta property=\"og:description\" content=\"O mundo est\u00e1 se comovendo atrav\u00e9s do amor de Deus para com a humanidade. A Igreja de Deus ajuda o pr\u00f3ximo e as comunidades com sinceros servi\u00e7os volunt\u00e1rios nesta \u00e9poca em que prevalecem o individualismo e o ego\u00edsmo. Os governos, as institui\u00e7\u00f5es e as organiza\u00e7\u00f5es de distintos pa\u00edses t\u00eam premiado a Igreja com mais de 5.000 medalhas, men\u00e7\u00f5es e certificados de aprecia\u00e7\u00e3o.\" \/>\n<meta property=\"og:url\" content=\"https:\/\/watv.org\/pt\/award\/\" \/>\n<meta property=\"og:site_name\" content=\"Igreja de Deus Sociedade Mission\u00e1ria Mundial\" \/>\n<meta property=\"article:modified_time\" content=\"2025-06-13T07:11:38+00:00\" \/>\n<meta property=\"og:image\" content=\"https:\/\/watv.org\/wp-content\/uploads\/2019\/03\/intro_award_visual@2x.jpg\" \/>\n\t<meta property=\"og:image:width\" content=\"4000\" \/>\n\t<meta property=\"og:image:height\" content=\"1224\" \/>\n\t<meta property=\"og:image:type\" content=\"image\/jpeg\" \/>\n<meta name=\"twitter:card\" content=\"summary_large_image\" \/>\n<script type=\"application\/ld+json\" class=\"yoast-schema-graph\">{\"@context\":\"https:\/\/schema.org\",\"@graph\":[{\"@type\":\"WebPage\",\"@id\":\"https:\/\/watv.org\/pt\/award\/\",\"url\":\"https:\/\/watv.org\/pt\/award\/\",\"name\":\"Principais Pr\u00eamios - Igreja de Deus Sociedade Mission\u00e1ria Mundial\",\"isPartOf\":{\"@id\":\"https:\/\/watv.org\/pt\/#website\"},\"primaryImageOfPage\":{\"@id\":\"https:\/\/watv.org\/pt\/award\/#primaryimage\"},\"image\":{\"@id\":\"https:\/\/watv.org\/pt\/award\/#primaryimage\"},\"thumbnailUrl\":\"https:\/\/watv.org\/wp-content\/uploads\/2019\/03\/intro_award_visual@2x.jpg\",\"datePublished\":\"2019-01-16T06:52:26+00:00\",\"dateModified\":\"2025-06-13T07:11:38+00:00\",\"breadcrumb\":{\"@id\":\"https:\/\/watv.org\/pt\/award\/#breadcrumb\"},\"inLanguage\":\"pt-BR\",\"potentialAction\":[{\"@type\":\"ReadAction\",\"target\":[\"https:\/\/watv.org\/pt\/award\/\"]}]},{\"@type\":\"ImageObject\",\"inLanguage\":\"pt-BR\",\"@id\":\"https:\/\/watv.org\/pt\/award\/#primaryimage\",\"url\":\"https:\/\/watv.org\/wp-content\/uploads\/2019\/03\/intro_award_visual@2x.jpg\",\"contentUrl\":\"https:\/\/watv.org\/wp-content\/uploads\/2019\/03\/intro_award_visual@2x.jpg\",\"width\":4000,\"height\":1224},{\"@type\":\"BreadcrumbList\",\"@id\":\"https:\/\/watv.org\/pt\/award\/#breadcrumb\",\"itemListElement\":[{\"@type\":\"ListItem\",\"position\":1,\"name\":\"Home\",\"item\":\"https:\/\/watv.org\/pt\/\"},{\"@type\":\"ListItem\",\"position\":2,\"name\":\"Sobre N\u00f3s\",\"item\":\"https:\/\/watv.org\/pt\/intro\/\"},{\"@type\":\"ListItem\",\"position\":3,\"name\":\"Principais Pr\u00eamios\"}]},{\"@type\":\"WebSite\",\"@id\":\"https:\/\/watv.org\/pt\/#website\",\"url\":\"https:\/\/watv.org\/pt\/\",\"name\":\"Igreja de Deus Sociedade Mission\u00e1ria Mundial\",\"description\":\"With Mother\u2019s heartwarming love, we deliver eternal happiness to seven billion people in the world.\",\"publisher\":{\"@id\":\"https:\/\/watv.org\/pt\/#organization\"},\"potentialAction\":[{\"@type\":\"SearchAction\",\"target\":{\"@type\":\"EntryPoint\",\"urlTemplate\":\"https:\/\/watv.org\/pt\/?s={search_term_string}\"},\"query-input\":{\"@type\":\"PropertyValueSpecification\",\"valueRequired\":true,\"valueName\":\"search_term_string\"}}],\"inLanguage\":\"pt-BR\"},{\"@type\":\"Organization\",\"@id\":\"https:\/\/watv.org\/pt\/#organization\",\"name\":\"World Mission Society Church of God - \ud558\ub098\ub2d8\uc758\uad50\ud68c \uc138\uacc4\ubcf5\uc74c\uc120\uad50\ud611\ud68c\",\"url\":\"https:\/\/watv.org\/pt\/\",\"logo\":{\"@type\":\"ImageObject\",\"inLanguage\":\"pt-BR\",\"@id\":\"https:\/\/watv.org\/pt\/#\/schema\/logo\/image\/\",\"url\":\"https:\/\/watv.org\/wp-content\/uploads\/2022\/06\/WorldMissionSociety_ChurchofGod_Symbol_Logo.png\",\"contentUrl\":\"https:\/\/watv.org\/wp-content\/uploads\/2022\/06\/WorldMissionSociety_ChurchofGod_Symbol_Logo.png\",\"width\":1001,\"height\":1331,\"caption\":\"World Mission Society Church of God - \ud558\ub098\ub2d8\uc758\uad50\ud68c \uc138\uacc4\ubcf5\uc74c\uc120\uad50\ud611\ud68c\"},\"image\":{\"@id\":\"https:\/\/watv.org\/pt\/#\/schema\/logo\/image\/\"},\"sameAs\":[\"https:\/\/www.youtube.com\/channel\/UCioiBk9rS5Dv5j66hUipsuQ\"]}]}<\/script>\n<!-- \/ Yoast SEO plugin. -->","yoast_head_json":{"title":"Principais Pr\u00eamios - Igreja de Deus Sociedade Mission\u00e1ria Mundial","robots":{"index":"index","follow":"follow","max-snippet":"max-snippet:-1","max-image-preview":"max-image-preview:large","max-video-preview":"max-video-preview:-1"},"canonical":"https:\/\/watv.org\/pt\/award\/","og_locale":"pt_BR","og_type":"article","og_title":"Principais Pr\u00eamios - Igreja de Deus Sociedade Mission\u00e1ria Mundial","og_description":"O mundo est\u00e1 se comovendo atrav\u00e9s do amor de Deus para com a humanidade. A Igreja de Deus ajuda o pr\u00f3ximo e as comunidades com sinceros servi\u00e7os volunt\u00e1rios nesta \u00e9poca em que prevalecem o individualismo e o ego\u00edsmo. Os governos, as institui\u00e7\u00f5es e as organiza\u00e7\u00f5es de distintos pa\u00edses t\u00eam premiado a Igreja com mais de 5.000 medalhas, men\u00e7\u00f5es e certificados de aprecia\u00e7\u00e3o.","og_url":"https:\/\/watv.org\/pt\/award\/","og_site_name":"Igreja de Deus Sociedade Mission\u00e1ria Mundial","article_modified_time":"2025-06-13T07:11:38+00:00","og_image":[{"width":4000,"height":1224,"url":"https:\/\/watv.org\/wp-content\/uploads\/2019\/03\/intro_award_visual@2x.jpg","type":"image\/jpeg"}],"twitter_card":"summary_large_image","schema":{"@context":"https:\/\/schema.org","@graph":[{"@type":"WebPage","@id":"https:\/\/watv.org\/pt\/award\/","url":"https:\/\/watv.org\/pt\/award\/","name":"Principais Pr\u00eamios - Igreja de Deus Sociedade Mission\u00e1ria Mundial","isPartOf":{"@id":"https:\/\/watv.org\/pt\/#website"},"primaryImageOfPage":{"@id":"https:\/\/watv.org\/pt\/award\/#primaryimage"},"image":{"@id":"https:\/\/watv.org\/pt\/award\/#primaryimage"},"thumbnailUrl":"https:\/\/watv.org\/wp-content\/uploads\/2019\/03\/intro_award_visual@2x.jpg","datePublished":"2019-01-16T06:52:26+00:00","dateModified":"2025-06-13T07:11:38+00:00","breadcrumb":{"@id":"https:\/\/watv.org\/pt\/award\/#breadcrumb"},"inLanguage":"pt-BR","potentialAction":[{"@type":"ReadAction","target":["https:\/\/watv.org\/pt\/award\/"]}]},{"@type":"ImageObject","inLanguage":"pt-BR","@id":"https:\/\/watv.org\/pt\/award\/#primaryimage","url":"https:\/\/watv.org\/wp-content\/uploads\/2019\/03\/intro_award_visual@2x.jpg","contentUrl":"https:\/\/watv.org\/wp-content\/uploads\/2019\/03\/intro_award_visual@2x.jpg","width":4000,"height":1224},{"@type":"BreadcrumbList","@id":"https:\/\/watv.org\/pt\/award\/#breadcrumb","itemListElement":[{"@type":"ListItem","position":1,"name":"Home","item":"https:\/\/watv.org\/pt\/"},{"@type":"ListItem","position":2,"name":"Sobre N\u00f3s","item":"https:\/\/watv.org\/pt\/intro\/"},{"@type":"ListItem","position":3,"name":"Principais Pr\u00eamios"}]},{"@type":"WebSite","@id":"https:\/\/watv.org\/pt\/#website","url":"https:\/\/watv.org\/pt\/","name":"Igreja de Deus Sociedade Mission\u00e1ria Mundial","description":"With Mother\u2019s heartwarming love, we deliver eternal happiness to seven billion people in the world.","publisher":{"@id":"https:\/\/watv.org\/pt\/#organization"},"potentialAction":[{"@type":"SearchAction","target":{"@type":"EntryPoint","urlTemplate":"https:\/\/watv.org\/pt\/?s={search_term_string}"},"query-input":{"@type":"PropertyValueSpecification","valueRequired":true,"valueName":"search_term_string"}}],"inLanguage":"pt-BR"},{"@type":"Organization","@id":"https:\/\/watv.org\/pt\/#organization","name":"World Mission Society Church of God - \ud558\ub098\ub2d8\uc758\uad50\ud68c \uc138\uacc4\ubcf5\uc74c\uc120\uad50\ud611\ud68c","url":"https:\/\/watv.org\/pt\/","logo":{"@type":"ImageObject","inLanguage":"pt-BR","@id":"https:\/\/watv.org\/pt\/#\/schema\/logo\/image\/","url":"https:\/\/watv.org\/wp-content\/uploads\/2022\/06\/WorldMissionSociety_ChurchofGod_Symbol_Logo.png","contentUrl":"https:\/\/watv.org\/wp-content\/uploads\/2022\/06\/WorldMissionSociety_ChurchofGod_Symbol_Logo.png","width":1001,"height":1331,"caption":"World Mission Society Church of God - \ud558\ub098\ub2d8\uc758\uad50\ud68c \uc138\uacc4\ubcf5\uc74c\uc120\uad50\ud611\ud68c"},"image":{"@id":"https:\/\/watv.org\/pt\/#\/schema\/logo\/image\/"},"sameAs":["https:\/\/www.youtube.com\/channel\/UCioiBk9rS5Dv5j66hUipsuQ"]}]}},"_links":{"self":[{"href":"https:\/\/watv.org\/pt\/wp-json\/wp\/v2\/pages\/20930","targetHints":{"allow":["GET"]}}],"collection":[{"href":"https:\/\/watv.org\/pt\/wp-json\/wp\/v2\/pages"}],"about":[{"href":"https:\/\/watv.org\/pt\/wp-json\/wp\/v2\/types\/page"}],"author":[{"embeddable":true,"href":"https:\/\/watv.org\/pt\/wp-json\/wp\/v2\/users\/21"}],"replies":[{"embeddable":true,"href":"https:\/\/watv.org\/pt\/wp-json\/wp\/v2\/comments?post=20930"}],"version-history":[{"count":2,"href":"https:\/\/watv.org\/pt\/wp-json\/wp\/v2\/pages\/20930\/revisions"}],"predecessor-version":[{"id":138187,"href":"https:\/\/watv.org\/pt\/wp-json\/wp\/v2\/pages\/20930\/revisions\/138187"}],"up":[{"embeddable":true,"href":"https:\/\/watv.org\/pt\/wp-json\/wp\/v2\/pages\/20900"}],"wp:featuredmedia":[{"embeddable":true,"href":"https:\/\/watv.org\/pt\/wp-json\/wp\/v2\/media\/20931"}],"wp:attachment":[{"href":"https:\/\/watv.org\/pt\/wp-json\/wp\/v2\/media?parent=20930"}],"curies":[{"name":"wp","href":"https:\/\/api.w.org\/{rel}","templated":true}]}}