{"id":21007,"date":"2018-12-27T17:38:00","date_gmt":"2018-12-27T08:38:00","guid":{"rendered":"https:\/\/watv.org\/world\/"},"modified":"2022-06-27T20:19:48","modified_gmt":"2022-06-27T11:19:48","slug":"world","status":"publish","type":"page","link":"https:\/\/watv.org\/pt\/world\/","title":{"rendered":"Evangeliza\u00e7\u00e3o Mundial"},"content":{"rendered":"","protected":false},"excerpt":{"rendered":"No Himalaia, o telhado do mundo, e na selva amaz\u00f4nica, a Nova Alian\u00e7a \u00e9 guardada.","protected":false},"author":21,"featured_media":62361,"parent":0,"menu_order":0,"comment_status":"closed","ping_status":"closed","template":"","meta":{"footnotes":""},"class_list":["post-21007","page","type-page","status-publish","has-post-thumbnail","hentry"],"yoast_head":"<!-- This site is optimized with the Yoast SEO plugin v26.2 - https:\/\/yoast.com\/wordpress\/plugins\/seo\/ -->\n<title>Evangeliza\u00e7\u00e3o Mundial - Igreja de Deus Sociedade Mission\u00e1ria Mundial<\/title>\n<meta name=\"robots\" content=\"index, follow, max-snippet:-1, max-image-preview:large, max-video-preview:-1\" \/>\n<link rel=\"canonical\" href=\"https:\/\/watv.org\/pt\/world\/\" \/>\n<meta property=\"og:locale\" content=\"pt_BR\" \/>\n<meta property=\"og:type\" content=\"article\" \/>\n<meta property=\"og:title\" content=\"Evangeliza\u00e7\u00e3o Mundial - Igreja de Deus Sociedade Mission\u00e1ria Mundial\" \/>\n<meta property=\"og:description\" content=\"No Himalaia, o telhado do mundo, e na selva amaz\u00f4nica, a Nova Alian\u00e7a \u00e9 guardada.\" \/>\n<meta property=\"og:url\" content=\"https:\/\/watv.org\/pt\/world\/\" \/>\n<meta property=\"og:site_name\" content=\"Igreja de Deus Sociedade Mission\u00e1ria Mundial\" \/>\n<meta property=\"article:modified_time\" content=\"2022-06-27T11:19:48+00:00\" \/>\n<meta property=\"og:image\" content=\"https:\/\/watv.org\/wp-content\/uploads\/2022\/06\/image.jpeg\" \/>\n\t<meta property=\"og:image:width\" content=\"790\" \/>\n\t<meta property=\"og:image:height\" content=\"690\" \/>\n\t<meta property=\"og:image:type\" content=\"image\/jpeg\" \/>\n<meta name=\"twitter:card\" content=\"summary_large_image\" \/>\n<script type=\"application\/ld+json\" class=\"yoast-schema-graph\">{\"@context\":\"https:\/\/schema.org\",\"@graph\":[{\"@type\":\"WebPage\",\"@id\":\"https:\/\/watv.org\/pt\/world\/\",\"url\":\"https:\/\/watv.org\/pt\/world\/\",\"name\":\"Evangeliza\u00e7\u00e3o Mundial - Igreja de Deus Sociedade Mission\u00e1ria Mundial\",\"isPartOf\":{\"@id\":\"https:\/\/watv.org\/pt\/#website\"},\"primaryImageOfPage\":{\"@id\":\"https:\/\/watv.org\/pt\/world\/#primaryimage\"},\"image\":{\"@id\":\"https:\/\/watv.org\/pt\/world\/#primaryimage\"},\"thumbnailUrl\":\"https:\/\/watv.org\/wp-content\/uploads\/2022\/06\/image.jpeg\",\"datePublished\":\"2018-12-27T08:38:00+00:00\",\"dateModified\":\"2022-06-27T11:19:48+00:00\",\"breadcrumb\":{\"@id\":\"https:\/\/watv.org\/pt\/world\/#breadcrumb\"},\"inLanguage\":\"pt-BR\",\"potentialAction\":[{\"@type\":\"ReadAction\",\"target\":[\"https:\/\/watv.org\/pt\/world\/\"]}]},{\"@type\":\"ImageObject\",\"inLanguage\":\"pt-BR\",\"@id\":\"https:\/\/watv.org\/pt\/world\/#primaryimage\",\"url\":\"https:\/\/watv.org\/wp-content\/uploads\/2022\/06\/image.jpeg\",\"contentUrl\":\"https:\/\/watv.org\/wp-content\/uploads\/2022\/06\/image.jpeg\",\"width\":790,\"height\":690},{\"@type\":\"BreadcrumbList\",\"@id\":\"https:\/\/watv.org\/pt\/world\/#breadcrumb\",\"itemListElement\":[{\"@type\":\"ListItem\",\"position\":1,\"name\":\"Home\",\"item\":\"https:\/\/watv.org\/pt\/\"},{\"@type\":\"ListItem\",\"position\":2,\"name\":\"Evangeliza\u00e7\u00e3o Mundial\"}]},{\"@type\":\"WebSite\",\"@id\":\"https:\/\/watv.org\/pt\/#website\",\"url\":\"https:\/\/watv.org\/pt\/\",\"name\":\"Igreja de Deus Sociedade Mission\u00e1ria Mundial\",\"description\":\"With Mother\u2019s heartwarming love, we deliver eternal happiness to seven billion people in the world.\",\"publisher\":{\"@id\":\"https:\/\/watv.org\/pt\/#organization\"},\"potentialAction\":[{\"@type\":\"SearchAction\",\"target\":{\"@type\":\"EntryPoint\",\"urlTemplate\":\"https:\/\/watv.org\/pt\/?s={search_term_string}\"},\"query-input\":{\"@type\":\"PropertyValueSpecification\",\"valueRequired\":true,\"valueName\":\"search_term_string\"}}],\"inLanguage\":\"pt-BR\"},{\"@type\":\"Organization\",\"@id\":\"https:\/\/watv.org\/pt\/#organization\",\"name\":\"World Mission Society Church of God - \ud558\ub098\ub2d8\uc758\uad50\ud68c \uc138\uacc4\ubcf5\uc74c\uc120\uad50\ud611\ud68c\",\"url\":\"https:\/\/watv.org\/pt\/\",\"logo\":{\"@type\":\"ImageObject\",\"inLanguage\":\"pt-BR\",\"@id\":\"https:\/\/watv.org\/pt\/#\/schema\/logo\/image\/\",\"url\":\"https:\/\/watv.org\/wp-content\/uploads\/2022\/06\/WorldMissionSociety_ChurchofGod_Symbol_Logo.png\",\"contentUrl\":\"https:\/\/watv.org\/wp-content\/uploads\/2022\/06\/WorldMissionSociety_ChurchofGod_Symbol_Logo.png\",\"width\":1001,\"height\":1331,\"caption\":\"World Mission Society Church of God - \ud558\ub098\ub2d8\uc758\uad50\ud68c \uc138\uacc4\ubcf5\uc74c\uc120\uad50\ud611\ud68c\"},\"image\":{\"@id\":\"https:\/\/watv.org\/pt\/#\/schema\/logo\/image\/\"},\"sameAs\":[\"https:\/\/www.youtube.com\/channel\/UCioiBk9rS5Dv5j66hUipsuQ\"]}]}<\/script>\n<!-- \/ Yoast SEO plugin. -->","yoast_head_json":{"title":"Evangeliza\u00e7\u00e3o Mundial - Igreja de Deus Sociedade Mission\u00e1ria Mundial","robots":{"index":"index","follow":"follow","max-snippet":"max-snippet:-1","max-image-preview":"max-image-preview:large","max-video-preview":"max-video-preview:-1"},"canonical":"https:\/\/watv.org\/pt\/world\/","og_locale":"pt_BR","og_type":"article","og_title":"Evangeliza\u00e7\u00e3o Mundial - Igreja de Deus Sociedade Mission\u00e1ria Mundial","og_description":"No Himalaia, o telhado do mundo, e na selva amaz\u00f4nica, a Nova Alian\u00e7a \u00e9 guardada.","og_url":"https:\/\/watv.org\/pt\/world\/","og_site_name":"Igreja de Deus Sociedade Mission\u00e1ria Mundial","article_modified_time":"2022-06-27T11:19:48+00:00","og_image":[{"width":790,"height":690,"url":"https:\/\/watv.org\/wp-content\/uploads\/2022\/06\/image.jpeg","type":"image\/jpeg"}],"twitter_card":"summary_large_image","schema":{"@context":"https:\/\/schema.org","@graph":[{"@type":"WebPage","@id":"https:\/\/watv.org\/pt\/world\/","url":"https:\/\/watv.org\/pt\/world\/","name":"Evangeliza\u00e7\u00e3o Mundial - Igreja de Deus Sociedade Mission\u00e1ria Mundial","isPartOf":{"@id":"https:\/\/watv.org\/pt\/#website"},"primaryImageOfPage":{"@id":"https:\/\/watv.org\/pt\/world\/#primaryimage"},"image":{"@id":"https:\/\/watv.org\/pt\/world\/#primaryimage"},"thumbnailUrl":"https:\/\/watv.org\/wp-content\/uploads\/2022\/06\/image.jpeg","datePublished":"2018-12-27T08:38:00+00:00","dateModified":"2022-06-27T11:19:48+00:00","breadcrumb":{"@id":"https:\/\/watv.org\/pt\/world\/#breadcrumb"},"inLanguage":"pt-BR","potentialAction":[{"@type":"ReadAction","target":["https:\/\/watv.org\/pt\/world\/"]}]},{"@type":"ImageObject","inLanguage":"pt-BR","@id":"https:\/\/watv.org\/pt\/world\/#primaryimage","url":"https:\/\/watv.org\/wp-content\/uploads\/2022\/06\/image.jpeg","contentUrl":"https:\/\/watv.org\/wp-content\/uploads\/2022\/06\/image.jpeg","width":790,"height":690},{"@type":"BreadcrumbList","@id":"https:\/\/watv.org\/pt\/world\/#breadcrumb","itemListElement":[{"@type":"ListItem","position":1,"name":"Home","item":"https:\/\/watv.org\/pt\/"},{"@type":"ListItem","position":2,"name":"Evangeliza\u00e7\u00e3o Mundial"}]},{"@type":"WebSite","@id":"https:\/\/watv.org\/pt\/#website","url":"https:\/\/watv.org\/pt\/","name":"Igreja de Deus Sociedade Mission\u00e1ria Mundial","description":"With Mother\u2019s heartwarming love, we deliver eternal happiness to seven billion people in the world.","publisher":{"@id":"https:\/\/watv.org\/pt\/#organization"},"potentialAction":[{"@type":"SearchAction","target":{"@type":"EntryPoint","urlTemplate":"https:\/\/watv.org\/pt\/?s={search_term_string}"},"query-input":{"@type":"PropertyValueSpecification","valueRequired":true,"valueName":"search_term_string"}}],"inLanguage":"pt-BR"},{"@type":"Organization","@id":"https:\/\/watv.org\/pt\/#organization","name":"World Mission Society Church of God - \ud558\ub098\ub2d8\uc758\uad50\ud68c \uc138\uacc4\ubcf5\uc74c\uc120\uad50\ud611\ud68c","url":"https:\/\/watv.org\/pt\/","logo":{"@type":"ImageObject","inLanguage":"pt-BR","@id":"https:\/\/watv.org\/pt\/#\/schema\/logo\/image\/","url":"https:\/\/watv.org\/wp-content\/uploads\/2022\/06\/WorldMissionSociety_ChurchofGod_Symbol_Logo.png","contentUrl":"https:\/\/watv.org\/wp-content\/uploads\/2022\/06\/WorldMissionSociety_ChurchofGod_Symbol_Logo.png","width":1001,"height":1331,"caption":"World Mission Society Church of God - \ud558\ub098\ub2d8\uc758\uad50\ud68c \uc138\uacc4\ubcf5\uc74c\uc120\uad50\ud611\ud68c"},"image":{"@id":"https:\/\/watv.org\/pt\/#\/schema\/logo\/image\/"},"sameAs":["https:\/\/www.youtube.com\/channel\/UCioiBk9rS5Dv5j66hUipsuQ"]}]}},"_links":{"self":[{"href":"https:\/\/watv.org\/pt\/wp-json\/wp\/v2\/pages\/21007","targetHints":{"allow":["GET"]}}],"collection":[{"href":"https:\/\/watv.org\/pt\/wp-json\/wp\/v2\/pages"}],"about":[{"href":"https:\/\/watv.org\/pt\/wp-json\/wp\/v2\/types\/page"}],"author":[{"embeddable":true,"href":"https:\/\/watv.org\/pt\/wp-json\/wp\/v2\/users\/21"}],"replies":[{"embeddable":true,"href":"https:\/\/watv.org\/pt\/wp-json\/wp\/v2\/comments?post=21007"}],"version-history":[{"count":3,"href":"https:\/\/watv.org\/pt\/wp-json\/wp\/v2\/pages\/21007\/revisions"}],"predecessor-version":[{"id":62851,"href":"https:\/\/watv.org\/pt\/wp-json\/wp\/v2\/pages\/21007\/revisions\/62851"}],"wp:featuredmedia":[{"embeddable":true,"href":"https:\/\/watv.org\/pt\/wp-json\/wp\/v2\/media\/62361"}],"wp:attachment":[{"href":"https:\/\/watv.org\/pt\/wp-json\/wp\/v2\/media?parent=21007"}],"curies":[{"name":"wp","href":"https:\/\/api.w.org\/{rel}","templated":true}]}}