{"id":21023,"date":"2019-01-16T14:51:02","date_gmt":"2019-01-16T05:51:02","guid":{"rendered":"https:\/\/watv.org\/world\/overseas-visiting-group\/"},"modified":"2022-06-27T20:29:47","modified_gmt":"2022-06-27T11:29:47","slug":"overseas-visiting-group","status":"publish","type":"page","link":"https:\/\/watv.org\/pt\/overseas-visiting-group\/","title":{"rendered":"Grupo Visitante do Exterior"},"content":{"rendered":"","protected":false},"excerpt":{"rendered":"Encontrar Deus M\u00e3e","protected":false},"author":21,"featured_media":62379,"parent":21007,"menu_order":9,"comment_status":"closed","ping_status":"closed","template":"","meta":{"footnotes":""},"class_list":["post-21023","page","type-page","status-publish","has-post-thumbnail","hentry"],"yoast_head":"<!-- This site is optimized with the Yoast SEO plugin v26.2 - https:\/\/yoast.com\/wordpress\/plugins\/seo\/ -->\n<title>Grupo Visitante do Exterior - Igreja de Deus Sociedade Mission\u00e1ria Mundial<\/title>\n<meta name=\"description\" content=\"Os Grupos Visitantes do Exterior visitam a Coreia para encontrar Deus M\u00e3e.Seus pa\u00edses, idiomas e culturas s\u00e3o diferentes, mas j\u00e1 que todos eles s\u00e3o a fam\u00edlia espiritual,ent\u00e3o eles se tornam um no amor caloroso da M\u00e3e.\" \/>\n<meta name=\"robots\" content=\"index, follow, max-snippet:-1, max-image-preview:large, max-video-preview:-1\" \/>\n<link rel=\"canonical\" href=\"https:\/\/watv.org\/pt\/overseas-visiting-group\/\" \/>\n<meta property=\"og:locale\" content=\"pt_BR\" \/>\n<meta property=\"og:type\" content=\"article\" \/>\n<meta property=\"og:title\" content=\"Grupo Visitante do Exterior - Igreja de Deus Sociedade Mission\u00e1ria Mundial\" \/>\n<meta property=\"og:description\" content=\"Os Grupos Visitantes do Exterior visitam a Coreia para encontrar Deus M\u00e3e.Seus pa\u00edses, idiomas e culturas s\u00e3o diferentes, mas j\u00e1 que todos eles s\u00e3o a fam\u00edlia espiritual,ent\u00e3o eles se tornam um no amor caloroso da M\u00e3e.\" \/>\n<meta property=\"og:url\" content=\"https:\/\/watv.org\/pt\/overseas-visiting-group\/\" \/>\n<meta property=\"og:site_name\" content=\"Igreja de Deus Sociedade Mission\u00e1ria Mundial\" \/>\n<meta property=\"article:modified_time\" content=\"2022-06-27T11:29:47+00:00\" \/>\n<meta property=\"og:image\" content=\"https:\/\/watv.org\/wp-content\/uploads\/2022\/06\/image-1.jpeg\" \/>\n\t<meta property=\"og:image:width\" content=\"1140\" \/>\n\t<meta property=\"og:image:height\" content=\"712\" \/>\n\t<meta property=\"og:image:type\" content=\"image\/jpeg\" \/>\n<meta name=\"twitter:card\" content=\"summary_large_image\" \/>\n<script type=\"application\/ld+json\" class=\"yoast-schema-graph\">{\"@context\":\"https:\/\/schema.org\",\"@graph\":[{\"@type\":\"WebPage\",\"@id\":\"https:\/\/watv.org\/pt\/overseas-visiting-group\/\",\"url\":\"https:\/\/watv.org\/pt\/overseas-visiting-group\/\",\"name\":\"Grupo Visitante do Exterior - Igreja de Deus Sociedade Mission\u00e1ria Mundial\",\"isPartOf\":{\"@id\":\"https:\/\/watv.org\/pt\/#website\"},\"primaryImageOfPage\":{\"@id\":\"https:\/\/watv.org\/pt\/overseas-visiting-group\/#primaryimage\"},\"image\":{\"@id\":\"https:\/\/watv.org\/pt\/overseas-visiting-group\/#primaryimage\"},\"thumbnailUrl\":\"https:\/\/watv.org\/wp-content\/uploads\/2022\/06\/image-1.jpeg\",\"datePublished\":\"2019-01-16T05:51:02+00:00\",\"dateModified\":\"2022-06-27T11:29:47+00:00\",\"description\":\"Os Grupos Visitantes do Exterior visitam a Coreia para encontrar Deus M\u00e3e.Seus pa\u00edses, idiomas e culturas s\u00e3o diferentes, mas j\u00e1 que todos eles s\u00e3o a fam\u00edlia espiritual,ent\u00e3o eles se tornam um no amor caloroso da M\u00e3e.\",\"breadcrumb\":{\"@id\":\"https:\/\/watv.org\/pt\/overseas-visiting-group\/#breadcrumb\"},\"inLanguage\":\"pt-BR\",\"potentialAction\":[{\"@type\":\"ReadAction\",\"target\":[\"https:\/\/watv.org\/pt\/overseas-visiting-group\/\"]}]},{\"@type\":\"ImageObject\",\"inLanguage\":\"pt-BR\",\"@id\":\"https:\/\/watv.org\/pt\/overseas-visiting-group\/#primaryimage\",\"url\":\"https:\/\/watv.org\/wp-content\/uploads\/2022\/06\/image-1.jpeg\",\"contentUrl\":\"https:\/\/watv.org\/wp-content\/uploads\/2022\/06\/image-1.jpeg\",\"width\":1140,\"height\":712},{\"@type\":\"BreadcrumbList\",\"@id\":\"https:\/\/watv.org\/pt\/overseas-visiting-group\/#breadcrumb\",\"itemListElement\":[{\"@type\":\"ListItem\",\"position\":1,\"name\":\"Home\",\"item\":\"https:\/\/watv.org\/pt\/\"},{\"@type\":\"ListItem\",\"position\":2,\"name\":\"Evangeliza\u00e7\u00e3o Mundial\",\"item\":\"https:\/\/watv.org\/pt\/world\/\"},{\"@type\":\"ListItem\",\"position\":3,\"name\":\"Grupo Visitante do Exterior\"}]},{\"@type\":\"WebSite\",\"@id\":\"https:\/\/watv.org\/pt\/#website\",\"url\":\"https:\/\/watv.org\/pt\/\",\"name\":\"Igreja de Deus Sociedade Mission\u00e1ria Mundial\",\"description\":\"With Mother\u2019s heartwarming love, we deliver eternal happiness to seven billion people in the world.\",\"publisher\":{\"@id\":\"https:\/\/watv.org\/pt\/#organization\"},\"potentialAction\":[{\"@type\":\"SearchAction\",\"target\":{\"@type\":\"EntryPoint\",\"urlTemplate\":\"https:\/\/watv.org\/pt\/?s={search_term_string}\"},\"query-input\":{\"@type\":\"PropertyValueSpecification\",\"valueRequired\":true,\"valueName\":\"search_term_string\"}}],\"inLanguage\":\"pt-BR\"},{\"@type\":\"Organization\",\"@id\":\"https:\/\/watv.org\/pt\/#organization\",\"name\":\"World Mission Society Church of God - \ud558\ub098\ub2d8\uc758\uad50\ud68c \uc138\uacc4\ubcf5\uc74c\uc120\uad50\ud611\ud68c\",\"url\":\"https:\/\/watv.org\/pt\/\",\"logo\":{\"@type\":\"ImageObject\",\"inLanguage\":\"pt-BR\",\"@id\":\"https:\/\/watv.org\/pt\/#\/schema\/logo\/image\/\",\"url\":\"https:\/\/watv.org\/wp-content\/uploads\/2022\/06\/WorldMissionSociety_ChurchofGod_Symbol_Logo.png\",\"contentUrl\":\"https:\/\/watv.org\/wp-content\/uploads\/2022\/06\/WorldMissionSociety_ChurchofGod_Symbol_Logo.png\",\"width\":1001,\"height\":1331,\"caption\":\"World Mission Society Church of God - \ud558\ub098\ub2d8\uc758\uad50\ud68c \uc138\uacc4\ubcf5\uc74c\uc120\uad50\ud611\ud68c\"},\"image\":{\"@id\":\"https:\/\/watv.org\/pt\/#\/schema\/logo\/image\/\"},\"sameAs\":[\"https:\/\/www.youtube.com\/channel\/UCioiBk9rS5Dv5j66hUipsuQ\"]}]}<\/script>\n<!-- \/ Yoast SEO plugin. -->","yoast_head_json":{"title":"Grupo Visitante do Exterior - Igreja de Deus Sociedade Mission\u00e1ria Mundial","description":"Os Grupos Visitantes do Exterior visitam a Coreia para encontrar Deus M\u00e3e.Seus pa\u00edses, idiomas e culturas s\u00e3o diferentes, mas j\u00e1 que todos eles s\u00e3o a fam\u00edlia espiritual,ent\u00e3o eles se tornam um no amor caloroso da M\u00e3e.","robots":{"index":"index","follow":"follow","max-snippet":"max-snippet:-1","max-image-preview":"max-image-preview:large","max-video-preview":"max-video-preview:-1"},"canonical":"https:\/\/watv.org\/pt\/overseas-visiting-group\/","og_locale":"pt_BR","og_type":"article","og_title":"Grupo Visitante do Exterior - Igreja de Deus Sociedade Mission\u00e1ria Mundial","og_description":"Os Grupos Visitantes do Exterior visitam a Coreia para encontrar Deus M\u00e3e.Seus pa\u00edses, idiomas e culturas s\u00e3o diferentes, mas j\u00e1 que todos eles s\u00e3o a fam\u00edlia espiritual,ent\u00e3o eles se tornam um no amor caloroso da M\u00e3e.","og_url":"https:\/\/watv.org\/pt\/overseas-visiting-group\/","og_site_name":"Igreja de Deus Sociedade Mission\u00e1ria Mundial","article_modified_time":"2022-06-27T11:29:47+00:00","og_image":[{"width":1140,"height":712,"url":"https:\/\/watv.org\/wp-content\/uploads\/2022\/06\/image-1.jpeg","type":"image\/jpeg"}],"twitter_card":"summary_large_image","schema":{"@context":"https:\/\/schema.org","@graph":[{"@type":"WebPage","@id":"https:\/\/watv.org\/pt\/overseas-visiting-group\/","url":"https:\/\/watv.org\/pt\/overseas-visiting-group\/","name":"Grupo Visitante do Exterior - Igreja de Deus Sociedade Mission\u00e1ria Mundial","isPartOf":{"@id":"https:\/\/watv.org\/pt\/#website"},"primaryImageOfPage":{"@id":"https:\/\/watv.org\/pt\/overseas-visiting-group\/#primaryimage"},"image":{"@id":"https:\/\/watv.org\/pt\/overseas-visiting-group\/#primaryimage"},"thumbnailUrl":"https:\/\/watv.org\/wp-content\/uploads\/2022\/06\/image-1.jpeg","datePublished":"2019-01-16T05:51:02+00:00","dateModified":"2022-06-27T11:29:47+00:00","description":"Os Grupos Visitantes do Exterior visitam a Coreia para encontrar Deus M\u00e3e.Seus pa\u00edses, idiomas e culturas s\u00e3o diferentes, mas j\u00e1 que todos eles s\u00e3o a fam\u00edlia espiritual,ent\u00e3o eles se tornam um no amor caloroso da M\u00e3e.","breadcrumb":{"@id":"https:\/\/watv.org\/pt\/overseas-visiting-group\/#breadcrumb"},"inLanguage":"pt-BR","potentialAction":[{"@type":"ReadAction","target":["https:\/\/watv.org\/pt\/overseas-visiting-group\/"]}]},{"@type":"ImageObject","inLanguage":"pt-BR","@id":"https:\/\/watv.org\/pt\/overseas-visiting-group\/#primaryimage","url":"https:\/\/watv.org\/wp-content\/uploads\/2022\/06\/image-1.jpeg","contentUrl":"https:\/\/watv.org\/wp-content\/uploads\/2022\/06\/image-1.jpeg","width":1140,"height":712},{"@type":"BreadcrumbList","@id":"https:\/\/watv.org\/pt\/overseas-visiting-group\/#breadcrumb","itemListElement":[{"@type":"ListItem","position":1,"name":"Home","item":"https:\/\/watv.org\/pt\/"},{"@type":"ListItem","position":2,"name":"Evangeliza\u00e7\u00e3o Mundial","item":"https:\/\/watv.org\/pt\/world\/"},{"@type":"ListItem","position":3,"name":"Grupo Visitante do Exterior"}]},{"@type":"WebSite","@id":"https:\/\/watv.org\/pt\/#website","url":"https:\/\/watv.org\/pt\/","name":"Igreja de Deus Sociedade Mission\u00e1ria Mundial","description":"With Mother\u2019s heartwarming love, we deliver eternal happiness to seven billion people in the world.","publisher":{"@id":"https:\/\/watv.org\/pt\/#organization"},"potentialAction":[{"@type":"SearchAction","target":{"@type":"EntryPoint","urlTemplate":"https:\/\/watv.org\/pt\/?s={search_term_string}"},"query-input":{"@type":"PropertyValueSpecification","valueRequired":true,"valueName":"search_term_string"}}],"inLanguage":"pt-BR"},{"@type":"Organization","@id":"https:\/\/watv.org\/pt\/#organization","name":"World Mission Society Church of God - \ud558\ub098\ub2d8\uc758\uad50\ud68c \uc138\uacc4\ubcf5\uc74c\uc120\uad50\ud611\ud68c","url":"https:\/\/watv.org\/pt\/","logo":{"@type":"ImageObject","inLanguage":"pt-BR","@id":"https:\/\/watv.org\/pt\/#\/schema\/logo\/image\/","url":"https:\/\/watv.org\/wp-content\/uploads\/2022\/06\/WorldMissionSociety_ChurchofGod_Symbol_Logo.png","contentUrl":"https:\/\/watv.org\/wp-content\/uploads\/2022\/06\/WorldMissionSociety_ChurchofGod_Symbol_Logo.png","width":1001,"height":1331,"caption":"World Mission Society Church of God - \ud558\ub098\ub2d8\uc758\uad50\ud68c \uc138\uacc4\ubcf5\uc74c\uc120\uad50\ud611\ud68c"},"image":{"@id":"https:\/\/watv.org\/pt\/#\/schema\/logo\/image\/"},"sameAs":["https:\/\/www.youtube.com\/channel\/UCioiBk9rS5Dv5j66hUipsuQ"]}]}},"_links":{"self":[{"href":"https:\/\/watv.org\/pt\/wp-json\/wp\/v2\/pages\/21023","targetHints":{"allow":["GET"]}}],"collection":[{"href":"https:\/\/watv.org\/pt\/wp-json\/wp\/v2\/pages"}],"about":[{"href":"https:\/\/watv.org\/pt\/wp-json\/wp\/v2\/types\/page"}],"author":[{"embeddable":true,"href":"https:\/\/watv.org\/pt\/wp-json\/wp\/v2\/users\/21"}],"replies":[{"embeddable":true,"href":"https:\/\/watv.org\/pt\/wp-json\/wp\/v2\/comments?post=21023"}],"version-history":[{"count":3,"href":"https:\/\/watv.org\/pt\/wp-json\/wp\/v2\/pages\/21023\/revisions"}],"predecessor-version":[{"id":62865,"href":"https:\/\/watv.org\/pt\/wp-json\/wp\/v2\/pages\/21023\/revisions\/62865"}],"up":[{"embeddable":true,"href":"https:\/\/watv.org\/pt\/wp-json\/wp\/v2\/pages\/21007"}],"wp:featuredmedia":[{"embeddable":true,"href":"https:\/\/watv.org\/pt\/wp-json\/wp\/v2\/media\/62379"}],"wp:attachment":[{"href":"https:\/\/watv.org\/pt\/wp-json\/wp\/v2\/media?parent=21023"}],"curies":[{"name":"wp","href":"https:\/\/api.w.org\/{rel}","templated":true}]}}