{"id":10301,"date":"2019-01-16T14:34:06","date_gmt":"2019-01-16T05:34:06","guid":{"rendered":"https:\/\/watv.org\/activity\/global-cooperation\/"},"modified":"2022-07-11T21:49:25","modified_gmt":"2022-07-11T12:49:25","slug":"global-cooperation","status":"publish","type":"page","link":"https:\/\/watv.org\/vi\/global-cooperation\/","title":{"rendered":"H\u1ed9i ngh\u1ecb Hi\u1ec7p l\u1ef1c Qu\u1ed1c t\u1ebf"},"content":{"rendered":"","protected":false},"excerpt":{"rendered":"Ch\u00fang t\u00f4i h\u00ecnh th\u00e0nh quan h\u1ec7 \u0111\u1ed1i t\u00e1c v\u1edbi Li\u00ean Hi\u1ec7p Qu\u1ed1c, c\u01a1 quan ch\u00ednh ph\u1ee7 c\u00e1c n\u01b0\u1edbc, v\u00e0 hi\u1ec7p l\u1ef1c li\u00ean t\u1ee5c v\u00ec m\u1ee5c ti\u00eau chung c\u1ee7a lo\u00e0i ng\u01b0\u1eddi l\u00e0 h\u00f2a b\u00ecnh v\u00e0 h\u1ea1nh ph\u00fac.","protected":false},"author":21,"featured_media":3706,"parent":10299,"menu_order":2,"comment_status":"closed","ping_status":"closed","template":"","meta":{"footnotes":""},"class_list":["post-10301","page","type-page","status-publish","has-post-thumbnail","hentry"],"yoast_head":"<!-- This site is optimized with the Yoast SEO plugin v26.2 - https:\/\/yoast.com\/wordpress\/plugins\/seo\/ -->\n<title>H\u1ed9i ngh\u1ecb Hi\u1ec7p l\u1ef1c Qu\u1ed1c t\u1ebf - H\u1ed9i Th\u00e1nh c\u1ee7a \u0110\u1ee9c Ch\u00faa Tr\u1eddi Hi\u1ec7p H\u1ed9i Truy\u1ec1n Gi\u00e1o Tin L\u00e0nh Th\u1ebf Gi\u1edbi<\/title>\n<meta name=\"robots\" content=\"index, follow, max-snippet:-1, max-image-preview:large, max-video-preview:-1\" \/>\n<link rel=\"canonical\" href=\"https:\/\/watv.org\/vi\/global-cooperation\/\" \/>\n<meta property=\"og:locale\" content=\"vi_VN\" \/>\n<meta property=\"og:type\" content=\"article\" \/>\n<meta property=\"og:title\" content=\"H\u1ed9i ngh\u1ecb Hi\u1ec7p l\u1ef1c Qu\u1ed1c t\u1ebf - H\u1ed9i Th\u00e1nh c\u1ee7a \u0110\u1ee9c Ch\u00faa Tr\u1eddi Hi\u1ec7p H\u1ed9i Truy\u1ec1n Gi\u00e1o Tin L\u00e0nh Th\u1ebf Gi\u1edbi\" \/>\n<meta property=\"og:description\" content=\"Ch\u00fang t\u00f4i h\u00ecnh th\u00e0nh quan h\u1ec7 \u0111\u1ed1i t\u00e1c v\u1edbi Li\u00ean Hi\u1ec7p Qu\u1ed1c, c\u01a1 quan ch\u00ednh ph\u1ee7 c\u00e1c n\u01b0\u1edbc, v\u00e0 hi\u1ec7p l\u1ef1c li\u00ean t\u1ee5c v\u00ec m\u1ee5c ti\u00eau chung c\u1ee7a lo\u00e0i ng\u01b0\u1eddi l\u00e0 h\u00f2a b\u00ecnh v\u00e0 h\u1ea1nh ph\u00fac.\" \/>\n<meta property=\"og:url\" content=\"https:\/\/watv.org\/vi\/global-cooperation\/\" \/>\n<meta property=\"og:site_name\" content=\"H\u1ed9i Th\u00e1nh c\u1ee7a \u0110\u1ee9c Ch\u00faa Tr\u1eddi Hi\u1ec7p H\u1ed9i Truy\u1ec1n Gi\u00e1o Tin L\u00e0nh Th\u1ebf Gi\u1edbi\" \/>\n<meta property=\"article:modified_time\" content=\"2022-07-11T12:49:25+00:00\" \/>\n<meta property=\"og:image\" content=\"https:\/\/watv.org\/wp-content\/uploads\/2019\/03\/visual5_1_2_ver2@2x.jpg\" \/>\n\t<meta property=\"og:image:width\" content=\"3200\" \/>\n\t<meta property=\"og:image:height\" content=\"1244\" \/>\n\t<meta property=\"og:image:type\" content=\"image\/jpeg\" \/>\n<meta name=\"twitter:card\" content=\"summary_large_image\" \/>\n<script type=\"application\/ld+json\" class=\"yoast-schema-graph\">{\"@context\":\"https:\/\/schema.org\",\"@graph\":[{\"@type\":\"WebPage\",\"@id\":\"https:\/\/watv.org\/vi\/global-cooperation\/\",\"url\":\"https:\/\/watv.org\/vi\/global-cooperation\/\",\"name\":\"H\u1ed9i ngh\u1ecb Hi\u1ec7p l\u1ef1c Qu\u1ed1c t\u1ebf - H\u1ed9i Th\u00e1nh c\u1ee7a \u0110\u1ee9c Ch\u00faa Tr\u1eddi Hi\u1ec7p H\u1ed9i Truy\u1ec1n Gi\u00e1o Tin L\u00e0nh Th\u1ebf Gi\u1edbi\",\"isPartOf\":{\"@id\":\"https:\/\/watv.org\/vi\/#website\"},\"primaryImageOfPage\":{\"@id\":\"https:\/\/watv.org\/vi\/global-cooperation\/#primaryimage\"},\"image\":{\"@id\":\"https:\/\/watv.org\/vi\/global-cooperation\/#primaryimage\"},\"thumbnailUrl\":\"https:\/\/watv.org\/wp-content\/uploads\/2019\/03\/visual5_1_2_ver2@2x.jpg\",\"datePublished\":\"2019-01-16T05:34:06+00:00\",\"dateModified\":\"2022-07-11T12:49:25+00:00\",\"breadcrumb\":{\"@id\":\"https:\/\/watv.org\/vi\/global-cooperation\/#breadcrumb\"},\"inLanguage\":\"vi-VN\",\"potentialAction\":[{\"@type\":\"ReadAction\",\"target\":[\"https:\/\/watv.org\/vi\/global-cooperation\/\"]}]},{\"@type\":\"ImageObject\",\"inLanguage\":\"vi-VN\",\"@id\":\"https:\/\/watv.org\/vi\/global-cooperation\/#primaryimage\",\"url\":\"https:\/\/watv.org\/wp-content\/uploads\/2019\/03\/visual5_1_2_ver2@2x.jpg\",\"contentUrl\":\"https:\/\/watv.org\/wp-content\/uploads\/2019\/03\/visual5_1_2_ver2@2x.jpg\",\"width\":3200,\"height\":1244},{\"@type\":\"BreadcrumbList\",\"@id\":\"https:\/\/watv.org\/vi\/global-cooperation\/#breadcrumb\",\"itemListElement\":[{\"@type\":\"ListItem\",\"position\":1,\"name\":\"Home\",\"item\":\"https:\/\/watv.org\/vi\/\"},{\"@type\":\"ListItem\",\"position\":2,\"name\":\"Ho\u1ea1t \u0111\u1ed9ng\",\"item\":\"https:\/\/watv.org\/vi\/activity\/\"},{\"@type\":\"ListItem\",\"position\":3,\"name\":\"H\u1ed9i ngh\u1ecb Hi\u1ec7p l\u1ef1c Qu\u1ed1c t\u1ebf\"}]},{\"@type\":\"WebSite\",\"@id\":\"https:\/\/watv.org\/vi\/#website\",\"url\":\"https:\/\/watv.org\/vi\/\",\"name\":\"H\u1ed9i Th\u00e1nh c\u1ee7a \u0110\u1ee9c Ch\u00faa Tr\u1eddi Hi\u1ec7p H\u1ed9i Truy\u1ec1n Gi\u00e1o Tin L\u00e0nh Th\u1ebf Gi\u1edbi\",\"description\":\"With Mother\u2019s heartwarming love, we deliver eternal happiness to seven billion people in the world.\",\"publisher\":{\"@id\":\"https:\/\/watv.org\/vi\/#organization\"},\"potentialAction\":[{\"@type\":\"SearchAction\",\"target\":{\"@type\":\"EntryPoint\",\"urlTemplate\":\"https:\/\/watv.org\/vi\/?s={search_term_string}\"},\"query-input\":{\"@type\":\"PropertyValueSpecification\",\"valueRequired\":true,\"valueName\":\"search_term_string\"}}],\"inLanguage\":\"vi-VN\"},{\"@type\":\"Organization\",\"@id\":\"https:\/\/watv.org\/vi\/#organization\",\"name\":\"World Mission Society Church of God - \ud558\ub098\ub2d8\uc758\uad50\ud68c \uc138\uacc4\ubcf5\uc74c\uc120\uad50\ud611\ud68c\",\"url\":\"https:\/\/watv.org\/vi\/\",\"logo\":{\"@type\":\"ImageObject\",\"inLanguage\":\"vi-VN\",\"@id\":\"https:\/\/watv.org\/vi\/#\/schema\/logo\/image\/\",\"url\":\"https:\/\/watv.org\/wp-content\/uploads\/2022\/06\/WorldMissionSociety_ChurchofGod_Symbol_Logo.png\",\"contentUrl\":\"https:\/\/watv.org\/wp-content\/uploads\/2022\/06\/WorldMissionSociety_ChurchofGod_Symbol_Logo.png\",\"width\":1001,\"height\":1331,\"caption\":\"World Mission Society Church of God - \ud558\ub098\ub2d8\uc758\uad50\ud68c \uc138\uacc4\ubcf5\uc74c\uc120\uad50\ud611\ud68c\"},\"image\":{\"@id\":\"https:\/\/watv.org\/vi\/#\/schema\/logo\/image\/\"},\"sameAs\":[\"https:\/\/www.youtube.com\/channel\/UCioiBk9rS5Dv5j66hUipsuQ\"]}]}<\/script>\n<!-- \/ Yoast SEO plugin. -->","yoast_head_json":{"title":"H\u1ed9i ngh\u1ecb Hi\u1ec7p l\u1ef1c Qu\u1ed1c t\u1ebf - H\u1ed9i Th\u00e1nh c\u1ee7a \u0110\u1ee9c Ch\u00faa Tr\u1eddi Hi\u1ec7p H\u1ed9i Truy\u1ec1n Gi\u00e1o Tin L\u00e0nh Th\u1ebf Gi\u1edbi","robots":{"index":"index","follow":"follow","max-snippet":"max-snippet:-1","max-image-preview":"max-image-preview:large","max-video-preview":"max-video-preview:-1"},"canonical":"https:\/\/watv.org\/vi\/global-cooperation\/","og_locale":"vi_VN","og_type":"article","og_title":"H\u1ed9i ngh\u1ecb Hi\u1ec7p l\u1ef1c Qu\u1ed1c t\u1ebf - H\u1ed9i Th\u00e1nh c\u1ee7a \u0110\u1ee9c Ch\u00faa Tr\u1eddi Hi\u1ec7p H\u1ed9i Truy\u1ec1n Gi\u00e1o Tin L\u00e0nh Th\u1ebf Gi\u1edbi","og_description":"Ch\u00fang t\u00f4i h\u00ecnh th\u00e0nh quan h\u1ec7 \u0111\u1ed1i t\u00e1c v\u1edbi Li\u00ean Hi\u1ec7p Qu\u1ed1c, c\u01a1 quan ch\u00ednh ph\u1ee7 c\u00e1c n\u01b0\u1edbc, v\u00e0 hi\u1ec7p l\u1ef1c li\u00ean t\u1ee5c v\u00ec m\u1ee5c ti\u00eau chung c\u1ee7a lo\u00e0i ng\u01b0\u1eddi l\u00e0 h\u00f2a b\u00ecnh v\u00e0 h\u1ea1nh ph\u00fac.","og_url":"https:\/\/watv.org\/vi\/global-cooperation\/","og_site_name":"H\u1ed9i Th\u00e1nh c\u1ee7a \u0110\u1ee9c Ch\u00faa Tr\u1eddi Hi\u1ec7p H\u1ed9i Truy\u1ec1n Gi\u00e1o Tin L\u00e0nh Th\u1ebf Gi\u1edbi","article_modified_time":"2022-07-11T12:49:25+00:00","og_image":[{"width":3200,"height":1244,"url":"https:\/\/watv.org\/wp-content\/uploads\/2019\/03\/visual5_1_2_ver2@2x.jpg","type":"image\/jpeg"}],"twitter_card":"summary_large_image","schema":{"@context":"https:\/\/schema.org","@graph":[{"@type":"WebPage","@id":"https:\/\/watv.org\/vi\/global-cooperation\/","url":"https:\/\/watv.org\/vi\/global-cooperation\/","name":"H\u1ed9i ngh\u1ecb Hi\u1ec7p l\u1ef1c Qu\u1ed1c t\u1ebf - H\u1ed9i Th\u00e1nh c\u1ee7a \u0110\u1ee9c Ch\u00faa Tr\u1eddi Hi\u1ec7p H\u1ed9i Truy\u1ec1n Gi\u00e1o Tin L\u00e0nh Th\u1ebf Gi\u1edbi","isPartOf":{"@id":"https:\/\/watv.org\/vi\/#website"},"primaryImageOfPage":{"@id":"https:\/\/watv.org\/vi\/global-cooperation\/#primaryimage"},"image":{"@id":"https:\/\/watv.org\/vi\/global-cooperation\/#primaryimage"},"thumbnailUrl":"https:\/\/watv.org\/wp-content\/uploads\/2019\/03\/visual5_1_2_ver2@2x.jpg","datePublished":"2019-01-16T05:34:06+00:00","dateModified":"2022-07-11T12:49:25+00:00","breadcrumb":{"@id":"https:\/\/watv.org\/vi\/global-cooperation\/#breadcrumb"},"inLanguage":"vi-VN","potentialAction":[{"@type":"ReadAction","target":["https:\/\/watv.org\/vi\/global-cooperation\/"]}]},{"@type":"ImageObject","inLanguage":"vi-VN","@id":"https:\/\/watv.org\/vi\/global-cooperation\/#primaryimage","url":"https:\/\/watv.org\/wp-content\/uploads\/2019\/03\/visual5_1_2_ver2@2x.jpg","contentUrl":"https:\/\/watv.org\/wp-content\/uploads\/2019\/03\/visual5_1_2_ver2@2x.jpg","width":3200,"height":1244},{"@type":"BreadcrumbList","@id":"https:\/\/watv.org\/vi\/global-cooperation\/#breadcrumb","itemListElement":[{"@type":"ListItem","position":1,"name":"Home","item":"https:\/\/watv.org\/vi\/"},{"@type":"ListItem","position":2,"name":"Ho\u1ea1t \u0111\u1ed9ng","item":"https:\/\/watv.org\/vi\/activity\/"},{"@type":"ListItem","position":3,"name":"H\u1ed9i ngh\u1ecb Hi\u1ec7p l\u1ef1c Qu\u1ed1c t\u1ebf"}]},{"@type":"WebSite","@id":"https:\/\/watv.org\/vi\/#website","url":"https:\/\/watv.org\/vi\/","name":"H\u1ed9i Th\u00e1nh c\u1ee7a \u0110\u1ee9c Ch\u00faa Tr\u1eddi Hi\u1ec7p H\u1ed9i Truy\u1ec1n Gi\u00e1o Tin L\u00e0nh Th\u1ebf Gi\u1edbi","description":"With Mother\u2019s heartwarming love, we deliver eternal happiness to seven billion people in the world.","publisher":{"@id":"https:\/\/watv.org\/vi\/#organization"},"potentialAction":[{"@type":"SearchAction","target":{"@type":"EntryPoint","urlTemplate":"https:\/\/watv.org\/vi\/?s={search_term_string}"},"query-input":{"@type":"PropertyValueSpecification","valueRequired":true,"valueName":"search_term_string"}}],"inLanguage":"vi-VN"},{"@type":"Organization","@id":"https:\/\/watv.org\/vi\/#organization","name":"World Mission Society Church of God - \ud558\ub098\ub2d8\uc758\uad50\ud68c \uc138\uacc4\ubcf5\uc74c\uc120\uad50\ud611\ud68c","url":"https:\/\/watv.org\/vi\/","logo":{"@type":"ImageObject","inLanguage":"vi-VN","@id":"https:\/\/watv.org\/vi\/#\/schema\/logo\/image\/","url":"https:\/\/watv.org\/wp-content\/uploads\/2022\/06\/WorldMissionSociety_ChurchofGod_Symbol_Logo.png","contentUrl":"https:\/\/watv.org\/wp-content\/uploads\/2022\/06\/WorldMissionSociety_ChurchofGod_Symbol_Logo.png","width":1001,"height":1331,"caption":"World Mission Society Church of God - \ud558\ub098\ub2d8\uc758\uad50\ud68c \uc138\uacc4\ubcf5\uc74c\uc120\uad50\ud611\ud68c"},"image":{"@id":"https:\/\/watv.org\/vi\/#\/schema\/logo\/image\/"},"sameAs":["https:\/\/www.youtube.com\/channel\/UCioiBk9rS5Dv5j66hUipsuQ"]}]}},"_links":{"self":[{"href":"https:\/\/watv.org\/vi\/wp-json\/wp\/v2\/pages\/10301","targetHints":{"allow":["GET"]}}],"collection":[{"href":"https:\/\/watv.org\/vi\/wp-json\/wp\/v2\/pages"}],"about":[{"href":"https:\/\/watv.org\/vi\/wp-json\/wp\/v2\/types\/page"}],"author":[{"embeddable":true,"href":"https:\/\/watv.org\/vi\/wp-json\/wp\/v2\/users\/21"}],"replies":[{"embeddable":true,"href":"https:\/\/watv.org\/vi\/wp-json\/wp\/v2\/comments?post=10301"}],"version-history":[{"count":3,"href":"https:\/\/watv.org\/vi\/wp-json\/wp\/v2\/pages\/10301\/revisions"}],"predecessor-version":[{"id":65890,"href":"https:\/\/watv.org\/vi\/wp-json\/wp\/v2\/pages\/10301\/revisions\/65890"}],"up":[{"embeddable":true,"href":"https:\/\/watv.org\/vi\/wp-json\/wp\/v2\/pages\/10299"}],"wp:featuredmedia":[{"embeddable":true,"href":"https:\/\/watv.org\/vi\/wp-json\/wp\/v2\/media\/3706"}],"wp:attachment":[{"href":"https:\/\/watv.org\/vi\/wp-json\/wp\/v2\/media?parent=10301"}],"curies":[{"name":"wp","href":"https:\/\/api.w.org\/{rel}","templated":true}]}}