{"id":10326,"date":"2019-03-12T06:11:42","date_gmt":"2019-03-11T21:11:42","guid":{"rendered":"https:\/\/watv.org\/faith\/faith-life\/"},"modified":"2022-07-27T13:49:06","modified_gmt":"2022-07-27T04:49:06","slug":"faith-life","status":"publish","type":"page","link":"https:\/\/watv.org\/vi\/faith-life\/","title":{"rendered":"T\u00edn ng\u01b0\u1ee1ng v\u00e0 sinh ho\u1ea1t"},"content":{"rendered":"","protected":false},"excerpt":{"rendered":"Gi\u00fap c\u00e1c th\u00e1nh \u0111\u1ed3, l\u00e0 nh\u1eefng ng\u01b0\u1eddi mong tr\u1edf th\u00e0nh h\u01b0\u01a1ng kh\u00ed c\u1ee7a \u0110\u1ea5ng Christ c\u00f3 th\u1ec3 sinh ho\u1ea1t t\u00edn ng\u01b0\u1ee1ng m\u1ed9t c\u00e1ch \u0111\u00fang \u0111\u1eafn.","protected":false},"author":21,"featured_media":4753,"parent":0,"menu_order":0,"comment_status":"closed","ping_status":"closed","template":"","meta":{"footnotes":""},"class_list":["post-10326","page","type-page","status-publish","has-post-thumbnail","hentry"],"yoast_head":"<!-- This site is optimized with the Yoast SEO plugin v27.4 - https:\/\/yoast.com\/product\/yoast-seo-wordpress\/ -->\n<title>T\u00edn ng\u01b0\u1ee1ng v\u00e0 sinh ho\u1ea1t - H\u1ed9i Th\u00e1nh c\u1ee7a \u0110\u1ee9c Ch\u00faa Tr\u1eddi Hi\u1ec7p H\u1ed9i Truy\u1ec1n Gi\u00e1o Tin L\u00e0nh Th\u1ebf Gi\u1edbi<\/title>\n<meta name=\"description\" content=\"Gi\u00fap c\u00e1c th\u00e1nh \u0111\u1ed3, l\u00e0 nh\u1eefng ng\u01b0\u1eddi mong tr\u1edf th\u00e0nh h\u01b0\u01a1ng kh\u00ed c\u1ee7a \u0110\u1ea5ng Christ c\u00f3 th\u1ec3 sinh ho\u1ea1t t\u00edn ng\u01b0\u1ee1ng m\u1ed9t c\u00e1ch \u0111\u00fang \u0111\u1eafn.\" \/>\n<meta name=\"robots\" content=\"index, follow, max-snippet:-1, max-image-preview:large, max-video-preview:-1\" \/>\n<link rel=\"canonical\" href=\"https:\/\/watv.org\/vi\/faith-life\/\" \/>\n<meta property=\"og:locale\" content=\"vi_VN\" \/>\n<meta property=\"og:type\" content=\"article\" \/>\n<meta property=\"og:title\" content=\"T\u00edn ng\u01b0\u1ee1ng v\u00e0 sinh ho\u1ea1t - H\u1ed9i Th\u00e1nh c\u1ee7a \u0110\u1ee9c Ch\u00faa Tr\u1eddi Hi\u1ec7p H\u1ed9i Truy\u1ec1n Gi\u00e1o Tin L\u00e0nh Th\u1ebf Gi\u1edbi\" \/>\n<meta property=\"og:description\" content=\"Gi\u00fap c\u00e1c th\u00e1nh \u0111\u1ed3, l\u00e0 nh\u1eefng ng\u01b0\u1eddi mong tr\u1edf th\u00e0nh h\u01b0\u01a1ng kh\u00ed c\u1ee7a \u0110\u1ea5ng Christ c\u00f3 th\u1ec3 sinh ho\u1ea1t t\u00edn ng\u01b0\u1ee1ng m\u1ed9t c\u00e1ch \u0111\u00fang \u0111\u1eafn.\" \/>\n<meta property=\"og:url\" content=\"https:\/\/watv.org\/vi\/faith-life\/\" \/>\n<meta property=\"og:site_name\" content=\"H\u1ed9i Th\u00e1nh c\u1ee7a \u0110\u1ee9c Ch\u00faa Tr\u1eddi Hi\u1ec7p H\u1ed9i Truy\u1ec1n Gi\u00e1o Tin L\u00e0nh Th\u1ebf Gi\u1edbi\" \/>\n<meta property=\"article:modified_time\" content=\"2022-07-27T04:49:06+00:00\" \/>\n<meta property=\"og:image\" content=\"https:\/\/watv.org\/wp-content\/uploads\/2019\/03\/sermon_obedience_and_faith.jpg\" \/>\n\t<meta property=\"og:image:width\" content=\"1500\" \/>\n\t<meta property=\"og:image:height\" content=\"920\" \/>\n\t<meta property=\"og:image:type\" content=\"image\/jpeg\" \/>\n<meta name=\"twitter:card\" content=\"summary_large_image\" \/>\n<script type=\"application\/ld+json\" class=\"yoast-schema-graph\">{\"@context\":\"https:\\\/\\\/schema.org\",\"@graph\":[{\"@type\":\"WebPage\",\"@id\":\"https:\\\/\\\/watv.org\\\/vi\\\/faith-life\\\/\",\"url\":\"https:\\\/\\\/watv.org\\\/vi\\\/faith-life\\\/\",\"name\":\"T\u00edn ng\u01b0\u1ee1ng v\u00e0 sinh ho\u1ea1t - H\u1ed9i Th\u00e1nh c\u1ee7a \u0110\u1ee9c Ch\u00faa Tr\u1eddi Hi\u1ec7p H\u1ed9i Truy\u1ec1n Gi\u00e1o Tin L\u00e0nh Th\u1ebf Gi\u1edbi\",\"isPartOf\":{\"@id\":\"https:\\\/\\\/watv.org\\\/vi\\\/#website\"},\"primaryImageOfPage\":{\"@id\":\"https:\\\/\\\/watv.org\\\/vi\\\/faith-life\\\/#primaryimage\"},\"image\":{\"@id\":\"https:\\\/\\\/watv.org\\\/vi\\\/faith-life\\\/#primaryimage\"},\"thumbnailUrl\":\"https:\\\/\\\/watv.org\\\/wp-content\\\/uploads\\\/2019\\\/03\\\/sermon_obedience_and_faith.jpg\",\"datePublished\":\"2019-03-11T21:11:42+00:00\",\"dateModified\":\"2022-07-27T04:49:06+00:00\",\"description\":\"Gi\u00fap c\u00e1c th\u00e1nh \u0111\u1ed3, l\u00e0 nh\u1eefng ng\u01b0\u1eddi mong tr\u1edf th\u00e0nh h\u01b0\u01a1ng kh\u00ed c\u1ee7a \u0110\u1ea5ng Christ c\u00f3 th\u1ec3 sinh ho\u1ea1t t\u00edn ng\u01b0\u1ee1ng m\u1ed9t c\u00e1ch \u0111\u00fang \u0111\u1eafn.\",\"breadcrumb\":{\"@id\":\"https:\\\/\\\/watv.org\\\/vi\\\/faith-life\\\/#breadcrumb\"},\"inLanguage\":\"vi-VN\",\"potentialAction\":[{\"@type\":\"ReadAction\",\"target\":[\"https:\\\/\\\/watv.org\\\/vi\\\/faith-life\\\/\"]}]},{\"@type\":\"ImageObject\",\"inLanguage\":\"vi-VN\",\"@id\":\"https:\\\/\\\/watv.org\\\/vi\\\/faith-life\\\/#primaryimage\",\"url\":\"https:\\\/\\\/watv.org\\\/wp-content\\\/uploads\\\/2019\\\/03\\\/sermon_obedience_and_faith.jpg\",\"contentUrl\":\"https:\\\/\\\/watv.org\\\/wp-content\\\/uploads\\\/2019\\\/03\\\/sermon_obedience_and_faith.jpg\",\"width\":1500,\"height\":920},{\"@type\":\"BreadcrumbList\",\"@id\":\"https:\\\/\\\/watv.org\\\/vi\\\/faith-life\\\/#breadcrumb\",\"itemListElement\":[{\"@type\":\"ListItem\",\"position\":1,\"name\":\"Home\",\"item\":\"https:\\\/\\\/watv.org\\\/vi\\\/\"},{\"@type\":\"ListItem\",\"position\":2,\"name\":\"T\u00edn ng\u01b0\u1ee1ng v\u00e0 sinh ho\u1ea1t\"}]},{\"@type\":\"WebSite\",\"@id\":\"https:\\\/\\\/watv.org\\\/vi\\\/#website\",\"url\":\"https:\\\/\\\/watv.org\\\/vi\\\/\",\"name\":\"H\u1ed9i Th\u00e1nh c\u1ee7a \u0110\u1ee9c Ch\u00faa Tr\u1eddi Hi\u1ec7p H\u1ed9i Truy\u1ec1n Gi\u00e1o Tin L\u00e0nh Th\u1ebf Gi\u1edbi\",\"description\":\"With Mother\u2019s heartwarming love, we deliver eternal happiness to seven billion people in the world.\",\"publisher\":{\"@id\":\"https:\\\/\\\/watv.org\\\/vi\\\/#organization\"},\"potentialAction\":[{\"@type\":\"SearchAction\",\"target\":{\"@type\":\"EntryPoint\",\"urlTemplate\":\"https:\\\/\\\/watv.org\\\/vi\\\/?s={search_term_string}\"},\"query-input\":{\"@type\":\"PropertyValueSpecification\",\"valueRequired\":true,\"valueName\":\"search_term_string\"}}],\"inLanguage\":\"vi-VN\"},{\"@type\":\"Organization\",\"@id\":\"https:\\\/\\\/watv.org\\\/vi\\\/#organization\",\"name\":\"World Mission Society Church of God - \ud558\ub098\ub2d8\uc758\uad50\ud68c \uc138\uacc4\ubcf5\uc74c\uc120\uad50\ud611\ud68c\",\"url\":\"https:\\\/\\\/watv.org\\\/vi\\\/\",\"logo\":{\"@type\":\"ImageObject\",\"inLanguage\":\"vi-VN\",\"@id\":\"https:\\\/\\\/watv.org\\\/vi\\\/#\\\/schema\\\/logo\\\/image\\\/\",\"url\":\"https:\\\/\\\/watv.org\\\/wp-content\\\/uploads\\\/2022\\\/06\\\/WorldMissionSociety_ChurchofGod_Symbol_Logo.png\",\"contentUrl\":\"https:\\\/\\\/watv.org\\\/wp-content\\\/uploads\\\/2022\\\/06\\\/WorldMissionSociety_ChurchofGod_Symbol_Logo.png\",\"width\":1001,\"height\":1331,\"caption\":\"World Mission Society Church of God - \ud558\ub098\ub2d8\uc758\uad50\ud68c \uc138\uacc4\ubcf5\uc74c\uc120\uad50\ud611\ud68c\"},\"image\":{\"@id\":\"https:\\\/\\\/watv.org\\\/vi\\\/#\\\/schema\\\/logo\\\/image\\\/\"},\"sameAs\":[\"https:\\\/\\\/www.youtube.com\\\/channel\\\/UCioiBk9rS5Dv5j66hUipsuQ\"]}]}<\/script>\n<!-- \/ Yoast SEO plugin. -->","yoast_head_json":{"title":"T\u00edn ng\u01b0\u1ee1ng v\u00e0 sinh ho\u1ea1t - H\u1ed9i Th\u00e1nh c\u1ee7a \u0110\u1ee9c Ch\u00faa Tr\u1eddi Hi\u1ec7p H\u1ed9i Truy\u1ec1n Gi\u00e1o Tin L\u00e0nh Th\u1ebf Gi\u1edbi","description":"Gi\u00fap c\u00e1c th\u00e1nh \u0111\u1ed3, l\u00e0 nh\u1eefng ng\u01b0\u1eddi mong tr\u1edf th\u00e0nh h\u01b0\u01a1ng kh\u00ed c\u1ee7a \u0110\u1ea5ng Christ c\u00f3 th\u1ec3 sinh ho\u1ea1t t\u00edn ng\u01b0\u1ee1ng m\u1ed9t c\u00e1ch \u0111\u00fang \u0111\u1eafn.","robots":{"index":"index","follow":"follow","max-snippet":"max-snippet:-1","max-image-preview":"max-image-preview:large","max-video-preview":"max-video-preview:-1"},"canonical":"https:\/\/watv.org\/vi\/faith-life\/","og_locale":"vi_VN","og_type":"article","og_title":"T\u00edn ng\u01b0\u1ee1ng v\u00e0 sinh ho\u1ea1t - H\u1ed9i Th\u00e1nh c\u1ee7a \u0110\u1ee9c Ch\u00faa Tr\u1eddi Hi\u1ec7p H\u1ed9i Truy\u1ec1n Gi\u00e1o Tin L\u00e0nh Th\u1ebf Gi\u1edbi","og_description":"Gi\u00fap c\u00e1c th\u00e1nh \u0111\u1ed3, l\u00e0 nh\u1eefng ng\u01b0\u1eddi mong tr\u1edf th\u00e0nh h\u01b0\u01a1ng kh\u00ed c\u1ee7a \u0110\u1ea5ng Christ c\u00f3 th\u1ec3 sinh ho\u1ea1t t\u00edn ng\u01b0\u1ee1ng m\u1ed9t c\u00e1ch \u0111\u00fang \u0111\u1eafn.","og_url":"https:\/\/watv.org\/vi\/faith-life\/","og_site_name":"H\u1ed9i Th\u00e1nh c\u1ee7a \u0110\u1ee9c Ch\u00faa Tr\u1eddi Hi\u1ec7p H\u1ed9i Truy\u1ec1n Gi\u00e1o Tin L\u00e0nh Th\u1ebf Gi\u1edbi","article_modified_time":"2022-07-27T04:49:06+00:00","og_image":[{"width":1500,"height":920,"url":"https:\/\/watv.org\/wp-content\/uploads\/2019\/03\/sermon_obedience_and_faith.jpg","type":"image\/jpeg"}],"twitter_card":"summary_large_image","schema":{"@context":"https:\/\/schema.org","@graph":[{"@type":"WebPage","@id":"https:\/\/watv.org\/vi\/faith-life\/","url":"https:\/\/watv.org\/vi\/faith-life\/","name":"T\u00edn ng\u01b0\u1ee1ng v\u00e0 sinh ho\u1ea1t - H\u1ed9i Th\u00e1nh c\u1ee7a \u0110\u1ee9c Ch\u00faa Tr\u1eddi Hi\u1ec7p H\u1ed9i Truy\u1ec1n Gi\u00e1o Tin L\u00e0nh Th\u1ebf Gi\u1edbi","isPartOf":{"@id":"https:\/\/watv.org\/vi\/#website"},"primaryImageOfPage":{"@id":"https:\/\/watv.org\/vi\/faith-life\/#primaryimage"},"image":{"@id":"https:\/\/watv.org\/vi\/faith-life\/#primaryimage"},"thumbnailUrl":"https:\/\/watv.org\/wp-content\/uploads\/2019\/03\/sermon_obedience_and_faith.jpg","datePublished":"2019-03-11T21:11:42+00:00","dateModified":"2022-07-27T04:49:06+00:00","description":"Gi\u00fap c\u00e1c th\u00e1nh \u0111\u1ed3, l\u00e0 nh\u1eefng ng\u01b0\u1eddi mong tr\u1edf th\u00e0nh h\u01b0\u01a1ng kh\u00ed c\u1ee7a \u0110\u1ea5ng Christ c\u00f3 th\u1ec3 sinh ho\u1ea1t t\u00edn ng\u01b0\u1ee1ng m\u1ed9t c\u00e1ch \u0111\u00fang \u0111\u1eafn.","breadcrumb":{"@id":"https:\/\/watv.org\/vi\/faith-life\/#breadcrumb"},"inLanguage":"vi-VN","potentialAction":[{"@type":"ReadAction","target":["https:\/\/watv.org\/vi\/faith-life\/"]}]},{"@type":"ImageObject","inLanguage":"vi-VN","@id":"https:\/\/watv.org\/vi\/faith-life\/#primaryimage","url":"https:\/\/watv.org\/wp-content\/uploads\/2019\/03\/sermon_obedience_and_faith.jpg","contentUrl":"https:\/\/watv.org\/wp-content\/uploads\/2019\/03\/sermon_obedience_and_faith.jpg","width":1500,"height":920},{"@type":"BreadcrumbList","@id":"https:\/\/watv.org\/vi\/faith-life\/#breadcrumb","itemListElement":[{"@type":"ListItem","position":1,"name":"Home","item":"https:\/\/watv.org\/vi\/"},{"@type":"ListItem","position":2,"name":"T\u00edn ng\u01b0\u1ee1ng v\u00e0 sinh ho\u1ea1t"}]},{"@type":"WebSite","@id":"https:\/\/watv.org\/vi\/#website","url":"https:\/\/watv.org\/vi\/","name":"H\u1ed9i Th\u00e1nh c\u1ee7a \u0110\u1ee9c Ch\u00faa Tr\u1eddi Hi\u1ec7p H\u1ed9i Truy\u1ec1n Gi\u00e1o Tin L\u00e0nh Th\u1ebf Gi\u1edbi","description":"With Mother\u2019s heartwarming love, we deliver eternal happiness to seven billion people in the world.","publisher":{"@id":"https:\/\/watv.org\/vi\/#organization"},"potentialAction":[{"@type":"SearchAction","target":{"@type":"EntryPoint","urlTemplate":"https:\/\/watv.org\/vi\/?s={search_term_string}"},"query-input":{"@type":"PropertyValueSpecification","valueRequired":true,"valueName":"search_term_string"}}],"inLanguage":"vi-VN"},{"@type":"Organization","@id":"https:\/\/watv.org\/vi\/#organization","name":"World Mission Society Church of God - \ud558\ub098\ub2d8\uc758\uad50\ud68c \uc138\uacc4\ubcf5\uc74c\uc120\uad50\ud611\ud68c","url":"https:\/\/watv.org\/vi\/","logo":{"@type":"ImageObject","inLanguage":"vi-VN","@id":"https:\/\/watv.org\/vi\/#\/schema\/logo\/image\/","url":"https:\/\/watv.org\/wp-content\/uploads\/2022\/06\/WorldMissionSociety_ChurchofGod_Symbol_Logo.png","contentUrl":"https:\/\/watv.org\/wp-content\/uploads\/2022\/06\/WorldMissionSociety_ChurchofGod_Symbol_Logo.png","width":1001,"height":1331,"caption":"World Mission Society Church of God - \ud558\ub098\ub2d8\uc758\uad50\ud68c \uc138\uacc4\ubcf5\uc74c\uc120\uad50\ud611\ud68c"},"image":{"@id":"https:\/\/watv.org\/vi\/#\/schema\/logo\/image\/"},"sameAs":["https:\/\/www.youtube.com\/channel\/UCioiBk9rS5Dv5j66hUipsuQ"]}]}},"_links":{"self":[{"href":"https:\/\/watv.org\/vi\/wp-json\/wp\/v2\/pages\/10326","targetHints":{"allow":["GET"]}}],"collection":[{"href":"https:\/\/watv.org\/vi\/wp-json\/wp\/v2\/pages"}],"about":[{"href":"https:\/\/watv.org\/vi\/wp-json\/wp\/v2\/types\/page"}],"author":[{"embeddable":true,"href":"https:\/\/watv.org\/vi\/wp-json\/wp\/v2\/users\/21"}],"replies":[{"embeddable":true,"href":"https:\/\/watv.org\/vi\/wp-json\/wp\/v2\/comments?post=10326"}],"version-history":[{"count":4,"href":"https:\/\/watv.org\/vi\/wp-json\/wp\/v2\/pages\/10326\/revisions"}],"predecessor-version":[{"id":68153,"href":"https:\/\/watv.org\/vi\/wp-json\/wp\/v2\/pages\/10326\/revisions\/68153"}],"wp:featuredmedia":[{"embeddable":true,"href":"https:\/\/watv.org\/vi\/wp-json\/wp\/v2\/media\/4753"}],"wp:attachment":[{"href":"https:\/\/watv.org\/vi\/wp-json\/wp\/v2\/media?parent=10326"}],"curies":[{"name":"wp","href":"https:\/\/api.w.org\/{rel}","templated":true}]}}