{"id":10351,"date":"2019-01-16T15:52:26","date_gmt":"2019-01-16T06:52:26","guid":{"rendered":"https:\/\/watv.org\/intro\/award\/"},"modified":"2025-06-13T16:10:18","modified_gmt":"2025-06-13T07:10:18","slug":"award","status":"publish","type":"page","link":"https:\/\/watv.org\/vi\/award\/","title":{"rendered":"Gi\u1ea3i th\u01b0\u1edfng ch\u1ee7 y\u1ebfu"},"content":{"rendered":"","protected":false},"excerpt":{"rendered":"Th\u1ebf gi\u1edbi c\u1ea3m \u0111\u1ed9ng b\u1edfi t\u00ecnh y\u00eau th\u01b0\u01a1ng c\u1ee7a \u0110\u1ee9c Ch\u00faa Tr\u1eddi h\u01b0\u1edbng v\u1ec1 nh\u00e2n lo\u1ea1i. V\u00e0o ng\u00e0y nay l\u00e0 l\u00fac m\u00e0 ch\u1ee7 ngh\u0129a c\u00e1 nh\u00e2n v\u00e0 ch\u1ee7 ngh\u0129a v\u1ecb k\u1ef7 \u0111ang lan tr\u00e0n, H\u1ed9i Th\u00e1nh c\u1ee7a \u0110\u1ee9c Ch\u00faa Tr\u1eddi gi\u00fap h\u00e0ng x\u00f3m v\u00e0 x\u00e3 h\u1ed9i th\u00f4ng qua ph\u1ee5ng s\u1ef1 ch\u00e2n ch\u00ednh, n\u00ean ch\u00ednh ph\u1ee7 &#038; c\u01a1 quan c\u00e1c n\u01b0\u1edbc th\u1ebf gi\u1edbi v\u00e0 c\u00e1c ng\u00e0nh ngh\u1ec1 t\u1ea7ng l\u1edbp trao t\u1eb7ng h\u01a1n 5.000 l\u1ea7n gi\u1ea3i th\u01b0\u1edfng nh\u01b0 hu\u00e2n ch\u01b0\u01a1ng, tuy\u00ean d\u01b0\u01a1ng, b\u1ea3n c\u1ea3m t\u1ea1 v.v&#8230;","protected":false},"author":21,"featured_media":3523,"parent":10329,"menu_order":7,"comment_status":"closed","ping_status":"closed","template":"","meta":{"footnotes":""},"class_list":["post-10351","page","type-page","status-publish","has-post-thumbnail","hentry"],"yoast_head":"<!-- This site is optimized with the Yoast SEO plugin v26.2 - https:\/\/yoast.com\/wordpress\/plugins\/seo\/ -->\n<title>Gi\u1ea3i th\u01b0\u1edfng ch\u1ee7 y\u1ebfu - H\u1ed9i Th\u00e1nh c\u1ee7a \u0110\u1ee9c Ch\u00faa Tr\u1eddi Hi\u1ec7p H\u1ed9i Truy\u1ec1n Gi\u00e1o Tin L\u00e0nh Th\u1ebf Gi\u1edbi<\/title>\n<meta name=\"robots\" content=\"index, follow, max-snippet:-1, max-image-preview:large, max-video-preview:-1\" \/>\n<link rel=\"canonical\" href=\"https:\/\/watv.org\/vi\/award\/\" \/>\n<meta property=\"og:locale\" content=\"vi_VN\" \/>\n<meta property=\"og:type\" content=\"article\" \/>\n<meta property=\"og:title\" content=\"Gi\u1ea3i th\u01b0\u1edfng ch\u1ee7 y\u1ebfu - H\u1ed9i Th\u00e1nh c\u1ee7a \u0110\u1ee9c Ch\u00faa Tr\u1eddi Hi\u1ec7p H\u1ed9i Truy\u1ec1n Gi\u00e1o Tin L\u00e0nh Th\u1ebf Gi\u1edbi\" \/>\n<meta property=\"og:description\" content=\"Th\u1ebf gi\u1edbi c\u1ea3m \u0111\u1ed9ng b\u1edfi t\u00ecnh y\u00eau th\u01b0\u01a1ng c\u1ee7a \u0110\u1ee9c Ch\u00faa Tr\u1eddi h\u01b0\u1edbng v\u1ec1 nh\u00e2n lo\u1ea1i. V\u00e0o ng\u00e0y nay l\u00e0 l\u00fac m\u00e0 ch\u1ee7 ngh\u0129a c\u00e1 nh\u00e2n v\u00e0 ch\u1ee7 ngh\u0129a v\u1ecb k\u1ef7 \u0111ang lan tr\u00e0n, H\u1ed9i Th\u00e1nh c\u1ee7a \u0110\u1ee9c Ch\u00faa Tr\u1eddi gi\u00fap h\u00e0ng x\u00f3m v\u00e0 x\u00e3 h\u1ed9i th\u00f4ng qua ph\u1ee5ng s\u1ef1 ch\u00e2n ch\u00ednh, n\u00ean ch\u00ednh ph\u1ee7 &amp; c\u01a1 quan c\u00e1c n\u01b0\u1edbc th\u1ebf gi\u1edbi v\u00e0 c\u00e1c ng\u00e0nh ngh\u1ec1 t\u1ea7ng l\u1edbp trao t\u1eb7ng h\u01a1n 5.000 l\u1ea7n gi\u1ea3i th\u01b0\u1edfng nh\u01b0 hu\u00e2n ch\u01b0\u01a1ng, tuy\u00ean d\u01b0\u01a1ng, b\u1ea3n c\u1ea3m t\u1ea1 v.v...\" \/>\n<meta property=\"og:url\" content=\"https:\/\/watv.org\/vi\/award\/\" \/>\n<meta property=\"og:site_name\" content=\"H\u1ed9i Th\u00e1nh c\u1ee7a \u0110\u1ee9c Ch\u00faa Tr\u1eddi Hi\u1ec7p H\u1ed9i Truy\u1ec1n Gi\u00e1o Tin L\u00e0nh Th\u1ebf Gi\u1edbi\" \/>\n<meta property=\"article:modified_time\" content=\"2025-06-13T07:10:18+00:00\" \/>\n<meta property=\"og:image\" content=\"https:\/\/watv.org\/wp-content\/uploads\/2019\/03\/intro_award_visual@2x.jpg\" \/>\n\t<meta property=\"og:image:width\" content=\"4000\" \/>\n\t<meta property=\"og:image:height\" content=\"1224\" \/>\n\t<meta property=\"og:image:type\" content=\"image\/jpeg\" \/>\n<meta name=\"twitter:card\" content=\"summary_large_image\" \/>\n<script type=\"application\/ld+json\" class=\"yoast-schema-graph\">{\"@context\":\"https:\/\/schema.org\",\"@graph\":[{\"@type\":\"WebPage\",\"@id\":\"https:\/\/watv.org\/vi\/award\/\",\"url\":\"https:\/\/watv.org\/vi\/award\/\",\"name\":\"Gi\u1ea3i th\u01b0\u1edfng ch\u1ee7 y\u1ebfu - H\u1ed9i Th\u00e1nh c\u1ee7a \u0110\u1ee9c Ch\u00faa Tr\u1eddi Hi\u1ec7p H\u1ed9i Truy\u1ec1n Gi\u00e1o Tin L\u00e0nh Th\u1ebf Gi\u1edbi\",\"isPartOf\":{\"@id\":\"https:\/\/watv.org\/vi\/#website\"},\"primaryImageOfPage\":{\"@id\":\"https:\/\/watv.org\/vi\/award\/#primaryimage\"},\"image\":{\"@id\":\"https:\/\/watv.org\/vi\/award\/#primaryimage\"},\"thumbnailUrl\":\"https:\/\/watv.org\/wp-content\/uploads\/2019\/03\/intro_award_visual@2x.jpg\",\"datePublished\":\"2019-01-16T06:52:26+00:00\",\"dateModified\":\"2025-06-13T07:10:18+00:00\",\"breadcrumb\":{\"@id\":\"https:\/\/watv.org\/vi\/award\/#breadcrumb\"},\"inLanguage\":\"vi-VN\",\"potentialAction\":[{\"@type\":\"ReadAction\",\"target\":[\"https:\/\/watv.org\/vi\/award\/\"]}]},{\"@type\":\"ImageObject\",\"inLanguage\":\"vi-VN\",\"@id\":\"https:\/\/watv.org\/vi\/award\/#primaryimage\",\"url\":\"https:\/\/watv.org\/wp-content\/uploads\/2019\/03\/intro_award_visual@2x.jpg\",\"contentUrl\":\"https:\/\/watv.org\/wp-content\/uploads\/2019\/03\/intro_award_visual@2x.jpg\",\"width\":4000,\"height\":1224},{\"@type\":\"BreadcrumbList\",\"@id\":\"https:\/\/watv.org\/vi\/award\/#breadcrumb\",\"itemListElement\":[{\"@type\":\"ListItem\",\"position\":1,\"name\":\"Home\",\"item\":\"https:\/\/watv.org\/vi\/\"},{\"@type\":\"ListItem\",\"position\":2,\"name\":\"Gi\u1edbi thi\u1ec7u\",\"item\":\"https:\/\/watv.org\/vi\/intro\/\"},{\"@type\":\"ListItem\",\"position\":3,\"name\":\"Gi\u1ea3i th\u01b0\u1edfng ch\u1ee7 y\u1ebfu\"}]},{\"@type\":\"WebSite\",\"@id\":\"https:\/\/watv.org\/vi\/#website\",\"url\":\"https:\/\/watv.org\/vi\/\",\"name\":\"H\u1ed9i Th\u00e1nh c\u1ee7a \u0110\u1ee9c Ch\u00faa Tr\u1eddi Hi\u1ec7p H\u1ed9i Truy\u1ec1n Gi\u00e1o Tin L\u00e0nh Th\u1ebf Gi\u1edbi\",\"description\":\"With Mother\u2019s heartwarming love, we deliver eternal happiness to seven billion people in the world.\",\"publisher\":{\"@id\":\"https:\/\/watv.org\/vi\/#organization\"},\"potentialAction\":[{\"@type\":\"SearchAction\",\"target\":{\"@type\":\"EntryPoint\",\"urlTemplate\":\"https:\/\/watv.org\/vi\/?s={search_term_string}\"},\"query-input\":{\"@type\":\"PropertyValueSpecification\",\"valueRequired\":true,\"valueName\":\"search_term_string\"}}],\"inLanguage\":\"vi-VN\"},{\"@type\":\"Organization\",\"@id\":\"https:\/\/watv.org\/vi\/#organization\",\"name\":\"World Mission Society Church of God - \ud558\ub098\ub2d8\uc758\uad50\ud68c \uc138\uacc4\ubcf5\uc74c\uc120\uad50\ud611\ud68c\",\"url\":\"https:\/\/watv.org\/vi\/\",\"logo\":{\"@type\":\"ImageObject\",\"inLanguage\":\"vi-VN\",\"@id\":\"https:\/\/watv.org\/vi\/#\/schema\/logo\/image\/\",\"url\":\"https:\/\/watv.org\/wp-content\/uploads\/2022\/06\/WorldMissionSociety_ChurchofGod_Symbol_Logo.png\",\"contentUrl\":\"https:\/\/watv.org\/wp-content\/uploads\/2022\/06\/WorldMissionSociety_ChurchofGod_Symbol_Logo.png\",\"width\":1001,\"height\":1331,\"caption\":\"World Mission Society Church of God - \ud558\ub098\ub2d8\uc758\uad50\ud68c \uc138\uacc4\ubcf5\uc74c\uc120\uad50\ud611\ud68c\"},\"image\":{\"@id\":\"https:\/\/watv.org\/vi\/#\/schema\/logo\/image\/\"},\"sameAs\":[\"https:\/\/www.youtube.com\/channel\/UCioiBk9rS5Dv5j66hUipsuQ\"]}]}<\/script>\n<!-- \/ Yoast SEO plugin. -->","yoast_head_json":{"title":"Gi\u1ea3i th\u01b0\u1edfng ch\u1ee7 y\u1ebfu - H\u1ed9i Th\u00e1nh c\u1ee7a \u0110\u1ee9c Ch\u00faa Tr\u1eddi Hi\u1ec7p H\u1ed9i Truy\u1ec1n Gi\u00e1o Tin L\u00e0nh Th\u1ebf Gi\u1edbi","robots":{"index":"index","follow":"follow","max-snippet":"max-snippet:-1","max-image-preview":"max-image-preview:large","max-video-preview":"max-video-preview:-1"},"canonical":"https:\/\/watv.org\/vi\/award\/","og_locale":"vi_VN","og_type":"article","og_title":"Gi\u1ea3i th\u01b0\u1edfng ch\u1ee7 y\u1ebfu - H\u1ed9i Th\u00e1nh c\u1ee7a \u0110\u1ee9c Ch\u00faa Tr\u1eddi Hi\u1ec7p H\u1ed9i Truy\u1ec1n Gi\u00e1o Tin L\u00e0nh Th\u1ebf Gi\u1edbi","og_description":"Th\u1ebf gi\u1edbi c\u1ea3m \u0111\u1ed9ng b\u1edfi t\u00ecnh y\u00eau th\u01b0\u01a1ng c\u1ee7a \u0110\u1ee9c Ch\u00faa Tr\u1eddi h\u01b0\u1edbng v\u1ec1 nh\u00e2n lo\u1ea1i. V\u00e0o ng\u00e0y nay l\u00e0 l\u00fac m\u00e0 ch\u1ee7 ngh\u0129a c\u00e1 nh\u00e2n v\u00e0 ch\u1ee7 ngh\u0129a v\u1ecb k\u1ef7 \u0111ang lan tr\u00e0n, H\u1ed9i Th\u00e1nh c\u1ee7a \u0110\u1ee9c Ch\u00faa Tr\u1eddi gi\u00fap h\u00e0ng x\u00f3m v\u00e0 x\u00e3 h\u1ed9i th\u00f4ng qua ph\u1ee5ng s\u1ef1 ch\u00e2n ch\u00ednh, n\u00ean ch\u00ednh ph\u1ee7 & c\u01a1 quan c\u00e1c n\u01b0\u1edbc th\u1ebf gi\u1edbi v\u00e0 c\u00e1c ng\u00e0nh ngh\u1ec1 t\u1ea7ng l\u1edbp trao t\u1eb7ng h\u01a1n 5.000 l\u1ea7n gi\u1ea3i th\u01b0\u1edfng nh\u01b0 hu\u00e2n ch\u01b0\u01a1ng, tuy\u00ean d\u01b0\u01a1ng, b\u1ea3n c\u1ea3m t\u1ea1 v.v...","og_url":"https:\/\/watv.org\/vi\/award\/","og_site_name":"H\u1ed9i Th\u00e1nh c\u1ee7a \u0110\u1ee9c Ch\u00faa Tr\u1eddi Hi\u1ec7p H\u1ed9i Truy\u1ec1n Gi\u00e1o Tin L\u00e0nh Th\u1ebf Gi\u1edbi","article_modified_time":"2025-06-13T07:10:18+00:00","og_image":[{"width":4000,"height":1224,"url":"https:\/\/watv.org\/wp-content\/uploads\/2019\/03\/intro_award_visual@2x.jpg","type":"image\/jpeg"}],"twitter_card":"summary_large_image","schema":{"@context":"https:\/\/schema.org","@graph":[{"@type":"WebPage","@id":"https:\/\/watv.org\/vi\/award\/","url":"https:\/\/watv.org\/vi\/award\/","name":"Gi\u1ea3i th\u01b0\u1edfng ch\u1ee7 y\u1ebfu - H\u1ed9i Th\u00e1nh c\u1ee7a \u0110\u1ee9c Ch\u00faa Tr\u1eddi Hi\u1ec7p H\u1ed9i Truy\u1ec1n Gi\u00e1o Tin L\u00e0nh Th\u1ebf Gi\u1edbi","isPartOf":{"@id":"https:\/\/watv.org\/vi\/#website"},"primaryImageOfPage":{"@id":"https:\/\/watv.org\/vi\/award\/#primaryimage"},"image":{"@id":"https:\/\/watv.org\/vi\/award\/#primaryimage"},"thumbnailUrl":"https:\/\/watv.org\/wp-content\/uploads\/2019\/03\/intro_award_visual@2x.jpg","datePublished":"2019-01-16T06:52:26+00:00","dateModified":"2025-06-13T07:10:18+00:00","breadcrumb":{"@id":"https:\/\/watv.org\/vi\/award\/#breadcrumb"},"inLanguage":"vi-VN","potentialAction":[{"@type":"ReadAction","target":["https:\/\/watv.org\/vi\/award\/"]}]},{"@type":"ImageObject","inLanguage":"vi-VN","@id":"https:\/\/watv.org\/vi\/award\/#primaryimage","url":"https:\/\/watv.org\/wp-content\/uploads\/2019\/03\/intro_award_visual@2x.jpg","contentUrl":"https:\/\/watv.org\/wp-content\/uploads\/2019\/03\/intro_award_visual@2x.jpg","width":4000,"height":1224},{"@type":"BreadcrumbList","@id":"https:\/\/watv.org\/vi\/award\/#breadcrumb","itemListElement":[{"@type":"ListItem","position":1,"name":"Home","item":"https:\/\/watv.org\/vi\/"},{"@type":"ListItem","position":2,"name":"Gi\u1edbi thi\u1ec7u","item":"https:\/\/watv.org\/vi\/intro\/"},{"@type":"ListItem","position":3,"name":"Gi\u1ea3i th\u01b0\u1edfng ch\u1ee7 y\u1ebfu"}]},{"@type":"WebSite","@id":"https:\/\/watv.org\/vi\/#website","url":"https:\/\/watv.org\/vi\/","name":"H\u1ed9i Th\u00e1nh c\u1ee7a \u0110\u1ee9c Ch\u00faa Tr\u1eddi Hi\u1ec7p H\u1ed9i Truy\u1ec1n Gi\u00e1o Tin L\u00e0nh Th\u1ebf Gi\u1edbi","description":"With Mother\u2019s heartwarming love, we deliver eternal happiness to seven billion people in the world.","publisher":{"@id":"https:\/\/watv.org\/vi\/#organization"},"potentialAction":[{"@type":"SearchAction","target":{"@type":"EntryPoint","urlTemplate":"https:\/\/watv.org\/vi\/?s={search_term_string}"},"query-input":{"@type":"PropertyValueSpecification","valueRequired":true,"valueName":"search_term_string"}}],"inLanguage":"vi-VN"},{"@type":"Organization","@id":"https:\/\/watv.org\/vi\/#organization","name":"World Mission Society Church of God - \ud558\ub098\ub2d8\uc758\uad50\ud68c \uc138\uacc4\ubcf5\uc74c\uc120\uad50\ud611\ud68c","url":"https:\/\/watv.org\/vi\/","logo":{"@type":"ImageObject","inLanguage":"vi-VN","@id":"https:\/\/watv.org\/vi\/#\/schema\/logo\/image\/","url":"https:\/\/watv.org\/wp-content\/uploads\/2022\/06\/WorldMissionSociety_ChurchofGod_Symbol_Logo.png","contentUrl":"https:\/\/watv.org\/wp-content\/uploads\/2022\/06\/WorldMissionSociety_ChurchofGod_Symbol_Logo.png","width":1001,"height":1331,"caption":"World Mission Society Church of God - \ud558\ub098\ub2d8\uc758\uad50\ud68c \uc138\uacc4\ubcf5\uc74c\uc120\uad50\ud611\ud68c"},"image":{"@id":"https:\/\/watv.org\/vi\/#\/schema\/logo\/image\/"},"sameAs":["https:\/\/www.youtube.com\/channel\/UCioiBk9rS5Dv5j66hUipsuQ"]}]}},"_links":{"self":[{"href":"https:\/\/watv.org\/vi\/wp-json\/wp\/v2\/pages\/10351","targetHints":{"allow":["GET"]}}],"collection":[{"href":"https:\/\/watv.org\/vi\/wp-json\/wp\/v2\/pages"}],"about":[{"href":"https:\/\/watv.org\/vi\/wp-json\/wp\/v2\/types\/page"}],"author":[{"embeddable":true,"href":"https:\/\/watv.org\/vi\/wp-json\/wp\/v2\/users\/21"}],"replies":[{"embeddable":true,"href":"https:\/\/watv.org\/vi\/wp-json\/wp\/v2\/comments?post=10351"}],"version-history":[{"count":2,"href":"https:\/\/watv.org\/vi\/wp-json\/wp\/v2\/pages\/10351\/revisions"}],"predecessor-version":[{"id":138180,"href":"https:\/\/watv.org\/vi\/wp-json\/wp\/v2\/pages\/10351\/revisions\/138180"}],"up":[{"embeddable":true,"href":"https:\/\/watv.org\/vi\/wp-json\/wp\/v2\/pages\/10329"}],"wp:featuredmedia":[{"embeddable":true,"href":"https:\/\/watv.org\/vi\/wp-json\/wp\/v2\/media\/3523"}],"wp:attachment":[{"href":"https:\/\/watv.org\/vi\/wp-json\/wp\/v2\/media?parent=10351"}],"curies":[{"name":"wp","href":"https:\/\/api.w.org\/{rel}","templated":true}]}}