{"id":10385,"date":"2019-01-16T14:51:02","date_gmt":"2019-01-16T05:51:02","guid":{"rendered":"https:\/\/watv.org\/world\/overseas-visiting-group\/"},"modified":"2022-06-27T20:31:21","modified_gmt":"2022-06-27T11:31:21","slug":"overseas-visiting-group","status":"publish","type":"page","link":"https:\/\/watv.org\/vi\/overseas-visiting-group\/","title":{"rendered":"\u0110o\u00e0n th\u0103m vi\u1ebfng c\u1ee7a c\u00e1c th\u00e1nh \u0111\u1ed3 n\u01b0\u1edbc ngo\u00e0i"},"content":{"rendered":"","protected":false},"excerpt":{"rendered":"G\u1eb7p g\u1ee1 \u0110\u1ee9c Ch\u00faa Tr\u1eddi M\u1eb9","protected":false},"author":21,"featured_media":62382,"parent":10377,"menu_order":9,"comment_status":"closed","ping_status":"closed","template":"","meta":{"footnotes":""},"class_list":["post-10385","page","type-page","status-publish","has-post-thumbnail","hentry"],"yoast_head":"<!-- This site is optimized with the Yoast SEO plugin v27.4 - https:\/\/yoast.com\/product\/yoast-seo-wordpress\/ -->\n<title>\u0110o\u00e0n th\u0103m vi\u1ebfng c\u1ee7a c\u00e1c th\u00e1nh \u0111\u1ed3 n\u01b0\u1edbc ngo\u00e0i - H\u1ed9i Th\u00e1nh c\u1ee7a \u0110\u1ee9c Ch\u00faa Tr\u1eddi Hi\u1ec7p H\u1ed9i Truy\u1ec1n Gi\u00e1o Tin L\u00e0nh Th\u1ebf Gi\u1edbi<\/title>\n<meta name=\"description\" content=\"\u0110o\u00e0n th\u0103m vi\u1ebfng c\u1ee7a c\u00e1c th\u00e1nh \u0111\u1ed3 n\u01b0\u1edbc ngo\u00e0i \u0111\u1ebfn H\u00e0n Qu\u1ed1c \u0111\u1ec3 g\u1eb7p \u0110\u1ee9c Ch\u00faa Tr\u1eddi.D\u1ea7u kh\u00e1c n\u01b0\u1edbc, kh\u00e1c ng\u00f4n ng\u1eef, kh\u00e1c v\u0103n h\u00f3a nh\u01b0ng v\u00ec l\u00e0 m\u1ed9t gia \u0111\u00ecnh ph\u1ea7n linh h\u1ed3n n\u00ean c\u00e1c th\u00e1nh \u0111\u1ed3 tr\u1edf n\u00ean m\u1ed9t trong t\u00ecnh y\u00eau \u1ea5m \u00e1p c\u1ee7a M\u1eb9.\" \/>\n<meta name=\"robots\" content=\"index, follow, max-snippet:-1, max-image-preview:large, max-video-preview:-1\" \/>\n<link rel=\"canonical\" href=\"https:\/\/watv.org\/vi\/overseas-visiting-group\/\" \/>\n<meta property=\"og:locale\" content=\"vi_VN\" \/>\n<meta property=\"og:type\" content=\"article\" \/>\n<meta property=\"og:title\" content=\"\u0110o\u00e0n th\u0103m vi\u1ebfng c\u1ee7a c\u00e1c th\u00e1nh \u0111\u1ed3 n\u01b0\u1edbc ngo\u00e0i - H\u1ed9i Th\u00e1nh c\u1ee7a \u0110\u1ee9c Ch\u00faa Tr\u1eddi Hi\u1ec7p H\u1ed9i Truy\u1ec1n Gi\u00e1o Tin L\u00e0nh Th\u1ebf Gi\u1edbi\" \/>\n<meta property=\"og:description\" content=\"\u0110o\u00e0n th\u0103m vi\u1ebfng c\u1ee7a c\u00e1c th\u00e1nh \u0111\u1ed3 n\u01b0\u1edbc ngo\u00e0i \u0111\u1ebfn H\u00e0n Qu\u1ed1c \u0111\u1ec3 g\u1eb7p \u0110\u1ee9c Ch\u00faa Tr\u1eddi.D\u1ea7u kh\u00e1c n\u01b0\u1edbc, kh\u00e1c ng\u00f4n ng\u1eef, kh\u00e1c v\u0103n h\u00f3a nh\u01b0ng v\u00ec l\u00e0 m\u1ed9t gia \u0111\u00ecnh ph\u1ea7n linh h\u1ed3n n\u00ean c\u00e1c th\u00e1nh \u0111\u1ed3 tr\u1edf n\u00ean m\u1ed9t trong t\u00ecnh y\u00eau \u1ea5m \u00e1p c\u1ee7a M\u1eb9.\" \/>\n<meta property=\"og:url\" content=\"https:\/\/watv.org\/vi\/overseas-visiting-group\/\" \/>\n<meta property=\"og:site_name\" content=\"H\u1ed9i Th\u00e1nh c\u1ee7a \u0110\u1ee9c Ch\u00faa Tr\u1eddi Hi\u1ec7p H\u1ed9i Truy\u1ec1n Gi\u00e1o Tin L\u00e0nh Th\u1ebf Gi\u1edbi\" \/>\n<meta property=\"article:modified_time\" content=\"2022-06-27T11:31:21+00:00\" \/>\n<meta property=\"og:image\" content=\"https:\/\/watv.org\/wp-content\/uploads\/2022\/06\/image-1.jpeg\" \/>\n\t<meta property=\"og:image:width\" content=\"1140\" \/>\n\t<meta property=\"og:image:height\" content=\"712\" \/>\n\t<meta property=\"og:image:type\" content=\"image\/jpeg\" \/>\n<meta name=\"twitter:card\" content=\"summary_large_image\" \/>\n<script type=\"application\/ld+json\" class=\"yoast-schema-graph\">{\"@context\":\"https:\\\/\\\/schema.org\",\"@graph\":[{\"@type\":\"WebPage\",\"@id\":\"https:\\\/\\\/watv.org\\\/vi\\\/overseas-visiting-group\\\/\",\"url\":\"https:\\\/\\\/watv.org\\\/vi\\\/overseas-visiting-group\\\/\",\"name\":\"\u0110o\u00e0n th\u0103m vi\u1ebfng c\u1ee7a c\u00e1c th\u00e1nh \u0111\u1ed3 n\u01b0\u1edbc ngo\u00e0i - H\u1ed9i Th\u00e1nh c\u1ee7a \u0110\u1ee9c Ch\u00faa Tr\u1eddi Hi\u1ec7p H\u1ed9i Truy\u1ec1n Gi\u00e1o Tin L\u00e0nh Th\u1ebf Gi\u1edbi\",\"isPartOf\":{\"@id\":\"https:\\\/\\\/watv.org\\\/vi\\\/#website\"},\"primaryImageOfPage\":{\"@id\":\"https:\\\/\\\/watv.org\\\/vi\\\/overseas-visiting-group\\\/#primaryimage\"},\"image\":{\"@id\":\"https:\\\/\\\/watv.org\\\/vi\\\/overseas-visiting-group\\\/#primaryimage\"},\"thumbnailUrl\":\"https:\\\/\\\/watv.org\\\/wp-content\\\/uploads\\\/2022\\\/06\\\/image-1.jpeg\",\"datePublished\":\"2019-01-16T05:51:02+00:00\",\"dateModified\":\"2022-06-27T11:31:21+00:00\",\"description\":\"\u0110o\u00e0n th\u0103m vi\u1ebfng c\u1ee7a c\u00e1c th\u00e1nh \u0111\u1ed3 n\u01b0\u1edbc ngo\u00e0i \u0111\u1ebfn H\u00e0n Qu\u1ed1c \u0111\u1ec3 g\u1eb7p \u0110\u1ee9c Ch\u00faa Tr\u1eddi.D\u1ea7u kh\u00e1c n\u01b0\u1edbc, kh\u00e1c ng\u00f4n ng\u1eef, kh\u00e1c v\u0103n h\u00f3a nh\u01b0ng v\u00ec l\u00e0 m\u1ed9t gia \u0111\u00ecnh ph\u1ea7n linh h\u1ed3n n\u00ean c\u00e1c th\u00e1nh \u0111\u1ed3 tr\u1edf n\u00ean m\u1ed9t trong t\u00ecnh y\u00eau \u1ea5m \u00e1p c\u1ee7a M\u1eb9.\",\"breadcrumb\":{\"@id\":\"https:\\\/\\\/watv.org\\\/vi\\\/overseas-visiting-group\\\/#breadcrumb\"},\"inLanguage\":\"vi-VN\",\"potentialAction\":[{\"@type\":\"ReadAction\",\"target\":[\"https:\\\/\\\/watv.org\\\/vi\\\/overseas-visiting-group\\\/\"]}]},{\"@type\":\"ImageObject\",\"inLanguage\":\"vi-VN\",\"@id\":\"https:\\\/\\\/watv.org\\\/vi\\\/overseas-visiting-group\\\/#primaryimage\",\"url\":\"https:\\\/\\\/watv.org\\\/wp-content\\\/uploads\\\/2022\\\/06\\\/image-1.jpeg\",\"contentUrl\":\"https:\\\/\\\/watv.org\\\/wp-content\\\/uploads\\\/2022\\\/06\\\/image-1.jpeg\",\"width\":1140,\"height\":712},{\"@type\":\"BreadcrumbList\",\"@id\":\"https:\\\/\\\/watv.org\\\/vi\\\/overseas-visiting-group\\\/#breadcrumb\",\"itemListElement\":[{\"@type\":\"ListItem\",\"position\":1,\"name\":\"Home\",\"item\":\"https:\\\/\\\/watv.org\\\/vi\\\/\"},{\"@type\":\"ListItem\",\"position\":2,\"name\":\"Tin L\u00e0nh th\u1ebf gi\u1edbi\",\"item\":\"https:\\\/\\\/watv.org\\\/vi\\\/world\\\/\"},{\"@type\":\"ListItem\",\"position\":3,\"name\":\"\u0110o\u00e0n th\u0103m vi\u1ebfng c\u1ee7a c\u00e1c th\u00e1nh \u0111\u1ed3 n\u01b0\u1edbc ngo\u00e0i\"}]},{\"@type\":\"WebSite\",\"@id\":\"https:\\\/\\\/watv.org\\\/vi\\\/#website\",\"url\":\"https:\\\/\\\/watv.org\\\/vi\\\/\",\"name\":\"H\u1ed9i Th\u00e1nh c\u1ee7a \u0110\u1ee9c Ch\u00faa Tr\u1eddi Hi\u1ec7p H\u1ed9i Truy\u1ec1n Gi\u00e1o Tin L\u00e0nh Th\u1ebf Gi\u1edbi\",\"description\":\"With Mother\u2019s heartwarming love, we deliver eternal happiness to seven billion people in the world.\",\"publisher\":{\"@id\":\"https:\\\/\\\/watv.org\\\/vi\\\/#organization\"},\"potentialAction\":[{\"@type\":\"SearchAction\",\"target\":{\"@type\":\"EntryPoint\",\"urlTemplate\":\"https:\\\/\\\/watv.org\\\/vi\\\/?s={search_term_string}\"},\"query-input\":{\"@type\":\"PropertyValueSpecification\",\"valueRequired\":true,\"valueName\":\"search_term_string\"}}],\"inLanguage\":\"vi-VN\"},{\"@type\":\"Organization\",\"@id\":\"https:\\\/\\\/watv.org\\\/vi\\\/#organization\",\"name\":\"World Mission Society Church of God - \ud558\ub098\ub2d8\uc758\uad50\ud68c \uc138\uacc4\ubcf5\uc74c\uc120\uad50\ud611\ud68c\",\"url\":\"https:\\\/\\\/watv.org\\\/vi\\\/\",\"logo\":{\"@type\":\"ImageObject\",\"inLanguage\":\"vi-VN\",\"@id\":\"https:\\\/\\\/watv.org\\\/vi\\\/#\\\/schema\\\/logo\\\/image\\\/\",\"url\":\"https:\\\/\\\/watv.org\\\/wp-content\\\/uploads\\\/2022\\\/06\\\/WorldMissionSociety_ChurchofGod_Symbol_Logo.png\",\"contentUrl\":\"https:\\\/\\\/watv.org\\\/wp-content\\\/uploads\\\/2022\\\/06\\\/WorldMissionSociety_ChurchofGod_Symbol_Logo.png\",\"width\":1001,\"height\":1331,\"caption\":\"World Mission Society Church of God - \ud558\ub098\ub2d8\uc758\uad50\ud68c \uc138\uacc4\ubcf5\uc74c\uc120\uad50\ud611\ud68c\"},\"image\":{\"@id\":\"https:\\\/\\\/watv.org\\\/vi\\\/#\\\/schema\\\/logo\\\/image\\\/\"},\"sameAs\":[\"https:\\\/\\\/www.youtube.com\\\/channel\\\/UCioiBk9rS5Dv5j66hUipsuQ\"]}]}<\/script>\n<!-- \/ Yoast SEO plugin. -->","yoast_head_json":{"title":"\u0110o\u00e0n th\u0103m vi\u1ebfng c\u1ee7a c\u00e1c th\u00e1nh \u0111\u1ed3 n\u01b0\u1edbc ngo\u00e0i - H\u1ed9i Th\u00e1nh c\u1ee7a \u0110\u1ee9c Ch\u00faa Tr\u1eddi Hi\u1ec7p H\u1ed9i Truy\u1ec1n Gi\u00e1o Tin L\u00e0nh Th\u1ebf Gi\u1edbi","description":"\u0110o\u00e0n th\u0103m vi\u1ebfng c\u1ee7a c\u00e1c th\u00e1nh \u0111\u1ed3 n\u01b0\u1edbc ngo\u00e0i \u0111\u1ebfn H\u00e0n Qu\u1ed1c \u0111\u1ec3 g\u1eb7p \u0110\u1ee9c Ch\u00faa Tr\u1eddi.D\u1ea7u kh\u00e1c n\u01b0\u1edbc, kh\u00e1c ng\u00f4n ng\u1eef, kh\u00e1c v\u0103n h\u00f3a nh\u01b0ng v\u00ec l\u00e0 m\u1ed9t gia \u0111\u00ecnh ph\u1ea7n linh h\u1ed3n n\u00ean c\u00e1c th\u00e1nh \u0111\u1ed3 tr\u1edf n\u00ean m\u1ed9t trong t\u00ecnh y\u00eau \u1ea5m \u00e1p c\u1ee7a M\u1eb9.","robots":{"index":"index","follow":"follow","max-snippet":"max-snippet:-1","max-image-preview":"max-image-preview:large","max-video-preview":"max-video-preview:-1"},"canonical":"https:\/\/watv.org\/vi\/overseas-visiting-group\/","og_locale":"vi_VN","og_type":"article","og_title":"\u0110o\u00e0n th\u0103m vi\u1ebfng c\u1ee7a c\u00e1c th\u00e1nh \u0111\u1ed3 n\u01b0\u1edbc ngo\u00e0i - H\u1ed9i Th\u00e1nh c\u1ee7a \u0110\u1ee9c Ch\u00faa Tr\u1eddi Hi\u1ec7p H\u1ed9i Truy\u1ec1n Gi\u00e1o Tin L\u00e0nh Th\u1ebf Gi\u1edbi","og_description":"\u0110o\u00e0n th\u0103m vi\u1ebfng c\u1ee7a c\u00e1c th\u00e1nh \u0111\u1ed3 n\u01b0\u1edbc ngo\u00e0i \u0111\u1ebfn H\u00e0n Qu\u1ed1c \u0111\u1ec3 g\u1eb7p \u0110\u1ee9c Ch\u00faa Tr\u1eddi.D\u1ea7u kh\u00e1c n\u01b0\u1edbc, kh\u00e1c ng\u00f4n ng\u1eef, kh\u00e1c v\u0103n h\u00f3a nh\u01b0ng v\u00ec l\u00e0 m\u1ed9t gia \u0111\u00ecnh ph\u1ea7n linh h\u1ed3n n\u00ean c\u00e1c th\u00e1nh \u0111\u1ed3 tr\u1edf n\u00ean m\u1ed9t trong t\u00ecnh y\u00eau \u1ea5m \u00e1p c\u1ee7a M\u1eb9.","og_url":"https:\/\/watv.org\/vi\/overseas-visiting-group\/","og_site_name":"H\u1ed9i Th\u00e1nh c\u1ee7a \u0110\u1ee9c Ch\u00faa Tr\u1eddi Hi\u1ec7p H\u1ed9i Truy\u1ec1n Gi\u00e1o Tin L\u00e0nh Th\u1ebf Gi\u1edbi","article_modified_time":"2022-06-27T11:31:21+00:00","og_image":[{"width":1140,"height":712,"url":"https:\/\/watv.org\/wp-content\/uploads\/2022\/06\/image-1.jpeg","type":"image\/jpeg"}],"twitter_card":"summary_large_image","schema":{"@context":"https:\/\/schema.org","@graph":[{"@type":"WebPage","@id":"https:\/\/watv.org\/vi\/overseas-visiting-group\/","url":"https:\/\/watv.org\/vi\/overseas-visiting-group\/","name":"\u0110o\u00e0n th\u0103m vi\u1ebfng c\u1ee7a c\u00e1c th\u00e1nh \u0111\u1ed3 n\u01b0\u1edbc ngo\u00e0i - H\u1ed9i Th\u00e1nh c\u1ee7a \u0110\u1ee9c Ch\u00faa Tr\u1eddi Hi\u1ec7p H\u1ed9i Truy\u1ec1n Gi\u00e1o Tin L\u00e0nh Th\u1ebf Gi\u1edbi","isPartOf":{"@id":"https:\/\/watv.org\/vi\/#website"},"primaryImageOfPage":{"@id":"https:\/\/watv.org\/vi\/overseas-visiting-group\/#primaryimage"},"image":{"@id":"https:\/\/watv.org\/vi\/overseas-visiting-group\/#primaryimage"},"thumbnailUrl":"https:\/\/watv.org\/wp-content\/uploads\/2022\/06\/image-1.jpeg","datePublished":"2019-01-16T05:51:02+00:00","dateModified":"2022-06-27T11:31:21+00:00","description":"\u0110o\u00e0n th\u0103m vi\u1ebfng c\u1ee7a c\u00e1c th\u00e1nh \u0111\u1ed3 n\u01b0\u1edbc ngo\u00e0i \u0111\u1ebfn H\u00e0n Qu\u1ed1c \u0111\u1ec3 g\u1eb7p \u0110\u1ee9c Ch\u00faa Tr\u1eddi.D\u1ea7u kh\u00e1c n\u01b0\u1edbc, kh\u00e1c ng\u00f4n ng\u1eef, kh\u00e1c v\u0103n h\u00f3a nh\u01b0ng v\u00ec l\u00e0 m\u1ed9t gia \u0111\u00ecnh ph\u1ea7n linh h\u1ed3n n\u00ean c\u00e1c th\u00e1nh \u0111\u1ed3 tr\u1edf n\u00ean m\u1ed9t trong t\u00ecnh y\u00eau \u1ea5m \u00e1p c\u1ee7a M\u1eb9.","breadcrumb":{"@id":"https:\/\/watv.org\/vi\/overseas-visiting-group\/#breadcrumb"},"inLanguage":"vi-VN","potentialAction":[{"@type":"ReadAction","target":["https:\/\/watv.org\/vi\/overseas-visiting-group\/"]}]},{"@type":"ImageObject","inLanguage":"vi-VN","@id":"https:\/\/watv.org\/vi\/overseas-visiting-group\/#primaryimage","url":"https:\/\/watv.org\/wp-content\/uploads\/2022\/06\/image-1.jpeg","contentUrl":"https:\/\/watv.org\/wp-content\/uploads\/2022\/06\/image-1.jpeg","width":1140,"height":712},{"@type":"BreadcrumbList","@id":"https:\/\/watv.org\/vi\/overseas-visiting-group\/#breadcrumb","itemListElement":[{"@type":"ListItem","position":1,"name":"Home","item":"https:\/\/watv.org\/vi\/"},{"@type":"ListItem","position":2,"name":"Tin L\u00e0nh th\u1ebf gi\u1edbi","item":"https:\/\/watv.org\/vi\/world\/"},{"@type":"ListItem","position":3,"name":"\u0110o\u00e0n th\u0103m vi\u1ebfng c\u1ee7a c\u00e1c th\u00e1nh \u0111\u1ed3 n\u01b0\u1edbc ngo\u00e0i"}]},{"@type":"WebSite","@id":"https:\/\/watv.org\/vi\/#website","url":"https:\/\/watv.org\/vi\/","name":"H\u1ed9i Th\u00e1nh c\u1ee7a \u0110\u1ee9c Ch\u00faa Tr\u1eddi Hi\u1ec7p H\u1ed9i Truy\u1ec1n Gi\u00e1o Tin L\u00e0nh Th\u1ebf Gi\u1edbi","description":"With Mother\u2019s heartwarming love, we deliver eternal happiness to seven billion people in the world.","publisher":{"@id":"https:\/\/watv.org\/vi\/#organization"},"potentialAction":[{"@type":"SearchAction","target":{"@type":"EntryPoint","urlTemplate":"https:\/\/watv.org\/vi\/?s={search_term_string}"},"query-input":{"@type":"PropertyValueSpecification","valueRequired":true,"valueName":"search_term_string"}}],"inLanguage":"vi-VN"},{"@type":"Organization","@id":"https:\/\/watv.org\/vi\/#organization","name":"World Mission Society Church of God - \ud558\ub098\ub2d8\uc758\uad50\ud68c \uc138\uacc4\ubcf5\uc74c\uc120\uad50\ud611\ud68c","url":"https:\/\/watv.org\/vi\/","logo":{"@type":"ImageObject","inLanguage":"vi-VN","@id":"https:\/\/watv.org\/vi\/#\/schema\/logo\/image\/","url":"https:\/\/watv.org\/wp-content\/uploads\/2022\/06\/WorldMissionSociety_ChurchofGod_Symbol_Logo.png","contentUrl":"https:\/\/watv.org\/wp-content\/uploads\/2022\/06\/WorldMissionSociety_ChurchofGod_Symbol_Logo.png","width":1001,"height":1331,"caption":"World Mission Society Church of God - \ud558\ub098\ub2d8\uc758\uad50\ud68c \uc138\uacc4\ubcf5\uc74c\uc120\uad50\ud611\ud68c"},"image":{"@id":"https:\/\/watv.org\/vi\/#\/schema\/logo\/image\/"},"sameAs":["https:\/\/www.youtube.com\/channel\/UCioiBk9rS5Dv5j66hUipsuQ"]}]}},"_links":{"self":[{"href":"https:\/\/watv.org\/vi\/wp-json\/wp\/v2\/pages\/10385","targetHints":{"allow":["GET"]}}],"collection":[{"href":"https:\/\/watv.org\/vi\/wp-json\/wp\/v2\/pages"}],"about":[{"href":"https:\/\/watv.org\/vi\/wp-json\/wp\/v2\/types\/page"}],"author":[{"embeddable":true,"href":"https:\/\/watv.org\/vi\/wp-json\/wp\/v2\/users\/21"}],"replies":[{"embeddable":true,"href":"https:\/\/watv.org\/vi\/wp-json\/wp\/v2\/comments?post=10385"}],"version-history":[{"count":2,"href":"https:\/\/watv.org\/vi\/wp-json\/wp\/v2\/pages\/10385\/revisions"}],"predecessor-version":[{"id":62868,"href":"https:\/\/watv.org\/vi\/wp-json\/wp\/v2\/pages\/10385\/revisions\/62868"}],"up":[{"embeddable":true,"href":"https:\/\/watv.org\/vi\/wp-json\/wp\/v2\/pages\/10377"}],"wp:featuredmedia":[{"embeddable":true,"href":"https:\/\/watv.org\/vi\/wp-json\/wp\/v2\/media\/62382"}],"wp:attachment":[{"href":"https:\/\/watv.org\/vi\/wp-json\/wp\/v2\/media?parent=10385"}],"curies":[{"name":"wp","href":"https:\/\/api.w.org\/{rel}","templated":true}]}}